{"id":136,"date":"2024-12-26T19:55:34","date_gmt":"2024-12-26T19:55:34","guid":{"rendered":"https:\/\/thesacredvalley.com\/br\/?page_id=136"},"modified":"2025-01-08T15:31:19","modified_gmt":"2025-01-08T15:31:19","slug":"politicas-privacidade","status":"publish","type":"page","link":"https:\/\/thesacredvalley.com\/br\/politicas-privacidade\/","title":{"rendered":"Pol\u00edticas de privacidade em The Sacred Valley"},"content":{"rendered":"<div class=\"vs-content\">\n<div class=\"ts-prose vs-content__full\">\n<h1 class=\"text-center\">Pol\u00edticas de privacidade em The Sacred Valley<\/h1>\n<p class=\"text-justify\">TheSacredValley.com se preocupa com a seguran\u00e7a pessoal e privacidade de todos os clientes. Neste documento mostraremos todos os detalhes de como s\u00e3o utilizados os dados que o cliente deixa ao fazer a reserva. Os dados pessoais ser\u00e3o utilizados apenas para fins espec\u00edficos que detalharemos a seguir.<\/p>\n<div class=\"listadvice\">\n<div class=\"scat\">\n<div class=\"scat__intro\">\n<h2>Entidade respons\u00e1vel pela recolha de dados<\/h2>\n<p class=\"text-justify\">A entidade respons\u00e1vel pela encomenda dos dados no momento da realiza\u00e7\u00e3o de reservas em TheSacredValley.com \u00e9:<\/p>\n<p class=\"text-justify\">Machupicchu Terra SRL localizada na Calle Recoleta Angosta 208 \u2013 Cusco \u2013 Peru.<\/p>\n<p class=\"text-justify\">Se a informa\u00e7\u00e3o n\u00e3o estiver clara ou necessitar de esclarecimentos sobre algum assunto, pode escrever-nos para <a href=\"mailto:info@machupicchuterra.com\">info@machupicchuterra.com<\/a>. seguir mostraremos os detalhes da coleta das informa\u00e7\u00f5es que chegam \u00e0 nossa plataforma virtual ao navegar e registrar uma reserva.<\/p>\n<\/p><\/div>\n<\/p><\/div>\n<div class=\"scat\">\n<div class=\"scat__intro\">\n<h2>Prote\u00e7\u00e3o de dados<\/h2>\n<p class=\"text-justify\">Os dados registrados ao navegar em TheSacredValley.com s\u00e3o registrados em nosso sistema. Neste sentido, com o objetivo de proteger nossos usu\u00e1rios e tamb\u00e9m gerar informa\u00e7\u00f5es transparentes, <strong>este documento mostra os dados que ficam registrados em nossos sistemas durante a navega\u00e7\u00e3o.<\/strong> Veremos tudo isso a seguir.<\/p>\n<\/p><\/div>\n<\/p><\/div>\n<div class=\"scat\">\n<div class=\"scat__intro\">\n<h2>Coleta autom\u00e1tica de dados<\/h2>\n<p class=\"text-justify\">TheSacredValley.com, sendo uma plataforma virtual de acesso gratuito. Permite a navega\u00e7\u00e3o de usu\u00e1rios ou clientes de diversas partes do mundo. Ao nos localizar como site, \u00e9 poss\u00edvel que a navega\u00e7\u00e3o seja realizada a partir de diversos dispositivos. Este ato emitir\u00e1 informa\u00e7\u00f5es sobre nossos dados de forma imediata e autom\u00e1tica. A fun\u00e7\u00e3o autom\u00e1tica deste processo \u00e9 que s\u00e3o requisitos t\u00e9cnicos e de programa\u00e7\u00e3o. <strong>Os dados registrados automaticamente s\u00e3o:<\/strong><\/p>\n<ul class=\"text-justify\">\n<li>A navega\u00e7\u00e3o que voc\u00ea realiza no TheSacredValley.com, ou seja, a URL da p\u00e1gina.<\/li>\n<li>Da mesma forma, a data e a hora da entrada ser\u00e3o registradas.<\/li>\n<\/ul>\n<p><strong>Os dados registrados nos auxiliam nas seguintes tarefas:<\/strong><\/p>\n<ul class=\"text-justify\">\n<li>Regula\u00e7\u00e3o de dados, para oferecer um servi\u00e7o muito mais r\u00e1pido. Ou seja, o acesso ao site \u00e9 distribu\u00eddo e adaptado em diversos dispositivos para evitar atrasos no carregamento.<\/li>\n<li>Os dados recolhidos permitem-nos proteger os nossos pr\u00f3prios sistemas de seguran\u00e7a e navega\u00e7\u00e3o. Isto \u00e9 para evitar ataques diretos, simult\u00e2neos ou regulamentados.<\/li>\n<li>Para que a plataforma virtual, os sistemas e mais condi\u00e7\u00f5es t\u00e9cnicas funcionem corretamente.<\/li>\n<li>Os dados coletados tamb\u00e9m servem como seguran\u00e7a e geram base legal. Isto \u00e9 para casos de suspeita de fraude e crimes.<\/li>\n<li>No caso do endere\u00e7o IP de clientes e usu\u00e1rios gratuitos que navegam em TheSacredValley.com, ele \u00e9 armazenado apenas por 14 meses.<\/li>\n<li>O endere\u00e7o IP apenas nos mostra que a navega\u00e7\u00e3o ocorreu em condi\u00e7\u00f5es ideais. Isso significa que nossa plataforma virtual n\u00e3o est\u00e1 sendo violada.<\/li>\n<\/ul><\/div>\n<\/p><\/div>\n<div class=\"scat\">\n<div class=\"scat__intro\">\n<h2>Dados registados no momento do registo de uma reserva<\/h2>\n<p class=\"text-justify\">Os dados necess\u00e1rios para registar uma reserva por pessoa s\u00e3o:<\/p>\n<ul>\n<li>Sobrenomes e nomes.<\/li>\n<li>E-mail.<\/li>\n<li>N\u00famero de telefone e WhatsApp.<\/li>\n<li>N\u00famero do passaporte.<\/li>\n<li>N\u00famero do documento de identidade.<\/li>\n<li>Idade. <\/li>\n<\/ul>\n<p class=\"text-justify\">Por outro lado, TheSacredValley.com n\u00e3o requer uma conta ou registo pr\u00e9vio ao utilizar ou registar uma reserva. Todo o processo de navega\u00e7\u00e3o, reserva e demais processos s\u00e3o totalmente gratuitos e de acesso aberto.<\/p>\n<\/p><\/div>\n<\/p><\/div>\n<div class=\"scat\">\n<div class=\"scat__intro\">\n<h2>Sobre atendimento ao cliente<\/h2>\n<p class=\"text-justify\">Nossos servi\u00e7os s\u00e3o apresentados apenas atrav\u00e9s da plataforma virtual <a href=\"https:\/\/thesacredvalley.com\/br\/\">thesacredvalley.com\/br<\/a>. Estabelecer comunica\u00e7\u00e3o adequada com usu\u00e1rios e clientes interessados \u200b\u200bem viagens ao Vale Sagrado dos Incas, atrav\u00e9s de nossa ag\u00eancia. Poderemos nos comunicar atrav\u00e9s de cadastro, e-mail e WhatsApp.<\/p>\n<ul class=\"text-justify\">\n<li><strong>Sobre o host ou hospedagem do nosso site<\/strong><\/li>\n<\/ul>\n<ul class=\"text-justify\" style=\"list-style: none;\">\n<li>Nosso site, como todos eles, est\u00e1 dentro dos servi\u00e7os de armazenamento. <strong>Nesse caso, TheSacredValley.com registra seus dados na Amazon Web Services (AWS)<\/strong>.<\/li>\n<li>Confiamos neste servi\u00e7o pelo seu sistema sofisticado porque, como referimos acima, permite-nos conhecer os dados estat\u00edsticos e an\u00e1lises fornecidas pela pr\u00f3pria AWS.<\/li>\n<li>Da mesma forma, a AWS possui regulamentos pr\u00f3prios que s\u00e3o regidos por leis de privacidade.<\/li>\n<li><strong>Por outro lado, TheSacredValley.com utiliza recursos de outras m\u00eddias<\/strong> como WhatsApp (para respostas e d\u00favidas imediatas), e-mail e nossa plataforma digital ou site. Enquanto para confirmar uma reserva faremos isso a partir da plataforma Gmail.<\/li>\n<\/ul><\/div>\n<\/p><\/div>\n<div class=\"scat\">\n<div class=\"scat__intro\">\n<h2>Sobre o uso de Cookies<\/h2>\n<p class=\"text-justify\">Nossos servi\u00e7os tamb\u00e9m utilizam alguns cookies para que as fun\u00e7\u00f5es desempenhadas pelos usu\u00e1rios sejam registradas e possamos conhecer as informa\u00e7\u00f5es espec\u00edficas dos usu\u00e1rios. Os cookies funcionar\u00e3o apenas como pequenos aditivos que o ajudar\u00e3o a navegar mais facilmente no nosso website. Da mesma forma, os cookies tamb\u00e9m funcionam como fonte de prote\u00e7\u00e3o dos nossos recursos.<\/p>\n<\/p><\/div>\n<\/p><\/div>\n<\/p><\/div>\n<\/p><\/div>\n<\/div>\n","protected":false},"excerpt":{"rendered":"<p>Pol\u00edticas de privacidade em The Sacred Valley TheSacredValley.com se preocupa com a seguran\u00e7a pessoal e privacidade de todos os clientes. Neste documento mostraremos todos os detalhes de como s\u00e3o utilizados os dados que o cliente deixa ao fazer a reserva. Os dados pessoais ser\u00e3o utilizados apenas para fins espec\u00edficos que detalharemos a seguir. Entidade respons\u00e1vel [&hellip;]<\/p>\n","protected":false},"author":1,"featured_media":0,"parent":0,"menu_order":0,"comment_status":"closed","ping_status":"closed","template":"","meta":{"footnotes":""},"class_list":["post-136","page","type-page","status-publish","hentry","wpautop"],"aioseo_notices":[],"_links":{"self":[{"href":"https:\/\/thesacredvalley.com\/br\/wp-json\/wp\/v2\/pages\/136"}],"collection":[{"href":"https:\/\/thesacredvalley.com\/br\/wp-json\/wp\/v2\/pages"}],"about":[{"href":"https:\/\/thesacredvalley.com\/br\/wp-json\/wp\/v2\/types\/page"}],"author":[{"embeddable":true,"href":"https:\/\/thesacredvalley.com\/br\/wp-json\/wp\/v2\/users\/1"}],"replies":[{"embeddable":true,"href":"https:\/\/thesacredvalley.com\/br\/wp-json\/wp\/v2\/comments?post=136"}],"version-history":[{"count":6,"href":"https:\/\/thesacredvalley.com\/br\/wp-json\/wp\/v2\/pages\/136\/revisions"}],"predecessor-version":[{"id":220,"href":"https:\/\/thesacredvalley.com\/br\/wp-json\/wp\/v2\/pages\/136\/revisions\/220"}],"wp:attachment":[{"href":"https:\/\/thesacredvalley.com\/br\/wp-json\/wp\/v2\/media?parent=136"}],"curies":[{"name":"wp","href":"https:\/\/api.w.org\/{rel}","templated":true}]}}