{"id":140,"date":"2024-12-26T20:10:05","date_gmt":"2024-12-26T20:10:05","guid":{"rendered":"https:\/\/thesacredvalley.com\/br\/?page_id=140"},"modified":"2026-01-21T15:47:44","modified_gmt":"2026-01-21T15:47:44","slug":"contato-sacred-valley","status":"publish","type":"page","link":"https:\/\/thesacredvalley.com\/br\/contato-sacred-valley\/","title":{"rendered":"Contato The Sacred Valley"},"content":{"rendered":"<div class=\"vs-content\">\n<div class=\"ts-prose vs-content__full\">\n<h1 class=\"text-center\">Contato The Sacred Valley<\/h1>\n<p class=\"text-justify\">The Sacred Valley \u00e9 uma plataforma digital que pertence a Machupicchu Terra. Est\u00e1 localizado na cidade de Cusco. \u00c9 uma ag\u00eancia de viagens com licen\u00e7a de funcionamento declarada pelo Minist\u00e9rio da Cultura. Al\u00e9m disso, est\u00e1 em opera\u00e7\u00e3o h\u00e1 mais de 10 anos.<\/p>\n<div class=\"listadvice\">\n<div class=\"scat\">\n<div class=\"scat__intro\">\n<h2>Linha do tempo de Machupicchu Terra<\/h2>\n<ul>\n<li>No final de 2013, Machupicchu Terra foi oficialmente fundada.<\/li>\n<li>Durante 2014 foi criado o site e plataforma digital do Ingresso Machu Picchu.<\/li>\n<li>Em 2015 passou a operar a partir de um escrit\u00f3rio central em Cusco \u2013 Peru.<\/li>\n<li>Como forma de agregar mais servi\u00e7os em 2016, foram acrescentadas as rotas de caminhada da Trilha Inca de 2 e 4 dias. Da mesma forma a rota do Salkantay Trek, Lares Trek e muito mais.<\/li>\n<li>Gra\u00e7as a diversas equipes de trabalho, conseguiu consolidar e superar a pandemia da COVID-19.<\/li>\n<li>Desde 2021 foram criadas novas p\u00e1ginas como Imachupicchu, p\u00e1ginas dedicadas a todas as informa\u00e7\u00f5es sobre Machu Picchu, entre outras que nos permitem oferecer todos os servi\u00e7os necess\u00e1rios para chegar a Machu Picchu.<\/li>\n<li><strong>Assim, em 2024 ser\u00e1 lan\u00e7ada a p\u00e1gina TheSacredValley.com<\/strong>, dedicada exclusivamente \u00e0s diversas experi\u00eancias oferecidas no belo Vale Sagrado dos Incas.<\/li>\n<li>Saiba mais sobre Machupicchu Terra: <a href=\"https:\/\/www.machupicchuterra.com\/br\/sobre-nos\/\">Sobre n\u00f3s<\/a>.<\/li>\n<\/ul><\/div>\n<\/p><\/div>\n<\/p><\/div>\n<div class=\"listadvice\">\n<div class=\"scat\">\n<div class=\"scat__intro\">\n<h2>Entre em contato com TheSacredValley.com<\/h2>\n<p class=\"text-justify\">Se voc\u00ea tiver interesse em viajar pelo Vale Sagrado dos Incas em Cusco, pode solicitar informa\u00e7\u00f5es e at\u00e9 falar com um de nossos assessores. As m\u00eddias s\u00e3o as seguintes:<\/p>\n<p class=\"text-justify\">Para se comunicar conosco e com consultores de viagens:<\/p>\n<ul>\n<li>WhatsApp:\n<ul>\n<li>(+51) 932 222 271<\/li>\n<li>(+51) 994 349 441<\/li>\n<\/ul>\n<\/li>\n<li>E-mail:\n<ul>\n<li><a href=\"mailto:info@machupicchuterra.com\">info@machupicchuterra.com<\/a><\/li>\n<\/ul>\n<\/li>\n<\/ul>\n<p class=\"text-justify\">Redes sociais de Machupicchu Terra:<\/p>\n<ul>\n<li>Facebook: <a href=\"https:\/\/www.facebook.com\/Machupicchuterraoficial\/\">Machupicchuterraoficial<\/a><\/li>\n<li>Instagram: <a href=\"https:\/\/www.instagram.com\/MACHUPICCHU_TERRA\/\">MACHUPICCHU_TERRA<\/a><\/li>\n<li>Tik Tok: <a href=\"https:\/\/www.tiktok.com\/@machupicchuterra\">@machupicchuterra<\/a><\/li>\n<li>YouTube: <a href=\"https:\/\/www.youtube.com\/@IMachupicchu\">@IMachupicchu<\/a><\/li>\n<\/ul><\/div>\n<\/p><\/div>\n<\/p><\/div>\n<div class=\"listadvice\">\n<div class=\"scat\">\n<div class=\"scat__intro\">\n<h2>Escrit\u00f3rios em Cusco<\/h2>\n<p class=\"text-justify\">Rua Recoleta Angosta #208 Cusco \u2013 Peru<\/p>\n<\/p><\/div>\n<\/p><\/div>\n<\/p><\/div>\n<div class=\"listadvice\">\n<div class=\"scat\">\n<div class=\"scat__intro\">\n<h2>Viagens personalizadas por TheSacredValley.com<\/h2>\n<p class=\"text-justify\">Aproveite nossos servi\u00e7os personalizados em Cusco, Vale Sagrado dos Incas e tamb\u00e9m Machu Picchu, basta entrar em contato conosco. Seja atrav\u00e9s do nosso site, WhatsApp ou e-mail. Ambos os meios de comunica\u00e7\u00e3o ser\u00e3o utilizados para que voc\u00ea possa deixar poss\u00edveis datas de viagem, planos, d\u00favidas e consultas.<\/p>\n<p class=\"text-justify\">Qualquer uma das experi\u00eancias que voc\u00ea decidir fazer em Cusco e no Vale Sagrado dos Incas \u00e9 uma excelente op\u00e7\u00e3o porque tem muito a oferecer. Temos certeza que com nossos conselhos voc\u00ea encontrar\u00e1 a melhor forma de passar f\u00e9rias adequadas.<\/p>\n<p class=\"text-justify\">Voc\u00ea pode conhecer mais sobre os servi\u00e7os que oferecemos em nossa ag\u00eancia de viagens visitando:<\/p>\n<ul>\n<li><strong>Depoimentos de nossos clientes:<\/strong><\/li>\n<\/ul>\n<ul>\n<li>TripAdvisor: <a href=\"https:\/\/www.tripadvisor.pt\/Attraction_Review-g294314-d5929777-Reviews-Machupicchu_Terra-Cusco_Cusco_Region.html\">Reviews Machupicchu Terra<\/a><\/li>\n<li>MachuPicchu Terra \u2013 <a href=\"https:\/\/www.machupicchuterra.com\/br\/testemunhos\/\">Depoimentos<\/a><\/li>\n<li>Avalia\u00e7\u00f5es do Google: <a href=\"https:\/\/www.google.com\/search?q=machupicchu+terra&#038;sca_esv=a5eb3d1e7cbb0edf&#038;sxsrf=ADLYWIK6vylBjRZUidtpgVH7KQg6fMXvkQ%3A1729779605075&#038;source=hp&#038;ei=lFcaZ5zWOY_l1sQP3c_U6Qw&#038;iflsig=AL9hbdgAAAAAZxplpbQySFScMPXiPUa4Pe_6waci9sEi&#038;ved=0ahUKEwic8JGXm6eJAxWPspUCHd0nNc0Q4dUDCBc&#038;uact=5&#038;oq=machupicchu+terra&#038;gs_lp=Egdnd3Mtd2l6IhFtYWNodXBpY2NodSB0ZXJyYTIQEC4YgAQYxwEYJxiKBRivATIEECMYJzIEECMYJzIEECMYJzIHEAAYgAQYCjIHEAAYgAQYCjIHEAAYgAQYCjIFEAAYgAQyBxAAGIAEGAoyBxAAGIAEGAoyHRAuGIAEGMcBGIoFGK8BGJcFGNwEGN4EGOAE2AEBSL4ZUKAEWIMYcAF4AJABAZgBnQKgAYcUqgEGMC4xMi4zuAEDyAEA-AEBmAIPoALfEqgCFMICBxAjGCcY6gLCAhYQABgDGLQCGOUCGOoCGIwDGI8B2AEBwgIWEC4YAxi0AhjlAhjqAhiMAxiPAdgBAcICChAjGIAEGCcYigXCAgoQABiABBhDGIoFwgISEC4YgAQYQxjHARiKBRgKGK8BwgIMEAAYgAQYQxiKBRgKwgINEAAYgAQYsQMYQxiKBcICDBAuGIAEGEMYigUYCsICCBAAGIAEGLEDwgIOEC4YgAQYsQMYxwEYrwHCAggQLhiABBixA8ICChAAGIAEGBQYhwLCAg0QLhiABBjHARgKGK8BwgIFEC4YgATCAhMQLhiABBixAxhDGMcBGIoFGK8BwgIKEAAYgAQYsQMYCsICCxAuGIAEGMcBGK8BwgIKEAAYFhgKGB4YD8ICBhAAGBYYHpgDCLoGBggBEAEYC5IHBjEuMTIuMqAH_4QC&#038;sclient=gws-wiz#lrd=0x916dd5e23582e10b:0x47b9bd4b0a14aaf0,1,,,,&#038;mpd=~1009382526890781976\/customers\/reviews\">Reviews Machupicchu Terra<\/a><\/li>\n<\/ul><\/div>\n<\/p><\/div>\n<\/p><\/div>\n<div class=\"listadvice\">\n<div class=\"scat\">\n<div class=\"scat__intro\">\n<h2>Sobre TheSacredValley.com<\/h2>\n<p class=\"text-justify\">Queremos mostrar aos milhares de visitantes que trabalhamos constantemente para melhorar e prestar melhores servi\u00e7os a todos aqueles que desejam visitar o Vale Sagrado dos Incas. \u00c9 por isso que lhe deixamos a nossa vis\u00e3o e miss\u00e3o.<\/p>\n<\/p><\/div>\n<\/p><\/div>\n<\/p><\/div>\n<div class=\"listadvice\">\n<div class=\"scat\">\n<div class=\"scat__intro\">\n<h2>Miss\u00e3o<\/h2>\n<p class=\"text-justify\">Oferecer um site est\u00e1vel e f\u00e1cil de navegar com todas as informa\u00e7\u00f5es sobre viagens no Vale Sagrado dos Incas. <strong>Para isso, nos dedicamos a oferecer uma interface simples, segura e de f\u00e1cil acesso para compra de passeios e pacotes tur\u00edsticos<\/strong>. Da mesma forma, oferecemos uma variedade de servi\u00e7os, destacando sempre o nosso compromisso com os milhares de turistas que chegam ao nosso territ\u00f3rio. Por isso, estaremos sempre gerando informa\u00e7\u00f5es, documentos, mapas e muito mais conte\u00fados relacionados \u00e0s viagens no Vale Sagrado dos Incas.<\/p>\n<\/p><\/div>\n<\/p><\/div>\n<\/p><\/div>\n<div class=\"listadvice\">\n<div class=\"scat\">\n<div class=\"scat__intro\">\n<h2>Vis\u00e3o<\/h2>\n<p class=\"text-justify\">Ser uma das melhores plataformas para que turistas, clientes e usu\u00e1rios em geral tenham f\u00e1cil acesso \u00e0s informa\u00e7\u00f5es sobre viagens ao Vale Sagrado. <strong>Da mesma forma, continue melhorando as experi\u00eancias nos passeios no Vale Sagrado<\/strong>. Para isso, buscaremos melhorar os servi\u00e7os, atualizar as informa\u00e7\u00f5es com novas descobertas e tamb\u00e9m com treinamento constante de nossas equipes de trabalho e colaboradores em geral. Aperfei\u00e7oando assim cada um de nossos passeios ao Vale Sagrado dos Incas.<\/p>\n<\/p><\/div>\n<\/p><\/div>\n<\/p><\/div>\n<div class=\"listadvice\">\n<div class=\"scat\">\n<div class=\"scat__intro\">\n<h2>Por que viajar com TheSacredValley.com?<\/h2>\n<p class=\"text-justify\">Contamos com o apoio de uma das melhores ag\u00eancias de turismo de Cusco. Al\u00e9m disso, possui a autoriza\u00e7\u00e3o necess\u00e1ria para oferecer a venda de diversos servi\u00e7os. Esta autoriza\u00e7\u00e3o \u00e9 certificada tanto pelo Minist\u00e9rio da Cultura do Peru quanto pela Dire\u00e7\u00e3o Regional de Cultura de Cusco.<\/p>\n<p class=\"text-justify\">Os pre\u00e7os que oferecemos s\u00e3o mais do que competitivos em rela\u00e7\u00e3o a todos os servi\u00e7os que oferecemos. <strong>No TheSacredValley.com optamos por oferecer experi\u00eancias seguras e inesquec\u00edveis<\/strong>. Queremos que cada um dos clientes ou utilizadores que decidam viajar connosco tenha uma estadia agrad\u00e1vel, por isso oferecemos servi\u00e7os completos para garantir a integridade dos milhares de turistas que nos contactam.<\/p>\n<p class=\"text-justify\">Para garantir a confian\u00e7a dos nossos clientes, contamos com uma ag\u00eancia em Cusco. S\u00e3o todas as equipes encarregadas de viabilizar o funcionamento do TheSacredValley.com. Todos eles formados em diversas \u00e1reas onde se destacar\u00e1 a nossa \u00e1rea de turismo, idiomas, tecnologias e outros profissionais que nos ajudam a atingir nosso objetivo.<\/p>\n<p class=\"text-justify\"><b>Qual \u00e9 o nosso objetivo?<\/b> Ser uma plataforma digital onde usu\u00e1rios de todo o mundo possam encontrar todos os servi\u00e7os necess\u00e1rios para realizar sua viagem pelo Vale Sagrado dos Incas. Da mesma forma, continue com a seguran\u00e7a e integridade que caracteriza o nosso site. Por isso, oferecemos diversos m\u00e9todos de pagamento e tamb\u00e9m oferecemos meios de contato imediato.<\/p>\n<\/p><\/div>\n<\/p><\/div>\n<\/p><\/div>\n<div class=\"vs-tour-presup__content\">\n<div class=\"vs-tour-presup__disc ts-mask-top\">\n<div class=\"vs-tour-presup__left\">\n<h2 class=\"vs-tour-presup__til\">Esta nova aventura come\u00e7a no Vale Sagrado de Cusco<\/h2>\n<p class=\"text-justify\">Ao entrar em contato com TheSacredValley.com, um especialista na rota do Vale Sagrado responder\u00e1 a todas as suas perguntas. Gra\u00e7as aos nossos roteiros e equipamentos como transporte, guias e mais servi\u00e7os; Voc\u00ea pode ter uma das melhores viagens em Cusco. Lembre-se de que voc\u00ea pode personalizar sua experi\u00eancia.<\/p>\n<\/p><\/div>\n<p>                <a class=\"vs-tour-presup__link\" href=\"https:\/\/thesacredvalley.com\/br\/contato\/\" target=\"_self\" rel=\"noopener\">QUERO RESERVAR AGORA!<\/a>\n            <\/div>\n<\/p><\/div>\n<\/p><\/div>\n<\/div>\n","protected":false},"excerpt":{"rendered":"<p>Contato The Sacred Valley The Sacred Valley \u00e9 uma plataforma digital que pertence a Machupicchu Terra. Est\u00e1 localizado na cidade de Cusco. \u00c9 uma ag\u00eancia de viagens com licen\u00e7a de funcionamento declarada pelo Minist\u00e9rio da Cultura. Al\u00e9m disso, est\u00e1 em opera\u00e7\u00e3o h\u00e1 mais de 10 anos. Linha do tempo de Machupicchu Terra No final de [&hellip;]<\/p>\n","protected":false},"author":1,"featured_media":0,"parent":0,"menu_order":0,"comment_status":"closed","ping_status":"closed","template":"","meta":{"footnotes":""},"class_list":["post-140","page","type-page","status-publish","hentry","wpautop"],"aioseo_notices":[],"_links":{"self":[{"href":"https:\/\/thesacredvalley.com\/br\/wp-json\/wp\/v2\/pages\/140"}],"collection":[{"href":"https:\/\/thesacredvalley.com\/br\/wp-json\/wp\/v2\/pages"}],"about":[{"href":"https:\/\/thesacredvalley.com\/br\/wp-json\/wp\/v2\/types\/page"}],"author":[{"embeddable":true,"href":"https:\/\/thesacredvalley.com\/br\/wp-json\/wp\/v2\/users\/1"}],"replies":[{"embeddable":true,"href":"https:\/\/thesacredvalley.com\/br\/wp-json\/wp\/v2\/comments?post=140"}],"version-history":[{"count":8,"href":"https:\/\/thesacredvalley.com\/br\/wp-json\/wp\/v2\/pages\/140\/revisions"}],"predecessor-version":[{"id":382,"href":"https:\/\/thesacredvalley.com\/br\/wp-json\/wp\/v2\/pages\/140\/revisions\/382"}],"wp:attachment":[{"href":"https:\/\/thesacredvalley.com\/br\/wp-json\/wp\/v2\/media?parent=140"}],"curies":[{"name":"wp","href":"https:\/\/api.w.org\/{rel}","templated":true}]}}