{"id":146,"date":"2024-12-26T20:16:58","date_gmt":"2024-12-26T20:16:58","guid":{"rendered":"https:\/\/thesacredvalley.com\/br\/?page_id=146"},"modified":"2025-01-08T15:05:47","modified_gmt":"2025-01-08T15:05:47","slug":"depoimentos","status":"publish","type":"page","link":"https:\/\/thesacredvalley.com\/br\/depoimentos\/","title":{"rendered":"Depoimentos &#8211; The Sacred Valley"},"content":{"rendered":"<div class=\"vs-content\">\n<div class=\"ts-prose vs-content__full\">\n<h1 class=\"text-center\">Saiba mais sobre nossos servi\u00e7os com Depoimentos<\/h1>\n<p>TheSacredValley.com busca se consolidar como a melhor ag\u00eancia de turismo para fazer viagens ao Vale Sagrado e tamb\u00e9m conectar-se com viagens a Machu Picchu. \u00c9 por isso que mostramos todos os depoimentos que conseguimos recolher ao longo dos servi\u00e7os realizados. Voc\u00ea tamb\u00e9m poder\u00e1 apreciar os coment\u00e1rios e avalia\u00e7\u00f5es que recebemos no TripAdvisor e no Google. Por fim, aprecie nossa galeria com nossos clientes e viajantes pelos principais destinos do Vale Sagrado e Machu Picchu. Esperamos que voc\u00ea n\u00e3o tenha mais d\u00favidas e que viaje conosco.<\/p>\n<div class=\"listadvice\">\n<div class=\"scat\">\n                <section class=\"entry p-2-0 mt-testimonials-box\" data-random=\"false\" data-categories=\"1,2,3\" data-type=\"all\" data-language='newer'>\n\t\t\t\t<div class=\"mtc-filters\">\n\t\t\t<div class=\"tags-filter servicios-filter\">\n\t\t\t\t\t\t\t\t\t<p class=\"mb-10\">\n\t\t\t\t\t\t<b>Choose a service to search in the comments<\/b>\n\t\t\t\t\t<\/p>\n\t\t\t\t\t<div class=\"mt_filter_for_category flex flex-wrap\">\n\t\t\t\t\t\t\t\t\t\t\t\t\t<label class=\"relative input-check btn tab mb-2 text-center\">\n\t\t\t\t\t\t\t\t<input class=\"opacity-0 absolute w-full h-full top-0 left-0\" type=\"checkbox\" name=\"mt_categories[]\" value=\"1\"\/>\n\t\t\t\t\t\t\t\t<i class=\"mkicon-vallesagrado brandquick-tileitem text-3xl\"><\/i>\n\t\t\t\t\t\t\t\t<div class=\"servicio-name\">Tour Valle Sagrado <\/div>\n\t\t\t\t\t\t\t<\/label>\n\t\t\t\t\t\t\t\t\t\t\t\t\t<label class=\"relative input-check btn tab mb-2 text-center\">\n\t\t\t\t\t\t\t\t<input class=\"opacity-0 absolute w-full h-full top-0 left-0\" type=\"checkbox\" name=\"mt_categories[]\" value=\"2\"\/>\n\t\t\t\t\t\t\t\t<i class=\"mkicon-moray brandquick-tileitem text-3xl\"><\/i>\n\t\t\t\t\t\t\t\t<div class=\"servicio-name\">Tour a Maras y Moray<\/div>\n\t\t\t\t\t\t\t<\/label>\n\t\t\t\t\t\t\t\t\t\t\t<\/div>\n\n\t\t\t\t\t\t\t<\/div>\n\t\t\t<hr\/>\n\t\t\t<div class=\"resultados block md:flex justify-between items-center\">\n\t\t\t\t<div class=\"numero-resultados mt-5\">\n\t\t\t\t\t<span class=\"mt_total card-tag card-tag text-2xl\">0<\/span>\n\t\t\t\t\t<span class=\"text-2xl font-bold text-primary-800\">Testimonials<\/span>\n\t\t\t\t<\/div>\n\t\t\t\t<div class=\"mt-5 order-filter\">\n\t\t\t\t\t<b>Order by:<\/b>\n\t\t\t\t\t<select class=\"select_language\" data-more=\"0\">\n\t\t\t\t\t\t<option value=\"oldest\">oldest<\/option>\n\t\t\t\t\t\t\t\t\t\t\t\t\t<option value=\"newer\">newer<\/option>\n\t\t\t\t\t\t\t<option value=\"random\" selected>Random<\/option>\n\t\t\t\t\t\t\t\t\t\t\t<\/select>\n\t\t\t\t<\/div>\n\t\t\t<\/div>\n\t\t<\/div>\n\t\t\t\t<div class=\"mtc-comentarios\">\n\t\t\t<div class=\"mt_testimonials_videos_list py-5 wrapper-4\" data-paginate=\"4\" data-initial=\"8\"><\/div>\n\t\t\t<div class=\"mt_pagination_videos mt-pagination justify-between items-center\"><\/div>\n\t\t<\/div>\n\n\t\t\t\t<div class=\"mtc-comentarios\">\n\t\t\t<div class=\"mt_testimonials_audios_list py-5 wrapper-4\" data-paginate=\"4\" data-initial=\"8\"><\/div>\n\t\t\t<div class=\"mt_pagination_audios mt-pagination justify-between items-center\"><\/div>\n\t\t<\/div>\n\n\t\t\t\t<div class=\"mtc-comentarios\">\n\t\t\t<div class=\"mt_testimonials_list\" data-paginate=\"20\" data-initial=\"50\"><\/div>\n\t\t\t<div class=\"mt_pagination_texts mt-pagination justify-between items-center\"><\/div>\n\t\t<\/div>\n\n\t\n\t\t<\/section>\n\n            <\/div>\n<\/p><\/div>\n<\/p><\/div>\n<\/div>\n","protected":false},"excerpt":{"rendered":"<p>Saiba mais sobre nossos servi\u00e7os com Depoimentos TheSacredValley.com busca se consolidar como a melhor ag\u00eancia de turismo para fazer viagens ao Vale Sagrado e tamb\u00e9m conectar-se com viagens a Machu Picchu. \u00c9 por isso que mostramos todos os depoimentos que conseguimos recolher ao longo dos servi\u00e7os realizados. Voc\u00ea tamb\u00e9m poder\u00e1 apreciar os coment\u00e1rios e avalia\u00e7\u00f5es [&hellip;]<\/p>\n","protected":false},"author":1,"featured_media":0,"parent":0,"menu_order":0,"comment_status":"closed","ping_status":"closed","template":"","meta":{"footnotes":""},"class_list":["post-146","page","type-page","status-publish","hentry","wpautop"],"aioseo_notices":[],"_links":{"self":[{"href":"https:\/\/thesacredvalley.com\/br\/wp-json\/wp\/v2\/pages\/146"}],"collection":[{"href":"https:\/\/thesacredvalley.com\/br\/wp-json\/wp\/v2\/pages"}],"about":[{"href":"https:\/\/thesacredvalley.com\/br\/wp-json\/wp\/v2\/types\/page"}],"author":[{"embeddable":true,"href":"https:\/\/thesacredvalley.com\/br\/wp-json\/wp\/v2\/users\/1"}],"replies":[{"embeddable":true,"href":"https:\/\/thesacredvalley.com\/br\/wp-json\/wp\/v2\/comments?post=146"}],"version-history":[{"count":4,"href":"https:\/\/thesacredvalley.com\/br\/wp-json\/wp\/v2\/pages\/146\/revisions"}],"predecessor-version":[{"id":211,"href":"https:\/\/thesacredvalley.com\/br\/wp-json\/wp\/v2\/pages\/146\/revisions\/211"}],"wp:attachment":[{"href":"https:\/\/thesacredvalley.com\/br\/wp-json\/wp\/v2\/media?parent=146"}],"curies":[{"name":"wp","href":"https:\/\/api.w.org\/{rel}","templated":true}]}}