{"id":152,"date":"2024-12-26T20:39:13","date_gmt":"2024-12-26T20:39:13","guid":{"rendered":"https:\/\/thesacredvalley.com\/br\/?page_id=152"},"modified":"2025-01-08T15:30:42","modified_gmt":"2025-01-08T15:30:42","slug":"experiencia-viagem","status":"publish","type":"page","link":"https:\/\/thesacredvalley.com\/br\/experiencia-viagem\/","title":{"rendered":"A experi\u00eancia de viajar com THE SACRED VALLEY"},"content":{"rendered":"<div class=\"vs-breadcrumb\">\r\n    <ul id=\"breadcrumbs\">\r\n        <li><a href=\"\/es\/\">Inicio<\/a><\/li>\r\n        <span class=\"breadcrumb-separator i-ion-chevron-right\"><\/span>\r\n        <li class=\"active\">A experi\u00eancia de viajar com THE SACRED VALLEY<\/li>\r\n    <\/ul>\r\n<\/div>\r\n<div class=\"vs-content-fil\">\r\n    <div class=\"mx-auto ts-prose\">\r\n        <h1>A experi\u00eancia de viajar com THESACREDVALLEY.COM<\/h1>\r\n        <p>As viagens ao Vale Sagrado dos Incas em Cusco come\u00e7am com a decis\u00e3o de viajar. Nossa equipe de consultores e especialistas em viagens em thesacredvalley.com ir\u00e1 ajud\u00e1-lo a melhorar qualquer uma das atividades que eles ajudar\u00e3o voc\u00ea a planejar. Por\u00e9m, muitas vezes \u00e9 mais importante saber: Qual \u00e9 a experi\u00eancia de viajar com TheSacredValley.com? Encontre aqui todas as informa\u00e7\u00f5es, coment\u00e1rios e votos de felicidades que os nossos milhares de clientes nos deixaram durante os nossos servi\u00e7os.<\/p>\r\n\r\n        <h2>MAIS DE 2.000 AVALIA\u00c7\u00d5ES NO GOOGLE E TRIPADVISOR<\/h2>\r\n\r\n        <p>Estamos felizes em ser parte essencial de milhares de viajantes para terem experi\u00eancias inesquec\u00edveis em suas viagens ao Vale Sagrado e tamb\u00e9m ajud\u00e1-los a chegar a Machu Picchu, que \u00e9 um destino que recebemos muitos pedidos. Nossa equipe, fazendo parte do grupo Machupicchu Terra, que atua tanto em rotas quanto em outros destinos h\u00e1 mais de 10 anos, continua oferecendo servi\u00e7os exclusivos para garantir uma boa experi\u00eancia de viagem em Cusco, Vale Sagrado e Machu Picchu.<\/p>\r\n\r\n        <h3>ACABAMOS DE RECEBER O PR\u00caMIO TRAVELLERS&#8217; CHOICE 2024 DO TRIPADVISOR<\/h3>\r\n        <p>O grupo Machupicchu Terra, do qual fazemos parte, voltou a receber este prestigiado reconhecimento. O pr\u00e9mio \u201cTraveler&#8217;s Choice TripAdvisor 2024\u201d posiciona os nossos servi\u00e7os entre os 10% dos melhores estabelecimentos do sector do turismo. Este reconhecimento impulsiona todo o grupo Machupicchu Terra e TheSacredValley.com a continuar oferecendo os melhores servi\u00e7os em viagens pelo Vale Sagrado, Machu Picchu e Cusco. <strong>Obrigado aos milhares de turistas que confiaram na nossa ag\u00eancia de viagens, pois \u00e9 por eles que hoje podemos partilhar este reconhecimento<\/strong>. Esperamos continuar a crescer com a mesma energia que nos caracteriza nos pr\u00f3ximos anos e porque n\u00e3o, oferecendo muito mais qualidade e aconselhamento aos viajantes.<\/p>\r\n\r\n        <p>\r\n            <a href=\"https:\/\/www.tripadvisor.com.pe\/Attraction_Review-g294314-d5929777-Reviews-Machupicchu_Terra-Cusco_Cusco_Region.html\" rel=\"noopener\" target=\"_blank\">\r\n                <img loading=\"lazy\" alt=\"Reviws Machupicchu Terra\" class=\"alignnone wp-image-19365 size-medium\" decoding=\"async\" src=\"https:\/\/thesacredvalley.com\/wp-content\/uploads\/TC_white_winner_L_2024-1-300x300-1.gif\" height=\"300\" width=\"300\"\/>\r\n            <\/a>\r\n        <\/p>\r\n    <\/div>\r\n<\/div>\r\n<div class=\"vs-tour-grilla\">\r\n    <div class=\"vs-tour-grilla__content\">\r\n        <div class=\"mx-auto ts-prose\">\r\n            <h2>AVALIA\u00c7\u00d5ES NO TRIPADVISOR<\/h2>\r\n            <p>Esta importante plataforma online permite aos utilizadores comentar e avaliar estabelecimentos ou neg\u00f3cios ligados ao turismo. No caso do grupo Machupicchu Terra, temos mais de 900 opini\u00f5es. Convidamos voc\u00ea a ler todos os coment\u00e1rios para que possa saber mais sobre nossos servi\u00e7os.<\/p>\r\n\r\n        <\/div>\r\n        <br>\r\n        <div class=\"vs-tour-grilla__sec mx-auto ts-prose\">\r\n            <article class=\"vs-tour-grilla__item\" style=\"padding: 20px;\">\r\n                <h4>\u00a1Excelente experiencia con Machu Picchu Terra!<\/h4>\r\n                <b class=\"text-colori-fir\">Sara \/ 29 novembro<\/b>\r\n                <p class=\"mb-5 vs-explorar-grilla__p text-colori-fir\"><i>Irvin e Jahdiel me ajudando a organizar minhas f\u00e9rias foi realmente excepcional. Desde o primeiro contacto, a equipa foi muito atenciosa e sempre dispon\u00edvel para resolver qualquer d\u00favida ou ajustar detalhes de acordo com as minhas necessidades&#8230;<\/i><a href=\"https:\/\/www.tripadvisor.com.pe\/ShowUserReviews-g294314-d5929777-r982609818-Machupicchu_Terra-Cusco_Cusco_Region.html\" class=\"vs-enlace-absolute\"><\/a><\/p>\r\n            <\/article>\r\n            <article class=\"vs-tour-grilla__item\" style=\"padding: 20px;\">\r\n                <h4>Excelente experi\u00eancia, vale a pena<\/h4>\r\n                <b class=\"text-colori-fir\">P\u00e2mela \/ 10 novembro<\/b>\r\n                <p class=\"mb-5 vs-explorar-grilla__p text-colori-fir\"><i>Fomos para a montanha colorida de quadriciclo e foi fant\u00e1stico. Super bem planejado, adoramos o passeio. Eles nos ajudaram a aproveitar a experi\u00eancia e poder ver a montanha da melhor maneira. Fui guiado por Jahdiel&#8230;<\/i><a href=\"https:\/\/www.tripadvisor.com.pe\/ShowUserReviews-g294314-d5929777-r981475516-Machupicchu_Terra-Cusco_Cusco_Region.html\" class=\"vs-enlace-absolute\"><\/a><\/p>\r\n            <\/article>\r\n            <article class=\"vs-tour-grilla__item\" style=\"padding: 20px;\">\r\n                <h4>Recomendado<\/h4>\r\n                <b class=\"text-colori-fir\">Diana T \/ 3 novembro<\/b>\r\n                <p class=\"mb-5 vs-explorar-grilla__p text-colori-fir\"><i>Uma das melhores ag\u00eancias que j\u00e1 conheci e no final das contas uma das melhores experi\u00eancias, al\u00e9m do destino, a ag\u00eancia se preocupou com cada detalhe. Recomendado em 1000&#8230;<\/i><a href=\"https:\/\/www.tripadvisor.com.pe\/ShowUserReviews-g294314-d5929777-r981022210-Machupicchu_Terra-Cusco_Cusco_Region.html\" class=\"vs-enlace-absolute\"><\/a><\/p>\r\n            <\/article>\r\n        <\/div>\r\n    <\/div>\r\n<\/div>\r\n<div class=\"vs-tour-grilla\">\r\n    <div class=\"vs-tour-grilla__content\">\r\n        <div class=\"mx-auto ts-prose\">\r\n            <h2>AVALIA\u00c7\u00d5ES NO GOOGLE<\/h2>\r\n            <p>Saiba mais sobre nossos servi\u00e7os no Google, l\u00e1 gra\u00e7as aos seus servi\u00e7os voc\u00ea poder\u00e1 conhecer as opini\u00f5es e pontua\u00e7\u00f5es das pessoas que contrataram nossos servi\u00e7os para fazer viagens a Cusco, Vale Sagrado e Machu Picchu.<\/p>\r\n        <\/div>\r\n        <br>\r\n        <div class=\"vs-tour-grilla__sec mx-auto ts-prose\">\r\n            <article class=\"vs-tour-grilla__item\" style=\"padding: 20px;\">\r\n                <h4>\u00c9 incr\u00edvel!<\/h4>\r\n                <b class=\"text-colori-fir\">Mariliz \/ 15 setembro<\/b>\r\n                <p class=\"mb-5 vs-explorar-grilla__p text-colori-fir\"><i>As caminhadas foram \u00f3timas. Enquanto procurava uma ag\u00eancia para passar as f\u00e9rias, esta me foi sugerida. As caminhadas foram incr\u00edveis e fui acompanhado por um excelente grupo e guia. David se encarregou de ser nosso guia e foi muito divertido&#8230;<\/i><a href=\"https:\/\/g.co\/kgs\/qAj5wMh\" class=\"vs-enlace-absolute\"><\/a><\/p>\r\n            <\/article>\r\n            <article class=\"vs-tour-grilla__item\" style=\"padding: 20px;\">\r\n                <h4>Te garanto que vale a pena!<\/h4>\r\n                <b class=\"text-colori-fir\">Mical \/ 29 maio<\/b>\r\n                <p class=\"mb-5 vs-explorar-grilla__p text-colori-fir\"><i>Fizemos um passeio incr\u00edvel pela colorida montanha Vinicunca. Nosso guia Julian foi divertido e prestativo. Pedimos um tour privado, ent\u00e3o tivemos bastante tempo para aproveitar o lugar sem pressa&#8230;<\/i><a href=\"https:\/\/g.co\/kgs\/SxN6PS1\" class=\"vs-enlace-absolute\"><\/a><\/p>\r\n            <\/article>\r\n            <article class=\"vs-tour-grilla__item\" style=\"padding: 20px;\">\r\n                <h4>Machu PicchuTerra!<\/h4>\r\n                <b class=\"text-colori-fir\">Nicola \/ 15 maio<\/b>\r\n                <p class=\"mb-5 vs-explorar-grilla__p text-colori-fir\"><i>Fiz a viagem com Machu Picchu Terra em julho e no geral foi boa. Acho que tive uma experi\u00eancia diferente como falante de ingl\u00eas. Os bilhetes foram entregues no hotel, mas muito tarde e sem saber muito sobre os transfers&#8230;<\/i><a href=\"https:\/\/g.co\/kgs\/J1ezuix\" class=\"vs-enlace-absolute\"><\/a><\/p>\r\n            <\/article>\r\n        <\/div>\r\n    <\/div>\r\n<\/div>\r\n\r\n<div class=\"vs-tour-grilla vs-content-fil\">\r\n    <div class=\"mx-auto ts-prose\">\r\n        <h2>DEPOIMENTOS SOBRE NOSSAS VIAGENS<\/h2>\r\n        <p>Alguns dos viajantes que confiaram em nossos servi\u00e7os foram incentivados a deixar coment\u00e1rios em v\u00eddeos. Deixamos os v\u00eddeos e depoimentos em breves palavras sobre a experi\u00eancia de visitar o Vale Sagrado, Machi Picchu e Cusco. Temos mais de 300 testemunhos em v\u00eddeo. <a href=\"\/br\/depoimentos\/\" target=\"_blank\" rel=\"noopener\"><i>(Veja os depoimentos)<\/i><\/a><\/p>\r\n    <\/div>\r\n<\/div>\r\n<div class=\"vs-tour-grilla vs-content-fil\">\r\n    <div class=\"vs-tour-presup\">\r\n        <div class=\"vs-tour-presup__content\">\r\n            <div class=\"vs-tour-presup__disc ts-mask-top\">\r\n                <div class=\"vs-tour-presup__left\">\r\n                    <h2 class=\"vs-tour-presup__til\">Esta nova aventura come\u00e7a no Vale Sagrado de Cusco<\/h2>\r\n                    <p>Ao entrar em contato com SacredValley.com, um especialista na rota do Vale Sagrado responder\u00e1 a todas as suas perguntas. Gra\u00e7as aos nossos roteiros e equipamentos como transporte, guias e mais servi\u00e7os; Voc\u00ea pode ter uma das melhores viagens em Cusco. Lembre-se de que voc\u00ea pode personalizar sua experi\u00eancia.<\/p>\r\n                <\/div>\r\n                <a class=\"vs-tour-presup__link\" href=\"https:\/\/thesacredvalley.com\/br\/contato\/\" target=\"_self\" rel=\"noopener\">QUERO RESERVAR AGORA!<\/a>\r\n            <\/div>\r\n        <\/div>\r\n    <\/div>\r\n<\/div>","protected":false},"excerpt":{"rendered":"Inicio A experi\u00eancia de viajar com THE SACRED VALLEY A experi\u00eancia de viajar com THESACREDVALLEY.COM As viagens ao Vale Sagrado dos Incas em Cusco come\u00e7am com a decis\u00e3o de viajar. Nossa equipe de consultores e especialistas em viagens em thesacredvalley.com ir\u00e1 ajud\u00e1-lo a melhorar qualquer uma das atividades que eles ajudar\u00e3o voc\u00ea a planejar. Por\u00e9m, [&hellip;]","protected":false},"author":1,"featured_media":0,"parent":0,"menu_order":0,"comment_status":"closed","ping_status":"closed","template":"","meta":{"footnotes":""},"class_list":["post-152","page","type-page","status-publish","hentry","no-wpautop"],"aioseo_notices":[],"_links":{"self":[{"href":"https:\/\/thesacredvalley.com\/br\/wp-json\/wp\/v2\/pages\/152"}],"collection":[{"href":"https:\/\/thesacredvalley.com\/br\/wp-json\/wp\/v2\/pages"}],"about":[{"href":"https:\/\/thesacredvalley.com\/br\/wp-json\/wp\/v2\/types\/page"}],"author":[{"embeddable":true,"href":"https:\/\/thesacredvalley.com\/br\/wp-json\/wp\/v2\/users\/1"}],"replies":[{"embeddable":true,"href":"https:\/\/thesacredvalley.com\/br\/wp-json\/wp\/v2\/comments?post=152"}],"version-history":[{"count":3,"href":"https:\/\/thesacredvalley.com\/br\/wp-json\/wp\/v2\/pages\/152\/revisions"}],"predecessor-version":[{"id":219,"href":"https:\/\/thesacredvalley.com\/br\/wp-json\/wp\/v2\/pages\/152\/revisions\/219"}],"wp:attachment":[{"href":"https:\/\/thesacredvalley.com\/br\/wp-json\/wp\/v2\/media?parent=152"}],"curies":[{"name":"wp","href":"https:\/\/api.w.org\/{rel}","templated":true}]}}