{"id":157,"date":"2024-12-26T21:29:12","date_gmt":"2024-12-26T21:29:12","guid":{"rendered":"https:\/\/thesacredvalley.com\/br\/?page_id=157"},"modified":"2026-02-06T16:01:52","modified_gmt":"2026-02-06T16:01:52","slug":"blog","status":"publish","type":"page","link":"https:\/\/thesacredvalley.com\/br\/blog\/","title":{"rendered":"Blog &#8211; The Sacred Valley"},"content":{"rendered":"<div class=\"vs-content-fil mt-10 vs-explorar__intro ts-prose\">\n<h1 class=\"text-center\">Descubra o Vale Sagrado: Artigos, Dicas e Mais para Sua Viagem<\/h1>\n<p class=\"text-justify\">Em nosso blog, voc\u00ea encontrar\u00e1 artigos, dicas e tudo o que precisa saber para aproveitar ao m\u00e1ximo sua visita ao Vale Sagrado. Desde os melhores lugares at\u00e9 dicas pr\u00e1ticas, ajudamos voc\u00ea a viver uma experi\u00eancia \u00fanica neste destino repleto de hist\u00f3ria e natureza.<\/p>\n<\/div>\n<div class=\"vs-content-fil\">\n    <div class=\"vs-list-container js-container-post\"><input type=\"hidden\" value=\"1\" id=\"js-page\" name=\"js-page\"s><div class=\"slick-3__gap js-content_article\"><div class=\"imtlocalcard\"><div class=\"imtlocalcard__container\"><div class=\"imtlocalcard__imgcont\"><img decoding=\"async\" alt=\"\" src=\"https:\/\/thesacredvalley.com\/wp-content\/uploads\/urubamba-3.jpg\" width=\"384\" height=\"216\" class=\"imtlocalcard__img\" loading=\"lazy\"><\/div><\/div><div class=\"imtlocalcard__bottomcard\"><span class=\"imtlocalcard__title\">Urubamba: A capital do Vale Sagrado dos Incas<\/span><div class=\"imtlocalcard__detail\">In\u00edcio Blog Urubamba: A capital do Vale Sagrado dos Incas 18 de junho de 2025 Urubamba: A capital do Vale Sagrado dos Incas A capital do Vale Sagrado \u00e9 Urubamba, o maior povoado...<\/div><\/div><a href=\"https:\/\/thesacredvalley.com\/br\/urubamba-capital-vale-sagrado-incas\/\" class=\"localcard-link\">Urubamba: A capital do Vale Sagrado dos Incas<\/a><\/div><div class=\"imtlocalcard\"><div class=\"imtlocalcard__container\"><div class=\"imtlocalcard__imgcont\"><img decoding=\"async\" alt=\"\" src=\"https:\/\/thesacredvalley.com\/wp-content\/uploads\/yucay-1.jpg\" width=\"384\" height=\"216\" class=\"imtlocalcard__img\" loading=\"lazy\"><\/div><\/div><div class=\"imtlocalcard__bottomcard\"><span class=\"imtlocalcard__title\">A Vila de Yucay<\/span><div class=\"imtlocalcard__detail\">In\u00edcio Blog A Vila de Yucay 17 junho 2025 A Vila de Yucay A vila de Yucay \u00e9 uma das joias escondidas do Vale Sagrado dos Incas. \u00c9 um lugar pequeno que podemos explorar em...<\/div><\/div><a href=\"https:\/\/thesacredvalley.com\/br\/vila-yucay\/\" class=\"localcard-link\">A Vila de Yucay<\/a><\/div><div class=\"imtlocalcard\"><div class=\"imtlocalcard__container\"><div class=\"imtlocalcard__imgcont\"><img decoding=\"async\" alt=\"\" src=\"https:\/\/thesacredvalley.com\/wp-content\/uploads\/mirador-taray.jpg\" width=\"384\" height=\"216\" class=\"imtlocalcard__img\" loading=\"lazy\"><\/div><\/div><div class=\"imtlocalcard__bottomcard\"><span class=\"imtlocalcard__title\">Os melhores mirantes do Vale Sagrado dos Incas<\/span><div class=\"imtlocalcard__detail\">In\u00edcio Blog Os melhores mirantes do Vale Sagrado dos Incas 12 de maio de 2025 Os melhores mirantes do Vale Sagrado dos Incas Ao longo do nosso percurso pelo Vale Sagrado dos Incas...<\/div><\/div><a href=\"https:\/\/thesacredvalley.com\/br\/mirantes-vale-sagrado-incas\/\" class=\"localcard-link\">Os melhores mirantes do Vale Sagrado dos Incas<\/a><\/div><div class=\"imtlocalcard\"><div class=\"imtlocalcard__container\"><div class=\"imtlocalcard__imgcont\"><img decoding=\"async\" alt=\"\" src=\"https:\/\/thesacredvalley.com\/wp-content\/uploads\/ollantaymbo-pueblo.jpg\" width=\"384\" height=\"216\" class=\"imtlocalcard__img\" loading=\"lazy\"><\/div><\/div><div class=\"imtlocalcard__bottomcard\"><span class=\"imtlocalcard__title\">A vila de Ollantaytambo<\/span><div class=\"imtlocalcard__detail\">In\u00edcio Blog A vila de Ollantaytambo 10 junho 2025 A vila de Ollantaytambo Uma parada obrigat\u00f3ria para chegar a Machu Picchu, atrav\u00e9s da viagem de trem, \u00e9 Ollantaytambo, uma...<\/div><\/div><a href=\"https:\/\/thesacredvalley.com\/br\/vila-ollantaytambo\/\" class=\"localcard-link\">A vila de Ollantaytambo<\/a><\/div><div class=\"imtlocalcard\"><div class=\"imtlocalcard__container\"><div class=\"imtlocalcard__imgcont\"><img decoding=\"async\" alt=\"\" src=\"https:\/\/thesacredvalley.com\/wp-content\/uploads\/chinchero-5.jpg\" width=\"384\" height=\"216\" class=\"imtlocalcard__img\" loading=\"lazy\"><\/div><\/div><div class=\"imtlocalcard__bottomcard\"><span class=\"imtlocalcard__title\">O Povo de Chinchero<\/span><div class=\"imtlocalcard__detail\">In\u00edcio Blog O Povoado de Chinchero 13 de junho de 2025 O Povoado de Chinchero Um lugar cheio de tradi\u00e7\u00e3o e costumes coloridos \u00e9 o povoado m\u00e1gico de Chinchero. Um destino...<\/div><\/div><a href=\"https:\/\/thesacredvalley.com\/br\/povo-chinchero\/\" class=\"localcard-link\">O Povo de Chinchero<\/a><\/div><div class=\"imtlocalcard\"><div class=\"imtlocalcard__container\"><div class=\"imtlocalcard__imgcont\"><img decoding=\"async\" alt=\"\" src=\"https:\/\/thesacredvalley.com\/wp-content\/uploads\/mercado-pisac-2.jpg\" width=\"384\" height=\"216\" class=\"imtlocalcard__img\" loading=\"lazy\"><\/div><\/div><div class=\"imtlocalcard__bottomcard\"><span class=\"imtlocalcard__title\">A vila de Pisac<\/span><div class=\"imtlocalcard__detail\">In\u00edcio Blog A vila de Pisac 10 de junho de 2025 A vila de Pisac Pisac \u00e9 uma das joias mais impressionantes que encontraremos ao longo do nosso percurso pelo Vale Sagrado. Podemos...<\/div><\/div><a href=\"https:\/\/thesacredvalley.com\/br\/vila-pisac\/\" class=\"localcard-link\">A vila de Pisac<\/a><\/div><div class=\"imtlocalcard\"><div class=\"imtlocalcard__container\"><div class=\"imtlocalcard__imgcont\"><img decoding=\"async\" alt=\"\" src=\"https:\/\/thesacredvalley.com\/wp-content\/uploads\/naupa-iglesia-4.jpg\" width=\"384\" height=\"216\" class=\"imtlocalcard__img\" loading=\"lazy\"><\/div><\/div><div class=\"imtlocalcard__bottomcard\"><span class=\"imtlocalcard__title\">Centro Cerimonial de \u00d1aupa Iglesia<\/span><div class=\"imtlocalcard__detail\">In\u00edcio Blog Centro Cerimonial de \u00d1aupa Iglesia 04 Junho 2025 Centro Cerimonial de \u00d1aupa Iglesia \u00d1aupa Iglesia \u00e9 um lugar cheio de mist\u00e9rio no cora\u00e7\u00e3o do Vale Sagrado dos...<\/div><\/div><a href=\"https:\/\/thesacredvalley.com\/br\/centro-cerimonial-naupa-iglesia\/\" class=\"localcard-link\">Centro Cerimonial de \u00d1aupa Iglesia<\/a><\/div><div class=\"imtlocalcard\"><div class=\"imtlocalcard__container\"><div class=\"imtlocalcard__imgcont\"><img decoding=\"async\" alt=\"\" src=\"https:\/\/thesacredvalley.com\/wp-content\/uploads\/inti-punku-4-2.jpg\" width=\"384\" height=\"216\" class=\"imtlocalcard__img\" loading=\"lazy\"><\/div><\/div><div class=\"imtlocalcard__bottomcard\"><span class=\"imtlocalcard__title\">Inti Punku (Porta do Sol)<\/span><div class=\"imtlocalcard__detail\">In\u00edcio Blog Inti Punku (Porta do Sol) 03 Junho 2025 Inti Punku (Porta do Sol) Dentro do Vale Sagrado dos Incas, uma das melhores aventuras que podemos viver \u00e9 a caminhada que...<\/div><\/div><a href=\"https:\/\/thesacredvalley.com\/br\/inti-punku-porta-do-sol\/\" class=\"localcard-link\">Inti Punku (Porta do Sol)<\/a><\/div><div class=\"imtlocalcard\"><div class=\"imtlocalcard__container\"><div class=\"imtlocalcard__imgcont\"><img decoding=\"async\" alt=\"\" src=\"https:\/\/thesacredvalley.com\/wp-content\/uploads\/huchuyqosqo-2.jpg\" width=\"384\" height=\"216\" class=\"imtlocalcard__img\" loading=\"lazy\"><\/div><\/div><div class=\"imtlocalcard__bottomcard\"><span class=\"imtlocalcard__title\">Recinto Arqueol\u00f3gico de Huchuy Qosqo<\/span><div class=\"imtlocalcard__detail\">In\u00edcio Blog Recinto Arqueol\u00f3gico de Huchuy Qosqo 19 de maio de 2025 Recinto Arqueol\u00f3gico de Huchuy Qosqo Um dos recintos hist\u00f3ricos dos Incas mais atraentes que encontraremos...<\/div><\/div><a href=\"https:\/\/thesacredvalley.com\/br\/recinto-arqueologico-huchuy-qosqo\/\" class=\"localcard-link\">Recinto Arqueol\u00f3gico de Huchuy Qosqo<\/a><\/div><div class=\"imtlocalcard\"><div class=\"imtlocalcard__container\"><div class=\"imtlocalcard__imgcont\"><img decoding=\"async\" alt=\"\" src=\"https:\/\/thesacredvalley.com\/wp-content\/uploads\/salineras-maras-tsv-1.jpg\" width=\"384\" height=\"216\" class=\"imtlocalcard__img\" loading=\"lazy\"><\/div><\/div><div class=\"imtlocalcard__bottomcard\"><span class=\"imtlocalcard__title\">Minas de sal de Maras<\/span><div class=\"imtlocalcard__detail\">In\u00edcio Blog Salineras de Maras 14 de maio de 2025 Salineras de Maras Ao longo dos destinos que encontraremos no Vale Sagrado, nos tours cl\u00e1ssicos, est\u00e3o as Salineras de Maras,...<\/div><\/div><a href=\"https:\/\/thesacredvalley.com\/br\/minas-sal-maras\/\" class=\"localcard-link\">Minas de sal de Maras<\/a><\/div><div class=\"imtlocalcard\"><div class=\"imtlocalcard__container\"><div class=\"imtlocalcard__imgcont\"><img decoding=\"async\" alt=\"\" src=\"https:\/\/thesacredvalley.com\/wp-content\/uploads\/moray-tsv-4.jpg\" width=\"384\" height=\"216\" class=\"imtlocalcard__img\" loading=\"lazy\"><\/div><\/div><div class=\"imtlocalcard__bottomcard\"><span class=\"imtlocalcard__title\">Andenes Circulares de Moray<\/span><div class=\"imtlocalcard__detail\">In\u00edcio Blog Plataformas Circulares de Moray 13 de maio de 2025 Plataformas Circulares de Moray Um dos principais atrativos do Vale Sagrado s\u00e3o as plataformas ou andenes...<\/div><\/div><a href=\"https:\/\/thesacredvalley.com\/br\/andenes-circulares-moray\/\" class=\"localcard-link\">Andenes Circulares de Moray<\/a><\/div><div class=\"imtlocalcard\"><div class=\"imtlocalcard__container\"><div class=\"imtlocalcard__imgcont\"><img decoding=\"async\" alt=\"\" src=\"https:\/\/thesacredvalley.com\/wp-content\/uploads\/chinchero-tsv-3.jpg\" width=\"384\" height=\"216\" class=\"imtlocalcard__img\" loading=\"lazy\"><\/div><\/div><div class=\"imtlocalcard__bottomcard\"><span class=\"imtlocalcard__title\">Parque Arqueol\u00f3gico de Chinchero<\/span><div class=\"imtlocalcard__detail\">In\u00edcio Blog Parque Arqueol\u00f3gico de Chinchero 12 maio 2025 Parque Arqueol\u00f3gico de Chinchero Chinchero \u00e9 uma das cidades com mais misticismo que encontraremos ao longo do Vale...<\/div><\/div><a href=\"https:\/\/thesacredvalley.com\/br\/parque-arqueologico-chinchero\/\" class=\"localcard-link\">Parque Arqueol\u00f3gico de Chinchero<\/a><\/div><\/div><div class=\"vs-ctn__action js-load-more-post\"><a class=\"btn btn-red js-more-article\" href=\"javascript:void(0);\" style=\"text-wrap:balance;\">Veja mais<\/a><\/div><\/div>\n<\/div>\n","protected":false},"excerpt":{"rendered":"<p>Descubra o Vale Sagrado: Artigos, Dicas e Mais para Sua Viagem Em nosso blog, voc\u00ea encontrar\u00e1 artigos, dicas e tudo o que precisa saber para aproveitar ao m\u00e1ximo sua visita ao Vale Sagrado. Desde os melhores lugares at\u00e9 dicas pr\u00e1ticas, ajudamos voc\u00ea a viver uma experi\u00eancia \u00fanica neste destino repleto de hist\u00f3ria e natureza.<\/p>\n","protected":false},"author":1,"featured_media":0,"parent":0,"menu_order":0,"comment_status":"closed","ping_status":"closed","template":"","meta":{"footnotes":""},"class_list":["post-157","page","type-page","status-publish","hentry","wpautop"],"aioseo_notices":[],"_links":{"self":[{"href":"https:\/\/thesacredvalley.com\/br\/wp-json\/wp\/v2\/pages\/157"}],"collection":[{"href":"https:\/\/thesacredvalley.com\/br\/wp-json\/wp\/v2\/pages"}],"about":[{"href":"https:\/\/thesacredvalley.com\/br\/wp-json\/wp\/v2\/types\/page"}],"author":[{"embeddable":true,"href":"https:\/\/thesacredvalley.com\/br\/wp-json\/wp\/v2\/users\/1"}],"replies":[{"embeddable":true,"href":"https:\/\/thesacredvalley.com\/br\/wp-json\/wp\/v2\/comments?post=157"}],"version-history":[{"count":3,"href":"https:\/\/thesacredvalley.com\/br\/wp-json\/wp\/v2\/pages\/157\/revisions"}],"predecessor-version":[{"id":385,"href":"https:\/\/thesacredvalley.com\/br\/wp-json\/wp\/v2\/pages\/157\/revisions\/385"}],"wp:attachment":[{"href":"https:\/\/thesacredvalley.com\/br\/wp-json\/wp\/v2\/media?parent=157"}],"curies":[{"name":"wp","href":"https:\/\/api.w.org\/{rel}","templated":true}]}}