{"id":369,"date":"2025-09-29T16:51:03","date_gmt":"2025-09-29T16:51:03","guid":{"rendered":"https:\/\/thesacredvalley.com\/br\/?page_id=369"},"modified":"2025-09-29T16:52:12","modified_gmt":"2025-09-29T16:52:12","slug":"tours","status":"publish","type":"page","link":"https:\/\/thesacredvalley.com\/br\/tours\/","title":{"rendered":"Tours The Sacred Valley"},"content":{"rendered":"<div class=\"vs-content\">\n<div class=\"ts-prose vs-content__full\">\n<h1 class=\"text-center\">Tours ao Vale Sagrado dos Incas: Viva a Hist\u00f3ria e a Natureza<\/h1>\n<p class=\"text-justify\">Explore conosco o Vale Sagrado dos Incas, um destino repleto de maravilhas arqueol\u00f3gicas, paisagens impressionantes e tradi\u00e7\u00f5es milenares. Nossos passeios s\u00e3o projetados para que voc\u00ea viva uma experi\u00eancia \u00fanica, descobrindo a riqueza cultural e natural que faz deste lugar um tesouro vivo. Acompanhe-nos nesta aventura inesquec\u00edvel!<\/p>\n<div class=\"vs-list-container js-container-tour\"><input type=\"hidden\" value=\"1\" id=\"js-page-tour\" name=\"js-page-tour\"><input type=\"hidden\" value=\"6\" id=\"js-paginado\" name=\"js-paginado\"><div class=\"slick-3__gap js-content_tour\"><div class=\"imtlocalcard\"><div class=\"imtlocalcard__container\"><div class=\"imtlocalcard__imgcont\"><img decoding=\"async\" alt=\"\" src=\"https:\/\/thesacredvalley.com\/wp-content\/uploads\/camino-inca-banner.jpg\" width=\"384\" height=\"216\" class=\"imtlocalcard__img\" loading=\"lazy\"><div class=\"price_offer mask-from-price\">Precio <span>1,075 USD<\/span><\/div><\/div><\/div><div class=\"imtlocalcard__bottomcard\"><span class=\"imtlocalcard__title\">Tour Vale Sagrado + Trilha Inca aventura 8 dias em Cusco<\/span><div class=\"imtlocalcard__detail\">Conhe\u00e7a Sacsayhuam\u00e1n, Qenqo, P\u00edsac, Ollantaytambo, Intipata, Sayacmarca, Wi\u00f1ayhuayna e Machu Picchu. De Cusco pela Trilha Inca 4 dias.<\/div><\/div><a href=\"https:\/\/thesacredvalley.com\/br\/tour-vale-sagrado-trilha-inca-8d\/\" class=\"localcard-link\">Tour Vale Sagrado + Trilha Inca aventura 8 dias em Cusco<\/a><\/div><div class=\"imtlocalcard\"><div class=\"imtlocalcard__container\"><div class=\"imtlocalcard__imgcont\"><img decoding=\"async\" alt=\"\" src=\"https:\/\/thesacredvalley.com\/wp-content\/uploads\/turistas-winaywayna-camino-inca-banner.jpg\" width=\"384\" height=\"216\" class=\"imtlocalcard__img\" loading=\"lazy\"><div class=\"price_offer mask-from-price\">Precio <span>940 USD<\/span><\/div><\/div><\/div><div class=\"imtlocalcard__bottomcard\"><span class=\"imtlocalcard__title\">City Tour, Vale Sagrado + Trilha Inca curta aventura de 5 dias<\/span><div class=\"imtlocalcard__detail\">Conhe\u00e7a Machu Picchu, o Vale Sagrado dos Incas e fa\u00e7a um tour por Cusco, Sacsayhuam\u00e1n e Coricancha com hot\u00e9is, ingressos e guia tur\u00edstico.<\/div><\/div><a href=\"https:\/\/thesacredvalley.com\/br\/tour-vale-sagrado-trilha-inca-curta-city-tour-5d\/\" class=\"localcard-link\">City Tour, Vale Sagrado + Trilha Inca curta aventura de 5 dias<\/a><\/div><div class=\"imtlocalcard\"><div class=\"imtlocalcard__container\"><div class=\"imtlocalcard__imgcont\"><img decoding=\"async\" alt=\"\" src=\"https:\/\/thesacredvalley.com\/wp-content\/uploads\/mirador-moray-banner.jpg\" width=\"384\" height=\"216\" class=\"imtlocalcard__img\" loading=\"lazy\"><div class=\"price_offer mask-from-price\">Precio <span>707 USD<\/span><\/div><\/div><\/div><div class=\"imtlocalcard__bottomcard\"><span class=\"imtlocalcard__title\">Tour Vale Sagrado + Machu Picchu e Cusco Inesquec\u00edvel 4 dias<\/span><div class=\"imtlocalcard__detail\">Conhe\u00e7a Machu Picchu, o Vale Sagrado dos Incas e fa\u00e7a um tour por Cusco, Sacsayhuaman e Coricancha com hot\u00e9is, ingressos e guia tur\u00edstico.<\/div><\/div><a href=\"https:\/\/thesacredvalley.com\/br\/tour-vale-sagrado-machu-picchu-cusco-4d\/\" class=\"localcard-link\">Tour Vale Sagrado + Machu Picchu e Cusco Inesquec\u00edvel 4 dias<\/a><\/div><div class=\"imtlocalcard\"><div class=\"imtlocalcard__container\"><div class=\"imtlocalcard__imgcont\"><img decoding=\"async\" alt=\"\" src=\"https:\/\/thesacredvalley.com\/wp-content\/uploads\/turista-sentada-observando-machu-picchu-banner.jpg\" width=\"384\" height=\"216\" class=\"imtlocalcard__img\" loading=\"lazy\"><div class=\"price_offer mask-from-price\">Precio <span>486 USD<\/span><\/div><\/div><\/div><div class=\"imtlocalcard__bottomcard\"><span class=\"imtlocalcard__title\">Tour Machu Picchu + aventura no Vale Sagrado 2 dias<\/span><div class=\"imtlocalcard__detail\">Descubra a magia de Machu Picchu e do Vale Sagrado em uma excurs\u00e3o de dois dias. Explore paisagens de tirar o f\u00f4lego, conhe\u00e7a a cultura inca e desfrute de uma experi\u00eancia...<\/div><\/div><a href=\"https:\/\/thesacredvalley.com\/br\/tour-machu-picchu-vale-sagrado-2d\/\" class=\"localcard-link\">Tour Machu Picchu + aventura no Vale Sagrado 2 dias<\/a><\/div><div class=\"imtlocalcard\"><div class=\"imtlocalcard__container\"><div class=\"imtlocalcard__imgcont\"><img decoding=\"async\" alt=\"\" src=\"https:\/\/thesacredvalley.com\/wp-content\/uploads\/cuatrimoto-maras-moray-banner.jpg\" width=\"384\" height=\"216\" class=\"imtlocalcard__img\" loading=\"lazy\"><div class=\"price_offer mask-from-price\">Precio <span>70 USD<\/span><\/div><\/div><\/div><div class=\"imtlocalcard__bottomcard\"><span class=\"imtlocalcard__title\">Aventura de quadriciclo em Maras Moray, em Cusco<\/span><div class=\"imtlocalcard__detail\">Maras e Moray em quadriciclos pelo Vale Sagrado. A viagem come\u00e7a em Cusco e permite um percurso de 2 horas em quadriciclos. Toda a aventura, pre\u00e7os e muito mais aqui.<\/div><\/div><a href=\"https:\/\/thesacredvalley.com\/br\/tour-quadriciclo-maras-moray-1d\/\" class=\"localcard-link\">Aventura de quadriciclo em Maras Moray, em Cusco<\/a><\/div><div class=\"imtlocalcard\"><div class=\"imtlocalcard__container\"><div class=\"imtlocalcard__imgcont\"><img decoding=\"async\" alt=\"\" src=\"https:\/\/thesacredvalley.com\/wp-content\/uploads\/andenes-circulares-moray-banner.jpg\" width=\"384\" height=\"216\" class=\"imtlocalcard__img\" loading=\"lazy\"><div class=\"price_offer mask-from-price\">Precio <span>78 USD<\/span><\/div><\/div><\/div><div class=\"imtlocalcard__bottomcard\"><span class=\"imtlocalcard__title\">Tour 1 dia ao Vale Sagrado + Maras e Moray em Cusco<\/span><div class=\"imtlocalcard__detail\">Complete o Vale Sagrado em apenas 1 dia e com todos os servi\u00e7os para ter uma experi\u00eancia inesquec\u00edvel, reserve e adquira transporte, guia tur\u00edstico e tudo que voc\u00ea precisa.<\/div><\/div><a href=\"https:\/\/thesacredvalley.com\/br\/tour-vale-sagrado-maras-moray-1d\/\" class=\"localcard-link\">Tour 1 dia ao Vale Sagrado + Maras e Moray em Cusco<\/a><\/div><\/div><div class=\"vs-ctn__action js-load-more-tours\"><a class=\"btn btn-red js-more-tour\" href=\"javascript:void(0);\" style=\"text-wrap:balance;\">Veja mais<\/a><\/div><\/div><\/div>\n<\/div>\n","protected":false},"excerpt":{"rendered":"<p>Tours ao Vale Sagrado dos Incas: Viva a Hist\u00f3ria e a Natureza Explore conosco o Vale Sagrado dos Incas, um destino repleto de maravilhas arqueol\u00f3gicas, paisagens impressionantes e tradi\u00e7\u00f5es milenares. Nossos passeios s\u00e3o projetados para que voc\u00ea viva uma experi\u00eancia \u00fanica, descobrindo a riqueza cultural e natural que faz deste lugar um tesouro vivo. Acompanhe-nos [&hellip;]<\/p>\n","protected":false},"author":1,"featured_media":0,"parent":0,"menu_order":0,"comment_status":"closed","ping_status":"closed","template":"","meta":{"footnotes":""},"class_list":["post-369","page","type-page","status-publish","hentry","wpautop"],"aioseo_notices":[],"_links":{"self":[{"href":"https:\/\/thesacredvalley.com\/br\/wp-json\/wp\/v2\/pages\/369"}],"collection":[{"href":"https:\/\/thesacredvalley.com\/br\/wp-json\/wp\/v2\/pages"}],"about":[{"href":"https:\/\/thesacredvalley.com\/br\/wp-json\/wp\/v2\/types\/page"}],"author":[{"embeddable":true,"href":"https:\/\/thesacredvalley.com\/br\/wp-json\/wp\/v2\/users\/1"}],"replies":[{"embeddable":true,"href":"https:\/\/thesacredvalley.com\/br\/wp-json\/wp\/v2\/comments?post=369"}],"version-history":[{"count":1,"href":"https:\/\/thesacredvalley.com\/br\/wp-json\/wp\/v2\/pages\/369\/revisions"}],"predecessor-version":[{"id":370,"href":"https:\/\/thesacredvalley.com\/br\/wp-json\/wp\/v2\/pages\/369\/revisions\/370"}],"wp:attachment":[{"href":"https:\/\/thesacredvalley.com\/br\/wp-json\/wp\/v2\/media?parent=369"}],"curies":[{"name":"wp","href":"https:\/\/api.w.org\/{rel}","templated":true}]}}