{"id":97,"date":"2024-12-24T18:39:49","date_gmt":"2024-12-24T18:39:49","guid":{"rendered":"https:\/\/thesacredvalley.com\/br\/?page_id=97"},"modified":"2026-01-21T15:48:03","modified_gmt":"2026-01-21T15:48:03","slug":"contato","status":"publish","type":"page","link":"https:\/\/thesacredvalley.com\/br\/contato\/","title":{"rendered":"The Sacred Valley Consulte, Cote e Contate-nos"},"content":{"rendered":"<div class=\"vs-content\">\n<div class=\"ts-prose vs-content__full\">\n<h1 class=\"text-center\">The Sacred Valley Consulte, Cote e Contate-nos<\/h1>\n<p class=\"text-justify\">Em TheSacredValley.com estaremos atentos \u00e0s suas d\u00favidas sobre os tours ou atividades para realizar no Vale Sagrado dos Incas. Tamb\u00e9m lhe responderemos com os pre\u00e7os, servi\u00e7os e tudo o que nossos tours incluem dependendo da quantidade de acompanhantes ou viajantes interessados \u200b\u200bem nossos servi\u00e7os. O Vale Sagrado est\u00e1 localizado muito pr\u00f3ximo de Cusco, por isso fazer a viagem \u00e9 simples e confort\u00e1vel de fazer. Voc\u00ea pode solicitar um or\u00e7amento indicando o nome do tour ou destinos, a data aproximada da viagem e a quantidade de pessoas. Se voc\u00ea procura outro meio de comunica\u00e7\u00e3o, tamb\u00e9m pode conferir nosso blog e recomenda\u00e7\u00f5es. Da mesma forma, podemos contactar-nos atrav\u00e9s do WhatsApp atrav\u00e9s dos n\u00fameros (+51) 932 222 271, (+51) 994 349 441.<\/p>\n<p>\n    <\/div>\n<div class=\"mt-fmv-form-render fm-form-container\" id=\"fmv_data_id\"><form-container :data=\"render\" :loading=\"loading\" :current=\"current\" :submited=\"submited\" :settings=\"settings\" :nosolved=\"showCaptchaError\" :sending=\"sending\" :pre-upload=\"preUpload\" :show-preview-data=\"showPreviewData\" :show-submit-buttons=\"showSubmitButtons\" :fid=\"fid\" :preview-data-content=\"previewDataContent\" :change-register-section=\"changeRegisterSection\" :is-login=\"isLogin\" :payments=\"payments\" :translates=\"translates\" :type=\"type\" :message=\"message\"><\/form-container><\/div><\/div>\n","protected":false},"excerpt":{"rendered":"<p>The Sacred Valley Consulte, Cote e Contate-nos Em TheSacredValley.com estaremos atentos \u00e0s suas d\u00favidas sobre os tours ou atividades para realizar no Vale Sagrado dos Incas. Tamb\u00e9m lhe responderemos com os pre\u00e7os, servi\u00e7os e tudo o que nossos tours incluem dependendo da quantidade de acompanhantes ou viajantes interessados \u200b\u200bem nossos servi\u00e7os. O Vale Sagrado est\u00e1 [&hellip;]<\/p>\n","protected":false},"author":1,"featured_media":0,"parent":0,"menu_order":0,"comment_status":"closed","ping_status":"closed","template":"","meta":{"footnotes":""},"class_list":["post-97","page","type-page","status-publish","hentry","wpautop"],"aioseo_notices":[],"_links":{"self":[{"href":"https:\/\/thesacredvalley.com\/br\/wp-json\/wp\/v2\/pages\/97"}],"collection":[{"href":"https:\/\/thesacredvalley.com\/br\/wp-json\/wp\/v2\/pages"}],"about":[{"href":"https:\/\/thesacredvalley.com\/br\/wp-json\/wp\/v2\/types\/page"}],"author":[{"embeddable":true,"href":"https:\/\/thesacredvalley.com\/br\/wp-json\/wp\/v2\/users\/1"}],"replies":[{"embeddable":true,"href":"https:\/\/thesacredvalley.com\/br\/wp-json\/wp\/v2\/comments?post=97"}],"version-history":[{"count":4,"href":"https:\/\/thesacredvalley.com\/br\/wp-json\/wp\/v2\/pages\/97\/revisions"}],"predecessor-version":[{"id":384,"href":"https:\/\/thesacredvalley.com\/br\/wp-json\/wp\/v2\/pages\/97\/revisions\/384"}],"wp:attachment":[{"href":"https:\/\/thesacredvalley.com\/br\/wp-json\/wp\/v2\/media?parent=97"}],"curies":[{"name":"wp","href":"https:\/\/api.w.org\/{rel}","templated":true}]}}