{"id":1147,"date":"2025-09-29T16:31:12","date_gmt":"2025-09-29T16:31:12","guid":{"rendered":"https:\/\/thesacredvalley.com\/es\/?page_id=1147"},"modified":"2026-02-02T17:54:34","modified_gmt":"2026-02-02T17:54:34","slug":"tours","status":"publish","type":"page","link":"https:\/\/thesacredvalley.com\/es\/tours\/","title":{"rendered":"Tours The Sacred Valley"},"content":{"rendered":"<div class=\"vs-content\">\n<div class=\"ts-prose vs-content__full\">\n<h1 class=\"text-center\">Tours al Valle Sagrado de los Incas: Vive la Historia y la Naturaleza<\/h1>\n<p class=\"text-justify\">Explora con nosotros el Valle Sagrado de los Incas, un destino lleno de maravillas arqueol\u00f3gicas, paisajes impresionantes y tradiciones milenarias. Nuestros tours est\u00e1n dise\u00f1ados para que vivas una experiencia \u00fanica, descubriendo la riqueza cultural y natural que hace de este lugar un tesoro vivo. \u00a1Acomp\u00e1\u00f1anos en esta aventura inolvidable!<\/p>\n<div class=\"vs-list-container js-container-tour\"><input type=\"hidden\" value=\"1\" id=\"js-page-tour\" name=\"js-page-tour\"><input type=\"hidden\" value=\"8\" id=\"js-paginado\" name=\"js-paginado\"><div class=\"slick-3__gap js-content_tour\"><div class=\"imtlocalcard\"><div class=\"imtlocalcard__container\"><div class=\"imtlocalcard__imgcont\"><img decoding=\"async\" alt=\"\" src=\"https:\/\/thesacredvalley.com\/wp-content\/uploads\/camino-inca-banner.jpg\" width=\"384\" height=\"216\" class=\"imtlocalcard__img\" loading=\"lazy\"><div class=\"price_offer mask-from-price\">Precio <span>1,149 USD<\/span><\/div><\/div><\/div><div class=\"imtlocalcard__bottomcard\"><span class=\"imtlocalcard__title\">Tour Valle Sagrado + Camino Inca aventura 8 d\u00edas en Cusco<\/span><div class=\"imtlocalcard__detail\">Conoce Sacsayhuam\u00e1n, Qenqo, P\u00edsac, Ollantaytambo, Intipata, Sayacmarca, Wi\u00f1ayhuayna y Machu Picchu. Desde Cusco por el Camino Inca 4 d\u00edas.<\/div><\/div><a href=\"https:\/\/thesacredvalley.com\/es\/tour-valle-sagrado-camino-inca-8d\/\" class=\"localcard-link\">Tour Valle Sagrado + Camino Inca aventura 8 d\u00edas en Cusco<\/a><\/div><div class=\"imtlocalcard\"><div class=\"imtlocalcard__container\"><div class=\"imtlocalcard__imgcont\"><img decoding=\"async\" alt=\"\" src=\"https:\/\/thesacredvalley.com\/wp-content\/uploads\/turistas-winaywayna-camino-inca-banner.jpg\" width=\"384\" height=\"216\" class=\"imtlocalcard__img\" loading=\"lazy\"><div class=\"price_offer mask-from-price\">Precio <span>940 USD<\/span><\/div><\/div><\/div><div class=\"imtlocalcard__bottomcard\"><span class=\"imtlocalcard__title\">City Tour, Valle Sagrado + Camino Inca corto aventura de 5 d\u00edas<\/span><div class=\"imtlocalcard__detail\">Conoce Machu Picchu, el Valle Sagrado de los Incas y la recorre Cusco, Sacsayhuam\u00e1n y el Coricancha con hoteles, boletos de ingreso y gu\u00eda de turismo.<\/div><\/div><a href=\"https:\/\/thesacredvalley.com\/es\/tour-valle-sagrado-camino-inca-corto-5d\/\" class=\"localcard-link\">City Tour, Valle Sagrado + Camino Inca corto aventura de 5 d\u00edas<\/a><\/div><div class=\"imtlocalcard\"><div class=\"imtlocalcard__container\"><div class=\"imtlocalcard__imgcont\"><img decoding=\"async\" alt=\"\" src=\"https:\/\/thesacredvalley.com\/wp-content\/uploads\/mirador-moray-banner.jpg\" width=\"384\" height=\"216\" class=\"imtlocalcard__img\" loading=\"lazy\"><div class=\"price_offer mask-from-price\">Precio <span>707 USD<\/span><\/div><\/div><\/div><div class=\"imtlocalcard__bottomcard\"><span class=\"imtlocalcard__title\">Tour Valle Sagrado + Machu Picchu Y Cusco Inolvidable 4 D\u00edas<\/span><div class=\"imtlocalcard__detail\">Conoce Machu Picchu, el Valle Sagrado de los Incas y la recorre Cusco, Sacsayhuam\u00e1n y el Coricancha con hoteles, boletos de ingreso y gu\u00eda de turismo.<\/div><\/div><a href=\"https:\/\/thesacredvalley.com\/es\/tour-valle-sagrado-machu-picchu-cusco-4d\/\" class=\"localcard-link\">Tour Valle Sagrado + Machu Picchu Y Cusco Inolvidable 4 D\u00edas<\/a><\/div><div class=\"imtlocalcard\"><div class=\"imtlocalcard__container\"><div class=\"imtlocalcard__imgcont\"><img decoding=\"async\" alt=\"\" src=\"https:\/\/thesacredvalley.com\/wp-content\/uploads\/cuatrimoto-maras-moray-banner.jpg\" width=\"384\" height=\"216\" class=\"imtlocalcard__img\" loading=\"lazy\"><div class=\"price_offer mask-from-price\">Precio <span>70 USD<\/span><\/div><\/div><\/div><div class=\"imtlocalcard__bottomcard\"><span class=\"imtlocalcard__title\">Aventura en Cuatrimotos por Maras Moray en Cusco<\/span><div class=\"imtlocalcard__detail\">Maras y Moray en cuatrimotos por el Valle Sagrado. El viaje comienza en Cusco y permite una ruta de 2 horas en cuatrimotos. Toda la aventura, precios y m\u00e1s aqu\u00ed.<\/div><\/div><a href=\"https:\/\/thesacredvalley.com\/es\/tour-cuatrimotos-maras-moray-1d\/\" class=\"localcard-link\">Aventura en Cuatrimotos por Maras Moray en Cusco<\/a><\/div><div class=\"imtlocalcard\"><div class=\"imtlocalcard__container\"><div class=\"imtlocalcard__imgcont\"><img decoding=\"async\" alt=\"\" src=\"https:\/\/thesacredvalley.com\/wp-content\/uploads\/andenes-circulares-moray-banner.jpg\" width=\"384\" height=\"216\" class=\"imtlocalcard__img\" loading=\"lazy\"><div class=\"price_offer mask-from-price\">Precio <span>78 USD<\/span><\/div><\/div><\/div><div class=\"imtlocalcard__bottomcard\"><span class=\"imtlocalcard__title\">Tour 1 d\u00eda Valle Sagrado completo + Maras y Moray en Cusco<\/span><div class=\"imtlocalcard__detail\">Valle Sagrado completo en solo 1 d\u00eda y con todos los servicios para tener una experiencia inolvidable, Reserva y adquirir transporte, gu\u00eda de turismo y todo lo necesario.<\/div><\/div><a href=\"https:\/\/thesacredvalley.com\/es\/tour-valle-sagrado-maras-moray-1d\/\" class=\"localcard-link\">Tour 1 d\u00eda Valle Sagrado completo + Maras y Moray en Cusco<\/a><\/div><div class=\"imtlocalcard\"><div class=\"imtlocalcard__container\"><div class=\"imtlocalcard__imgcont\"><img decoding=\"async\" alt=\"\" src=\"https:\/\/thesacredvalley.com\/wp-content\/uploads\/turistas-salineras-maras-banner.jpg\" width=\"384\" height=\"216\" class=\"imtlocalcard__img\" loading=\"lazy\"><div class=\"price_offer mask-from-price\">Precio <span>64 USD<\/span><\/div><\/div><\/div><div class=\"imtlocalcard__bottomcard\"><span class=\"imtlocalcard__title\">Tour Maras y Moray en el Valle Sagrado de cusco<\/span><div class=\"imtlocalcard__detail\">Maras y Moray te esperan. Disfruta de todas las comodidades en este tour de un d\u00eda. Viaja en modernos transportes y conoce los mejores precios de la temporada.<\/div><\/div><a href=\"https:\/\/thesacredvalley.com\/es\/tour-maras-moray-1d\/\" class=\"localcard-link\">Tour Maras y Moray en el Valle Sagrado de cusco<\/a><\/div><div class=\"imtlocalcard\"><div class=\"imtlocalcard__container\"><div class=\"imtlocalcard__imgcont\"><img decoding=\"async\" alt=\"\" src=\"https:\/\/thesacredvalley.com\/wp-content\/uploads\/turista-sentada-observando-machu-picchu-banner.jpg\" width=\"384\" height=\"216\" class=\"imtlocalcard__img\" loading=\"lazy\"><div class=\"price_offer mask-from-price\">Precio <span>486 USD<\/span><\/div><\/div><\/div><div class=\"imtlocalcard__bottomcard\"><span class=\"imtlocalcard__title\">Tour Machu Pichu + Valle Sagrado aventura 2 d\u00edas<\/span><div class=\"imtlocalcard__detail\">Descubre la magia de Machu Picchu y el Valle Sagrado en un tour de 2 d\u00edas. Explora paisajes impresionantes, vive la cultura inca y disfruta de una experiencia \u00fanica. \u00a1Reserva...<\/div><\/div><a href=\"https:\/\/thesacredvalley.com\/es\/tour-machu-pichu-valle-sagrado-2d\/\" class=\"localcard-link\">Tour Machu Pichu + Valle Sagrado aventura 2 d\u00edas<\/a><\/div><div class=\"imtlocalcard\"><div class=\"imtlocalcard__container\"><div class=\"imtlocalcard__imgcont\"><img decoding=\"async\" alt=\"\" src=\"https:\/\/thesacredvalley.com\/wp-content\/uploads\/valle-sagrado-ts.jpg\" width=\"384\" height=\"216\" class=\"imtlocalcard__img\" loading=\"lazy\"><div class=\"price_offer mask-from-price\">Precio <span>68 USD<\/span><\/div><\/div><\/div><div class=\"imtlocalcard__bottomcard\"><span class=\"imtlocalcard__title\">Tour Valle Sagrado de los Incas en Cusco &#8211; Ruta Cl\u00e1sica<\/span><div class=\"imtlocalcard__detail\">En solo 1 d\u00eda conoce el Valle Sagrado en Cusco. Este tour te lleva por P\u00edsac, Ollantaytambo y Chinchero. Aprovecha nuestras ofertas y m\u00e1s del imperio de los incas.<\/div><\/div><a href=\"https:\/\/thesacredvalley.com\/es\/tour-valle-sagrado-incas-1d\/\" class=\"localcard-link\">Tour Valle Sagrado de los Incas en Cusco &#8211; Ruta Cl\u00e1sica<\/a><\/div><\/div><\/div><\/div>\n<\/div>\n","protected":false},"excerpt":{"rendered":"<p>Tours al Valle Sagrado de los Incas: Vive la Historia y la Naturaleza Explora con nosotros el Valle Sagrado de los Incas, un destino lleno de maravillas arqueol\u00f3gicas, paisajes impresionantes y tradiciones milenarias. Nuestros tours est\u00e1n dise\u00f1ados para que vivas una experiencia \u00fanica, descubriendo la riqueza cultural y natural que hace de este lugar un [&hellip;]<\/p>\n","protected":false},"author":1,"featured_media":0,"parent":0,"menu_order":0,"comment_status":"closed","ping_status":"closed","template":"","meta":{"footnotes":""},"class_list":["post-1147","page","type-page","status-publish","hentry","wpautop"],"aioseo_notices":[],"_links":{"self":[{"href":"https:\/\/thesacredvalley.com\/es\/wp-json\/wp\/v2\/pages\/1147"}],"collection":[{"href":"https:\/\/thesacredvalley.com\/es\/wp-json\/wp\/v2\/pages"}],"about":[{"href":"https:\/\/thesacredvalley.com\/es\/wp-json\/wp\/v2\/types\/page"}],"author":[{"embeddable":true,"href":"https:\/\/thesacredvalley.com\/es\/wp-json\/wp\/v2\/users\/1"}],"replies":[{"embeddable":true,"href":"https:\/\/thesacredvalley.com\/es\/wp-json\/wp\/v2\/comments?post=1147"}],"version-history":[{"count":7,"href":"https:\/\/thesacredvalley.com\/es\/wp-json\/wp\/v2\/pages\/1147\/revisions"}],"predecessor-version":[{"id":1185,"href":"https:\/\/thesacredvalley.com\/es\/wp-json\/wp\/v2\/pages\/1147\/revisions\/1185"}],"wp:attachment":[{"href":"https:\/\/thesacredvalley.com\/es\/wp-json\/wp\/v2\/media?parent=1147"}],"curies":[{"name":"wp","href":"https:\/\/api.w.org\/{rel}","templated":true}]}}