{"id":343,"date":"2024-10-07T20:07:05","date_gmt":"2024-10-07T20:07:05","guid":{"rendered":"https:\/\/thesacredvalley.com\/es\/?page_id=343"},"modified":"2025-01-08T15:31:48","modified_gmt":"2025-01-08T15:31:48","slug":"politicas-privacidad","status":"publish","type":"page","link":"https:\/\/thesacredvalley.com\/es\/politicas-privacidad\/","title":{"rendered":"Pol\u00edticas de privacidad en The Sacred Valley"},"content":{"rendered":"<div class=\"vs-content\">\n<div class=\"ts-prose vs-content__full\">\n<h1 class=\"text-center\">Pol\u00edticas de privacidad en The Sacred Valley<\/h1>\n<p class=\"text-justify\">TheSacredValley.com preocupados con la seguridad personal y privacidad de todos los clientes. En este documento mostraremos cada detalle de c\u00f3mo se utilizan los datos que el cliente deja al momento de hacer la reserva. Los datos personales ser\u00e1n \u00fanicamente utilizados con fines espec\u00edficos que detallaremos a continuaci\u00f3n.<\/p>\n<div class=\"listadvice\">\n<div class=\"scat\">\n<div class=\"scat__intro\">\n<h2>Entidad encargada de recopilar datos<\/h2>\n<p class=\"text-justify\">La entidad responsable de encargar los datos al momento de hacer las reservas en TheSacredValley.com, es:<\/p>\n<p class=\"text-justify\">Machupicchu Terra S.R.L. ubicado en la Calle Recoleta Angosta 208 \u2013 Cusco \u2013 Per\u00fa.<\/p>\n<p class=\"text-justify\">En caso la informaci\u00f3n no quede clara o necesite alguna aclaraci\u00f3n sobre alg\u00fan tema, puede escribirnos a <a href=\"mailto:info@machupicchuterra.com\">info@machupicchuterra.com<\/a>. A continuaci\u00f3n, mostraremos los detalles de recopilaci\u00f3n de la informaci\u00f3n que llega a nuestra plataforma virtual al momento de navegar y registrar una reserva.<\/p>\n<\/p><\/div>\n<\/p><\/div>\n<div class=\"scat\">\n<div class=\"scat__intro\">\n<h2>Protecci\u00f3n de datos<\/h2>\n<p class=\"text-justify\">Los datos que se registran al navegar por TheSacredValley.com queda registrado en nuestro sistema. En tal sentido, con el fin de proteger a nuestros usuarios y tambi\u00e9n generar informaci\u00f3n transparente, <strong>el presente documento, muestra los datos que se registran en nuestros sistemas al momento de navegar.<\/strong> Todo esto lo veremos a continuaci\u00f3n.<\/p>\n<\/p><\/div>\n<\/p><\/div>\n<div class=\"scat\">\n<div class=\"scat__intro\">\n<h2>Recopilaci\u00f3n de datos de forma autom\u00e1tica<\/h2>\n<p class=\"text-justify\">TheSacredValley.com, al ser una plataforma virtual de libre acceso. Permite la navegaci\u00f3n de usuarios o clientes de diferentes partes del mundo. Al ubicarnos como p\u00e1gina web, es posible que la navegaci\u00f3n se realice de diferentes dispositivos. Este acto emitir\u00e1 informaci\u00f3n a nuestros datos de forma inmediata y autom\u00e1tica. La funci\u00f3n autom\u00e1tica de este proceso es que son requerimientos t\u00e9cnicos y de programaci\u00f3n. <strong>Los datos registrados de forma autom\u00e1tica son:<\/strong><\/p>\n<ul class=\"text-justify\">\n<li>La navegaci\u00f3n que realiza en TheSacredValley.com, es decir, URL de la p\u00e1gina.<\/li>\n<li>As\u00ed mismo, se registrar\u00e1 la fecha y la hora de ingreso.<\/li>\n<\/ul>\n<p><strong>Los datos registrados nos ayudan en las siguientes tareas:<\/strong><\/p>\n<ul class=\"text-justify\">\n<li>Regulaci\u00f3n de datos, para ofrecer un servicio mucho m\u00e1s r\u00e1pido. Es decir, se distribuye y adapta el acceso a la p\u00e1gina web, en varios dispositivos para evitar demoras en cargas.<\/li>\n<li>Los datos recopilados nos permiten la protecci\u00f3n de nuestros propios sistemas de seguridad y navegaci\u00f3n.  Esto con el fin de evitar ataques directos, simult\u00e1neos o regulados.<\/li>\n<li>Para que la plataforma virtual, sistemas y m\u00e1s condiciones t\u00e9cnicas funcionen de forma adecuada.<\/li>\n<li>Los datos recopilados tambi\u00e9n nos sirven como seguridad y generar una base legal. Esto para casos de indicios y delitos de fraude y penales.<\/li>\n<li>En el caso de la Direcci\u00f3n IP de los clientes y usuarios libres que navegan en TheSacredValley.com, solo queda almacenada por 14 meses.<\/li>\n<li>La direcci\u00f3n IP, solo nos muestra que la navegaci\u00f3n se desarroll\u00f3 con \u00f3ptimas condiciones. Es decir que nuestra plataforma virtual no est\u00e1 siendo vulnerada.<\/li>\n<\/ul><\/div>\n<\/p><\/div>\n<div class=\"scat\">\n<div class=\"scat__intro\">\n<h2>Datos registrados al momento de registrar una reserva<\/h2>\n<p class=\"text-justify\">Los datos requeridos para registrar una reserva por persona son:<\/p>\n<ul>\n<li>Apellidos y nombres.<\/li>\n<li>Correo electr\u00f3nico.<\/li>\n<li>N\u00famero de tel\u00e9fono y WhatsApp.<\/li>\n<li>N\u00famero de pasaporte.<\/li>\n<li>N\u00famero de Documento de Identidad.<\/li>\n<li>Edad.<\/li>\n<\/ul>\n<p class=\"text-justify\">Por otro lado, TheSacredValley.com, no exige una cuenta o registro previo al momento de utilizar o registrar una reserva. Todo el proceso de navegaci\u00f3n, reserva y otros procesos, son totalmente gratuitas y de libre acceso.<\/p>\n<\/p><\/div>\n<\/p><\/div>\n<div class=\"scat\">\n<div class=\"scat__intro\">\n<h2>Sobre atenci\u00f3n al cliente<\/h2>\n<p class=\"text-justify\">Nuestros servicios se exponen \u00fanicamente por la plataforma virtual <a href=\"https:\/\/thesacredvalley.com\/es\/\">thesacredvalley.com<\/a>. Para entablar una comunicaci\u00f3n adecuada con los usuarios y clientes interesados en viajes al Valle Sagrado de los Incas, por nuestra agencia. Podremos comunicarnos mediante el registro, el correo electr\u00f3nico y WhatsApp.<\/p>\n<ul class=\"text-justify\">\n<li><strong>Sobre el host o alojamiento de nuestra p\u00e1gina web<\/strong><\/li>\n<\/ul>\n<ul class=\"text-justify\" style=\"list-style: none;\">\n<li>Nuestra p\u00e1gina web como todas, se encuentran dentro de servicios de almacenamiento. <strong>En este caso, TheSacredValley.com, registra sus datos en Amazon Web Services (AWS).<\/strong><\/li>\n<li>Confiamos en este servicio por su sofisticado sistema porque como lo mencionamos m\u00e1s arriba, nos permite conocer los datos estad\u00edsticos y an\u00e1lisis proporcionados por la misma AWS.<\/li>\n<li>De igual forma AWS, tiene sus propias regulaciones las cuales est\u00e1n reguladas con leyes de privacidad.<\/li>\n<li><strong>Por otro lado, TheSacredValley.com, utiliza recursos de otros medios de comunicaci\u00f3n<\/strong> como el caso de WhatsApp (para respuestas y consultas inmediatas), correo electr\u00f3nico y nuestra plataforma digital o p\u00e1gina web. Mientras que para confirmar una reserva lo realizaremos desde la plataforma de Gmail.<\/li>\n<\/ul><\/div>\n<\/p><\/div>\n<div class=\"scat\">\n<div class=\"scat__intro\">\n<h2>Sobre el uso de Cookies<\/h2>\n<p class=\"text-justify\">Nuestros servicios tambi\u00e9n utilizan algunas cookies para que las funciones que realizan los usuarios, se registren y podamos conocer la informaci\u00f3n concreta de los usuarios. Las cookies, solamente funcionar\u00e1n como peque\u00f1os aditivos que le ayudar\u00e1n a navegar con mayor facilidad por nuestra p\u00e1gina web. As\u00ed mismo las cookies tambi\u00e9n funcionan como una fuente de protecci\u00f3n de nuestros recursos.<\/p>\n<\/p><\/div>\n<\/p><\/div>\n<\/p><\/div>\n<\/p><\/div>\n<\/div>\n","protected":false},"excerpt":{"rendered":"<p>Pol\u00edticas de privacidad en The Sacred Valley TheSacredValley.com preocupados con la seguridad personal y privacidad de todos los clientes. En este documento mostraremos cada detalle de c\u00f3mo se utilizan los datos que el cliente deja al momento de hacer la reserva. Los datos personales ser\u00e1n \u00fanicamente utilizados con fines espec\u00edficos que detallaremos a continuaci\u00f3n. Entidad [&hellip;]<\/p>\n","protected":false},"author":1,"featured_media":0,"parent":0,"menu_order":0,"comment_status":"closed","ping_status":"closed","template":"","meta":{"footnotes":""},"class_list":["post-343","page","type-page","status-publish","hentry","wpautop"],"aioseo_notices":[],"_links":{"self":[{"href":"https:\/\/thesacredvalley.com\/es\/wp-json\/wp\/v2\/pages\/343"}],"collection":[{"href":"https:\/\/thesacredvalley.com\/es\/wp-json\/wp\/v2\/pages"}],"about":[{"href":"https:\/\/thesacredvalley.com\/es\/wp-json\/wp\/v2\/types\/page"}],"author":[{"embeddable":true,"href":"https:\/\/thesacredvalley.com\/es\/wp-json\/wp\/v2\/users\/1"}],"replies":[{"embeddable":true,"href":"https:\/\/thesacredvalley.com\/es\/wp-json\/wp\/v2\/comments?post=343"}],"version-history":[{"count":5,"href":"https:\/\/thesacredvalley.com\/es\/wp-json\/wp\/v2\/pages\/343\/revisions"}],"predecessor-version":[{"id":753,"href":"https:\/\/thesacredvalley.com\/es\/wp-json\/wp\/v2\/pages\/343\/revisions\/753"}],"wp:attachment":[{"href":"https:\/\/thesacredvalley.com\/es\/wp-json\/wp\/v2\/media?parent=343"}],"curies":[{"name":"wp","href":"https:\/\/api.w.org\/{rel}","templated":true}]}}