{"id":347,"date":"2024-10-07T20:45:21","date_gmt":"2024-10-07T20:45:21","guid":{"rendered":"https:\/\/thesacredvalley.com\/es\/?page_id=347"},"modified":"2026-01-21T15:45:36","modified_gmt":"2026-01-21T15:45:36","slug":"contacto","status":"publish","type":"page","link":"https:\/\/thesacredvalley.com\/es\/contacto\/","title":{"rendered":"Contacto The Sacred Valley"},"content":{"rendered":"<div class=\"vs-content\">\n<div class=\"ts-prose vs-content__full\">\n<h1 class=\"text-center\">Contacto TheSacredValley.com<\/h1>\n<p class=\"text-justify\">TheSacredValley.com es una plataforma digital que pertenece a Machupicchu Terra. Se ubica en la ciudad de Cusco. Es una agencia de viajes con licencia de funcionamiento declarada por el Ministerio de Cultura. Adem\u00e1s, lleva m\u00e1s de 10 a\u00f1os de funcionamiento.<\/p>\n<div class=\"listadvice\">\n<div class=\"scat\">\n<div class=\"scat__intro\">\n<h2>L\u00ednea de tiempo de Machupicchu Terra<\/h2>\n<ul>\n<li>A finales del 2013 se funda de forma oficial Machupicchu Terra.<\/li>\n<li>Durante el 2014 se crea la p\u00e1gina web y plataforma digital de Boleto Machu Picchu.<\/li>\n<li>El 2015 empez\u00f3 a operar desde una oficina c\u00e9ntrica en Cusco \u2013 Per\u00fa.<\/li>\n<li>Como una forma de agregar m\u00e1s servicios en el 2016, se a\u00f1adieron las rutas de senderismo Camino Inca 2 y 4 d\u00edas. As\u00ed mismo la ruta del Salkantay Trek, Lares Trek y m\u00e1s.<\/li>\n<li>Gracias a diversos equipos de trabajo, logr\u00f3 consolidarse y sobrellevar la pandemia por el COVID \u2013 19.<\/li>\n<li>Desde el 2021 se crearon nuevas p\u00e1ginas como Imachupicchu, p\u00e1ginas dedicadas a toda la informaci\u00f3n sobre Machu Picchu Entre otras que permiten ofrecer todos los servicios necesarios para llegar a Machu Picchu.<\/li>\n<li><strong>As\u00ed en el 2024 se lanza la p\u00e1gina TheSacredValley.com<\/strong> dedicada de forma exclusiva a las diferentes experiencias ofrecidas en el hermoso Valle Sagrado de los incas.<\/li>\n<li>Conoce m\u00e1s de Machupicchu Terra: <a href=\"https:\/\/www.machupicchuterra.com\/es\/acerca-de-nosotros\/\">Acerca de nosotros<\/a>.<\/li>\n<\/ul><\/div>\n<\/p><\/div>\n<\/p><\/div>\n<div class=\"listadvice\">\n<div class=\"scat\">\n<div class=\"scat__intro\">\n<h2>Contacta con TheSacredValley.com<\/h2>\n<p class=\"text-justify\">Si est\u00e1s interesado con los viajes por el Valle Sagrado de los Incas en Cusco, puede solicitar informaci\u00f3n e incluso hablar con uno de nuestros asesores. Los medios de comunicaci\u00f3n son los que siguen:<\/p>\n<p class=\"text-justify\">Para comunicarse con nosotros y asesores de viaje:<\/p>\n<ul>\n<li>WhatsApp:\n<ul>\n<li>(+51) 932 222 271<\/li>\n<li>(+51) 994 349 441<\/li>\n<\/ul>\n<\/li>\n<li>Correo electr\u00f3nico:\n<ul>\n<li><a href=\"mailto:info@machupicchuterra.com\">info@machupicchuterra.com<\/a><\/li>\n<\/ul>\n<\/li>\n<\/ul>\n<p class=\"text-justify\">Redes sociales de Machupicchu Terra:<\/p>\n<ul>\n<li>Facebook: <a href=\"https:\/\/www.facebook.com\/Machupicchuterraoficial\/\">Machupicchuterraoficial<\/a><\/li>\n<li>Instagram: <a href=\"https:\/\/www.instagram.com\/MACHUPICCHU_TERRA\/\">MACHUPICCHU_TERRA<\/a><\/li>\n<li>Tik Tok: <a href=\"https:\/\/www.tiktok.com\/@machupicchuterra\">@machupicchuterra<\/a><\/li>\n<li>YouTube: <a href=\"https:\/\/www.youtube.com\/@IMachupicchu\">@IMachupicchu<\/a><\/li>\n<\/ul><\/div>\n<\/p><\/div>\n<\/p><\/div>\n<div class=\"listadvice\">\n<div class=\"scat\">\n<div class=\"scat__intro\">\n<h2>Oficinas en Cusco<\/h2>\n<p class=\"text-justify\">Calle Recoleta Angosta #208 Cusco \u2013 Per\u00fa<\/p>\n<\/p><\/div>\n<\/p><\/div>\n<\/p><\/div>\n<div class=\"listadvice\">\n<div class=\"scat\">\n<div class=\"scat__intro\">\n<h2>Viajes personalizados por TheSacredValley.com<\/h2>\n<p class=\"text-justify\">Disfruta de nuestros servicios personalizados en Cusco, el Valle Sagrado de los Incas y tambi\u00e9n Machu Picchu, solo tiene que ponerse en contacto con nosotros. Ya sea por Nuestra p\u00e1gina web, WhatsApp o correo electr\u00f3nico. Ambos medios de comunicaci\u00f3n servir\u00e1n para que pueda dejar las posibles fechas de viajes, planes, dudas y consultas.<\/p>\n<p class=\"text-justify\">Cualquiera de las experiencias que decida realizar en Cusco y el Valle Sagrado de los incas, son una excelente opci\u00f3n porque tienen mucho que ofrecer. Estamos seguros de que con nuestro asesoramiento encontrar\u00e1 la mejor manera de tener unas adecuadas vacaciones.<\/p>\n<p class=\"text-justify\">Puede conocer m\u00e1s de los servicios que ofrecemos en nuestra agencia de viajes ingresando a:<\/p>\n<ul>\n<li><strong>Testimonios de nuestros clientes:<\/strong><\/li>\n<\/ul>\n<ul>\n<li>TripAdvisor: <a href=\"https:\/\/www.tripadvisor.com.pe\/Attraction_Review-g294314-d5929777-Reviews-Machupicchu_Terra-Cusco_Cusco_Region.html\">Reviews Machupicchu Terra<\/a><\/li>\n<li>MachuPicchu Terra \u2013 <a href=\"https:\/\/www.machupicchuterra.com\/es\/testimonios\/\">Testimonios<\/a><\/li>\n<li>Google rese\u00f1as:<\/li>\n<\/ul><\/div>\n<\/p><\/div>\n<\/p><\/div>\n<div class=\"listadvice\">\n<div class=\"scat\">\n<div class=\"scat__intro\">\n<h2>Acerca de TheSacredValley.com<\/h2>\n<p class=\"text-justify\">Queremos mostrarles, a los miles de visitantes, que estamos trabajando constantemente en mejorar y dejar mejores servicios a todos aquellos que deseen visitar el Valle Sagrado de los Incas. Por ello les dejamos nuestra visi\u00f3n y misi\u00f3n.<\/p>\n<\/p><\/div>\n<\/p><\/div>\n<\/p><\/div>\n<div class=\"listadvice\">\n<div class=\"scat\">\n<div class=\"scat__intro\">\n<h2>Misi\u00f3n<\/h2>\n<p class=\"text-justify\">Ofrecer una p\u00e1gina web, estable, de sencilla navegaci\u00f3n y con toda la informaci\u00f3n respecto a los viajes en el Valle Sagrado de los Incas. <strong>Para ello, nos dedicamos a ofrecer una interfaz sencilla, segura y de f\u00e1cil accesibilidad para la compra de tours y paquetes tur\u00edsticos.<\/strong> As\u00ed mismo, ofrecemos variedad de servicios destacando siempre nuestro compromiso con los miles de turistas que llegan a nuestro territorio.  Por ello, estaremos siempre generando informaci\u00f3n, documentos, mapas y mucho m\u00e1s contenido relacionado con los viajes en el Valle Sagrado de los Incas.<\/p>\n<\/p><\/div>\n<\/p><\/div>\n<\/p><\/div>\n<div class=\"listadvice\">\n<div class=\"scat\">\n<div class=\"scat__intro\">\n<h2>Visi\u00f3n<\/h2>\n<p class=\"text-justify\">Ser una de las mejores plataformas para que los turistas, clientes y usuarios en general pueda tener un acceso sencillo a la informaci\u00f3n referente a los viajes al Valle Sagrado. <strong>As\u00ed mismo, continuar mejorando las experiencias en los recorridos en el Valle Sagrado.<\/strong> Para ello, se buscar\u00e1 la mejora de los servicios, actualizar informaci\u00f3n con nuevos hallazgos y tambi\u00e9n con la capacitaci\u00f3n constante de nuestros equipos de trabajo y colaboradores en general. Perfeccionando as\u00ed, cada una de nuestras salidas en direcci\u00f3n al Valle Sagrado de los Incas.<\/p>\n<\/p><\/div>\n<\/p><\/div>\n<\/p><\/div>\n<div class=\"listadvice\">\n<div class=\"scat\">\n<div class=\"scat__intro\">\n<h2>\u00bfPor qu\u00e9 viajar con TheSacredValley.com?<\/h2>\n<p class=\"text-justify\">Contamos con el respaldo de una de las mejores agencias de turismo de Cusco. Adem\u00e1s, que cuenta con la autorizaci\u00f3n necesaria para ofrecer la venta de diferentes servicios. Esta autorizaci\u00f3n es certificada tanto por el Ministerio de Cultura del Per\u00fa y la Direcci\u00f3n Regional de Cultura Cusco.<\/p>\n<p class=\"text-justify\">Los precios que ofrecemos son m\u00e1s que competitivos respecto a todos los servicios que ofrecemos. <strong>En TheSacredValley.com optamos por ofrecer experiencias seguras e inolvidables.<\/strong> Buscamos que cada uno de los clientes o usuarios que deciden viajar con nosotros tengan una agradable estad\u00eda es por eso que ofrecemos servicios completos para garantizar la integridad de los miles de turistas que nos contactan.<\/p>\n<p class=\"text-justify\">Para garantizar la confianza en nuestros clientes, tenemos una agencia en Cusco. Ah\u00ed, se encuentran todos los equipos encargados de hacer posible el funcionamiento de TheSacredValley.com. Todos ellos capacitados en diferentes \u00e1reas donde destacar\u00e1 nuestra \u00e1rea de turismo, idiomas, tecnolog\u00edas y otros profesionales que nos ayudan a lograr nuestro objetivo.<\/p>\n<p class=\"text-justify\"><b>\u00bfCu\u00e1l es nuestro objetivo?<\/b> Ser una plataforma digital en donde los usuarios de todas partes del mundo puedan encontrar todos los servicios necesarios para lograr su viaje por el Valle Sagrado de los Incas. As\u00ed mismo, continuar con la seguridad e integridad que caracteriza nuestra p\u00e1gina web. Por ello, ofrecemos diferentes m\u00e9todos de pago y tambi\u00e9n ofrecemos medios de contacto inmediato.<\/p>\n<\/p><\/div>\n<\/p><\/div>\n<\/p><\/div>\n<div class=\"vs-tour-presup__content\">\n<div class=\"vs-tour-presup__disc ts-mask-top\">\n<div class=\"vs-tour-presup__left\">\n<h2 class=\"vs-tour-presup__til\">Comienza esta nueva aventura en el Valle Sagrado de Cusco<\/h2>\n<p class=\"text-justify\">Al contactar con TheSacredValley.com, un especialista en la ruta Valle Sagrado responder\u00e1 todas tus dudas. Gracias a nuestros itinerarios y equipo como transporte, gu\u00edas y m\u00e1s servicios; podr\u00e1 tener uno de los mejores viajes en Cusco. Recuerde que puede personalizar su experiencia.<\/p>\n<\/p><\/div>\n<p>                <a class=\"vs-tour-presup__link\" href=\"#\" target=\"_self\" rel=\"noopener\">\u00a1QUIERO RESERVAR YA!<\/a>\n            <\/div>\n<\/p><\/div>\n<\/p><\/div>\n<\/div>\n","protected":false},"excerpt":{"rendered":"<p>Contacto TheSacredValley.com TheSacredValley.com es una plataforma digital que pertenece a Machupicchu Terra. Se ubica en la ciudad de Cusco. Es una agencia de viajes con licencia de funcionamiento declarada por el Ministerio de Cultura. Adem\u00e1s, lleva m\u00e1s de 10 a\u00f1os de funcionamiento. L\u00ednea de tiempo de Machupicchu Terra A finales del 2013 se funda de [&hellip;]<\/p>\n","protected":false},"author":1,"featured_media":0,"parent":0,"menu_order":0,"comment_status":"closed","ping_status":"closed","template":"","meta":{"footnotes":""},"class_list":["post-347","page","type-page","status-publish","hentry","wpautop"],"aioseo_notices":[],"_links":{"self":[{"href":"https:\/\/thesacredvalley.com\/es\/wp-json\/wp\/v2\/pages\/347"}],"collection":[{"href":"https:\/\/thesacredvalley.com\/es\/wp-json\/wp\/v2\/pages"}],"about":[{"href":"https:\/\/thesacredvalley.com\/es\/wp-json\/wp\/v2\/types\/page"}],"author":[{"embeddable":true,"href":"https:\/\/thesacredvalley.com\/es\/wp-json\/wp\/v2\/users\/1"}],"replies":[{"embeddable":true,"href":"https:\/\/thesacredvalley.com\/es\/wp-json\/wp\/v2\/comments?post=347"}],"version-history":[{"count":7,"href":"https:\/\/thesacredvalley.com\/es\/wp-json\/wp\/v2\/pages\/347\/revisions"}],"predecessor-version":[{"id":1176,"href":"https:\/\/thesacredvalley.com\/es\/wp-json\/wp\/v2\/pages\/347\/revisions\/1176"}],"wp:attachment":[{"href":"https:\/\/thesacredvalley.com\/es\/wp-json\/wp\/v2\/media?parent=347"}],"curies":[{"name":"wp","href":"https:\/\/api.w.org\/{rel}","templated":true}]}}