{"id":372,"date":"2024-10-12T17:22:16","date_gmt":"2024-10-12T17:22:16","guid":{"rendered":"https:\/\/thesacredvalley.com\/es\/?page_id=372"},"modified":"2026-02-06T16:00:37","modified_gmt":"2026-02-06T16:00:37","slug":"blog","status":"publish","type":"page","link":"https:\/\/thesacredvalley.com\/es\/blog\/","title":{"rendered":"Blog &#8211; The Sacred Valley"},"content":{"rendered":"<div class=\"vs-content-fil mt-10 vs-explorar__intro ts-prose\">\n<h1 class=\"text-center\">Descubre el Valle Sagrado: Art\u00edculos, Consejos y M\u00e1s para tu Viaje<\/h1>\n<p class=\"text-justify\">En nuestro blog encontrar\u00e1s art\u00edculos, consejos y todo lo que necesitas saber para disfrutar al m\u00e1ximo tu visita al Valle Sagrado. Desde los mejores lugares hasta tips pr\u00e1cticos, te ayudamos a vivir una experiencia \u00fanica en este destino lleno de historia y naturaleza.<\/p>\n<\/div>\n<div class=\"vs-content-fil\">\n    <div class=\"vs-list-container js-container-post\"><input type=\"hidden\" value=\"1\" id=\"js-page\" name=\"js-page\"s><div class=\"slick-3__gap js-content_article\"><div class=\"imtlocalcard\"><div class=\"imtlocalcard__container\"><div class=\"imtlocalcard__imgcont\"><img decoding=\"async\" alt=\"\" src=\"https:\/\/thesacredvalley.com\/wp-content\/uploads\/calca-card.jpg\" width=\"384\" height=\"216\" class=\"imtlocalcard__img\" loading=\"lazy\"><\/div><\/div><div class=\"imtlocalcard__bottomcard\"><span class=\"imtlocalcard__title\">El pueblo de Calca<\/span><div class=\"imtlocalcard__detail\">Inicio Blog El pueblo de Calca 12 noviembre 2025 El pueblo de Calca Uno de los pueblos principales del Valle Sagrado de los incas es Calca, una hermosa localidad que cuenta con...<\/div><\/div><a href=\"https:\/\/thesacredvalley.com\/es\/pueblo-calca\/\" class=\"localcard-link\">El pueblo de Calca<\/a><\/div><div class=\"imtlocalcard\"><div class=\"imtlocalcard__container\"><div class=\"imtlocalcard__imgcont\"><img decoding=\"async\" alt=\"\" src=\"https:\/\/thesacredvalley.com\/wp-content\/uploads\/urubamba-3.jpg\" width=\"384\" height=\"216\" class=\"imtlocalcard__img\" loading=\"lazy\"><\/div><\/div><div class=\"imtlocalcard__bottomcard\"><span class=\"imtlocalcard__title\">Urubamba: La capital del Valle Sagrado de los Incas<\/span><div class=\"imtlocalcard__detail\">Inicio Blog Urubamba: La capital del Valle Sagrado de los Incas 18 junio 2025 Urubamba: La capital del Valle Sagrado de los Incas La capital del Valle Sagrado es Urubamba, el...<\/div><\/div><a href=\"https:\/\/thesacredvalley.com\/es\/urubamba-capital-valle-sagrado-incas\/\" class=\"localcard-link\">Urubamba: La capital del Valle Sagrado de los Incas<\/a><\/div><div class=\"imtlocalcard\"><div class=\"imtlocalcard__container\"><div class=\"imtlocalcard__imgcont\"><img decoding=\"async\" alt=\"\" src=\"https:\/\/thesacredvalley.com\/wp-content\/uploads\/yucay-1.jpg\" width=\"384\" height=\"216\" class=\"imtlocalcard__img\" loading=\"lazy\"><\/div><\/div><div class=\"imtlocalcard__bottomcard\"><span class=\"imtlocalcard__title\">El Pueblo de Yucay<\/span><div class=\"imtlocalcard__detail\">Inicio Blog El Pueblo de Yucay 17 junio 2025 El Pueblo de Yucay El poblado de Yucay es una de las joyas escondidas del Valle Sagrado de los Incas. Es un lugar peque\u00f1o que podremos...<\/div><\/div><a href=\"https:\/\/thesacredvalley.com\/es\/pueblo-yucay\/\" class=\"localcard-link\">El Pueblo de Yucay<\/a><\/div><div class=\"imtlocalcard\"><div class=\"imtlocalcard__container\"><div class=\"imtlocalcard__imgcont\"><img decoding=\"async\" alt=\"\" src=\"https:\/\/thesacredvalley.com\/wp-content\/uploads\/mirador-taray.jpg\" width=\"384\" height=\"216\" class=\"imtlocalcard__img\" loading=\"lazy\"><\/div><\/div><div class=\"imtlocalcard__bottomcard\"><span class=\"imtlocalcard__title\">Los mejores miradores del Valle Sagrado de los Incas<\/span><div class=\"imtlocalcard__detail\">Inicio Blog Los mejores miradores del Valle Sagrado de los Incas 12 mayo 2025 Los mejores miradores del Valle Sagrado de los Incas A lo largo de nuestro recorrido por el Valle...<\/div><\/div><a href=\"https:\/\/thesacredvalley.com\/es\/miradores-valle-sagrado-incas\/\" class=\"localcard-link\">Los mejores miradores del Valle Sagrado de los Incas<\/a><\/div><div class=\"imtlocalcard\"><div class=\"imtlocalcard__container\"><div class=\"imtlocalcard__imgcont\"><img decoding=\"async\" alt=\"\" src=\"https:\/\/thesacredvalley.com\/wp-content\/uploads\/chinchero-1.jpg\" width=\"384\" height=\"216\" class=\"imtlocalcard__img\" loading=\"lazy\"><\/div><\/div><div class=\"imtlocalcard__bottomcard\"><span class=\"imtlocalcard__title\">El Pueblo de Chinchero<\/span><div class=\"imtlocalcard__detail\">Inicio Blog El Pueblo de Chinchero 13 junio 2025 El Pueblo de Chinchero Un lugar lleno de tradici\u00f3n y costumbres coloridas es el pueblo m\u00e1gico de Chinchero. Un lugar...<\/div><\/div><a href=\"https:\/\/thesacredvalley.com\/es\/pueblo-chinchero\/\" class=\"localcard-link\">El Pueblo de Chinchero<\/a><\/div><div class=\"imtlocalcard\"><div class=\"imtlocalcard__container\"><div class=\"imtlocalcard__imgcont\"><img decoding=\"async\" alt=\"\" src=\"https:\/\/thesacredvalley.com\/wp-content\/uploads\/ollantaymbo-pueblo.jpg\" width=\"384\" height=\"216\" class=\"imtlocalcard__img\" loading=\"lazy\"><\/div><\/div><div class=\"imtlocalcard__bottomcard\"><span class=\"imtlocalcard__title\">El pueblo de Ollantaytambo<\/span><div class=\"imtlocalcard__detail\">Inicio Blog El pueblo de Ollantaytambo 10 junio 2025 El pueblo de Ollantaytambo Una parada obligatoria para poder llegar a Machu Picchu, a trav\u00e9s del viaje en tren, es...<\/div><\/div><a href=\"https:\/\/thesacredvalley.com\/es\/pueblo-ollantaytambo\/\" class=\"localcard-link\">El pueblo de Ollantaytambo<\/a><\/div><div class=\"imtlocalcard\"><div class=\"imtlocalcard__container\"><div class=\"imtlocalcard__imgcont\"><img decoding=\"async\" alt=\"\" src=\"https:\/\/thesacredvalley.com\/wp-content\/uploads\/mercado-pisac.jpg\" width=\"384\" height=\"216\" class=\"imtlocalcard__img\" loading=\"lazy\"><\/div><\/div><div class=\"imtlocalcard__bottomcard\"><span class=\"imtlocalcard__title\">El pueblo de Pisac<\/span><div class=\"imtlocalcard__detail\">Inicio Blog El pueblo de Pisac 10 junio 2025 El pueblo de Pisac Pisac es una de las m\u00e1s impresionantes joyas que encontraremos a lo largo de nuestro recorrido por el Valle...<\/div><\/div><a href=\"https:\/\/thesacredvalley.com\/es\/pueblo-pisac\/\" class=\"localcard-link\">El pueblo de Pisac<\/a><\/div><div class=\"imtlocalcard\"><div class=\"imtlocalcard__container\"><div class=\"imtlocalcard__imgcont\"><img decoding=\"async\" alt=\"\" src=\"https:\/\/thesacredvalley.com\/wp-content\/uploads\/naupa-iglesia-4.jpg\" width=\"384\" height=\"216\" class=\"imtlocalcard__img\" loading=\"lazy\"><\/div><\/div><div class=\"imtlocalcard__bottomcard\"><span class=\"imtlocalcard__title\">Centro Ceremonial de \u00d1aupa Iglesia<\/span><div class=\"imtlocalcard__detail\">Inicio Blog Centro Ceremonial de \u00d1aupa Iglesia 03 Junio 2025 Centro Ceremonial de \u00d1aupa Iglesia \u00d1aupa Iglesia es un lugar lleno de misterio en el coraz\u00f3n del Valle Sagrado de...<\/div><\/div><a href=\"https:\/\/thesacredvalley.com\/es\/centro-ceremonial-naupa-iglesia\/\" class=\"localcard-link\">Centro Ceremonial de \u00d1aupa Iglesia<\/a><\/div><div class=\"imtlocalcard\"><div class=\"imtlocalcard__container\"><div class=\"imtlocalcard__imgcont\"><img decoding=\"async\" alt=\"\" src=\"https:\/\/thesacredvalley.com\/wp-content\/uploads\/inti-punku-4.jpg\" width=\"384\" height=\"216\" class=\"imtlocalcard__img\" loading=\"lazy\"><\/div><\/div><div class=\"imtlocalcard__bottomcard\"><span class=\"imtlocalcard__title\">Inti Punku (Puerta del Sol)<\/span><div class=\"imtlocalcard__detail\">Inicio Blog Inti Punku (Puerta del Sol) 03 Junio 2025 Inti Punku (Puerta del Sol) Dentro del Valle Sagrado de los Incas una de las mejores aventuras que podremos vivir, es la...<\/div><\/div><a href=\"https:\/\/thesacredvalley.com\/es\/inti-punku-puerta-sol\/\" class=\"localcard-link\">Inti Punku (Puerta del Sol)<\/a><\/div><div class=\"imtlocalcard\"><div class=\"imtlocalcard__container\"><div class=\"imtlocalcard__imgcont\"><img decoding=\"async\" alt=\"\" src=\"https:\/\/thesacredvalley.com\/wp-content\/uploads\/huchuyqosqo-2.jpg\" width=\"384\" height=\"216\" class=\"imtlocalcard__img\" loading=\"lazy\"><\/div><\/div><div class=\"imtlocalcard__bottomcard\"><span class=\"imtlocalcard__title\">Recinto Arqueol\u00f3gico de Huchuy Qosqo<\/span><div class=\"imtlocalcard__detail\">Inicio Blog Recinto Arqueol\u00f3gico de Huchuy Qosqo 19 mayo 2025 Recinto Arqueol\u00f3gico de Huchuy Qosqo Uno de los recintos hist\u00f3ricos de los Incas de mayor atractivo que...<\/div><\/div><a href=\"https:\/\/thesacredvalley.com\/es\/recinto-arqueologico-huchuy-qosqo\/\" class=\"localcard-link\">Recinto Arqueol\u00f3gico de Huchuy Qosqo<\/a><\/div><div class=\"imtlocalcard\"><div class=\"imtlocalcard__container\"><div class=\"imtlocalcard__imgcont\"><img decoding=\"async\" alt=\"\" src=\"https:\/\/thesacredvalley.com\/wp-content\/uploads\/salineras-maras-tsv-1.jpg\" width=\"384\" height=\"216\" class=\"imtlocalcard__img\" loading=\"lazy\"><\/div><\/div><div class=\"imtlocalcard__bottomcard\"><span class=\"imtlocalcard__title\">Salineras de Maras<\/span><div class=\"imtlocalcard__detail\">Inicio Blog Salineras de Maras 14 mayo 2025 Salineras de Maras A lo largo de los destinos que encontraremos en el Valle Sagrado, en los recorridos cl\u00e1sicos, est\u00e1n las Salineras...<\/div><\/div><a href=\"https:\/\/thesacredvalley.com\/es\/salineras-maras\/\" class=\"localcard-link\">Salineras de Maras<\/a><\/div><div class=\"imtlocalcard\"><div class=\"imtlocalcard__container\"><div class=\"imtlocalcard__imgcont\"><img decoding=\"async\" alt=\"\" src=\"https:\/\/thesacredvalley.com\/wp-content\/uploads\/moray-tsv-4.jpg\" width=\"384\" height=\"216\" class=\"imtlocalcard__img\" loading=\"lazy\"><\/div><\/div><div class=\"imtlocalcard__bottomcard\"><span class=\"imtlocalcard__title\">Andenes Circulares de Moray<\/span><div class=\"imtlocalcard__detail\">Inicio Blog Andenes Circulares de Moray 13 mayo 2025 Andenes Circulares de Moray Uno de los principales atractivos del Valle Sagrado son las terrazas o andenes circulares de Moray,...<\/div><\/div><a href=\"https:\/\/thesacredvalley.com\/es\/andenes-circulares-moray\/\" class=\"localcard-link\">Andenes Circulares de Moray<\/a><\/div><\/div><div class=\"vs-ctn__action js-load-more-post\"><a class=\"btn btn-red js-more-article\" href=\"javascript:void(0);\" style=\"text-wrap:balance;\">Ver m\u00e1s<\/a><\/div><\/div>\n<\/div>\n","protected":false},"excerpt":{"rendered":"<p>Descubre el Valle Sagrado: Art\u00edculos, Consejos y M\u00e1s para tu Viaje En nuestro blog encontrar\u00e1s art\u00edculos, consejos y todo lo que necesitas saber para disfrutar al m\u00e1ximo tu visita al Valle Sagrado. Desde los mejores lugares hasta tips pr\u00e1cticos, te ayudamos a vivir una experiencia \u00fanica en este destino lleno de historia y naturaleza.<\/p>\n","protected":false},"author":1,"featured_media":0,"parent":0,"menu_order":0,"comment_status":"closed","ping_status":"closed","template":"","meta":{"footnotes":""},"class_list":["post-372","page","type-page","status-publish","hentry","wpautop"],"aioseo_notices":[],"_links":{"self":[{"href":"https:\/\/thesacredvalley.com\/es\/wp-json\/wp\/v2\/pages\/372"}],"collection":[{"href":"https:\/\/thesacredvalley.com\/es\/wp-json\/wp\/v2\/pages"}],"about":[{"href":"https:\/\/thesacredvalley.com\/es\/wp-json\/wp\/v2\/types\/page"}],"author":[{"embeddable":true,"href":"https:\/\/thesacredvalley.com\/es\/wp-json\/wp\/v2\/users\/1"}],"replies":[{"embeddable":true,"href":"https:\/\/thesacredvalley.com\/es\/wp-json\/wp\/v2\/comments?post=372"}],"version-history":[{"count":5,"href":"https:\/\/thesacredvalley.com\/es\/wp-json\/wp\/v2\/pages\/372\/revisions"}],"predecessor-version":[{"id":1195,"href":"https:\/\/thesacredvalley.com\/es\/wp-json\/wp\/v2\/pages\/372\/revisions\/1195"}],"wp:attachment":[{"href":"https:\/\/thesacredvalley.com\/es\/wp-json\/wp\/v2\/media?parent=372"}],"curies":[{"name":"wp","href":"https:\/\/api.w.org\/{rel}","templated":true}]}}