{"id":376,"date":"2024-10-12T17:58:42","date_gmt":"2024-10-12T17:58:42","guid":{"rendered":"https:\/\/thesacredvalley.com\/es\/?page_id=376"},"modified":"2026-01-30T17:37:13","modified_gmt":"2026-01-30T17:37:13","slug":"testimonios","status":"publish","type":"page","link":"https:\/\/thesacredvalley.com\/es\/testimonios\/","title":{"rendered":"Testimonios &#8211; The Sacred Valley"},"content":{"rendered":"<div class=\"vs-content\">\n<div class=\"ts-prose vs-content__full\">\n<h1 class=\"text-center\">Conoce m\u00e1s de nuestros servicios con los Testimonios<\/h1>\n<p>TheSacredValley.com busca consolidarse como la mejor agencia de turismo para hacer los viajes para el Valle Sagrado y tambi\u00e9n conectar con los viajes a Machu Picchu. Es por eso que mostramos todos los testimonios que logramos recopilar a lo largo de los servicios realizados. Tambi\u00e9n podr\u00e1s apreciar los comentarios y puntuaciones que recibimos en TripAdvisor y en Google. Finalmente, aprecia nuestra galer\u00eda con nuestros clientes y viajeros por los principales destinos del Valle Sagrado y de Machu Picchu. Esperamos que ya no te queden m\u00e1s dudas y que viajes con nosotros.<\/p>\n<div class=\"listadvice\">\n<div class=\"scat\">\n                <section class=\"entry p-2-0 mt-testimonials-box\" data-random=\"false\" data-categories=\"1,2,3\" data-type=\"all\" data-language='newer'>\n\t\t\t\t<div class=\"mtc-filters\">\n\t\t\t<div class=\"tags-filter servicios-filter\">\n\t\t\t\t\t\t\t\t\t<p class=\"mb-10\">\n\t\t\t\t\t\t<b>Elige un servicio para buscar en los comentarios<\/b>\n\t\t\t\t\t<\/p>\n\t\t\t\t\t<div class=\"mt_filter_for_category flex flex-wrap\">\n\t\t\t\t\t\t\t\t\t\t\t\t\t<label class=\"relative input-check btn tab mb-2 text-center\">\n\t\t\t\t\t\t\t\t<input class=\"opacity-0 absolute w-full h-full top-0 left-0\" type=\"checkbox\" name=\"mt_categories[]\" value=\"1\"\/>\n\t\t\t\t\t\t\t\t<i class=\"mkicon-vallesagrado brandquick-tileitem text-3xl\"><\/i>\n\t\t\t\t\t\t\t\t<div class=\"servicio-name\">Tour Valle Sagrado <\/div>\n\t\t\t\t\t\t\t<\/label>\n\t\t\t\t\t\t\t\t\t\t\t\t\t<label class=\"relative input-check btn tab mb-2 text-center\">\n\t\t\t\t\t\t\t\t<input class=\"opacity-0 absolute w-full h-full top-0 left-0\" type=\"checkbox\" name=\"mt_categories[]\" value=\"2\"\/>\n\t\t\t\t\t\t\t\t<i class=\"mkicon-moray brandquick-tileitem text-3xl\"><\/i>\n\t\t\t\t\t\t\t\t<div class=\"servicio-name\">Tour a Maras y Moray<\/div>\n\t\t\t\t\t\t\t<\/label>\n\t\t\t\t\t\t\t\t\t\t\t<\/div>\n\n\t\t\t\t\t\t\t<\/div>\n\t\t\t<hr\/>\n\t\t\t<div class=\"resultados block md:flex justify-between items-center\">\n\t\t\t\t<div class=\"numero-resultados mt-5\">\n\t\t\t\t\t<span class=\"mt_total card-tag card-tag text-2xl\">0<\/span>\n\t\t\t\t\t<span class=\"text-2xl font-bold text-primary-800\">Testimonios<\/span>\n\t\t\t\t<\/div>\n\t\t\t\t<div class=\"mt-5 order-filter\">\n\t\t\t\t\t<b>Ordenar por:<\/b>\n\t\t\t\t\t<select class=\"select_language\" data-more=\"0\">\n\t\t\t\t\t\t<option value=\"oldest\">m\u00e1s antiguo<\/option>\n\t\t\t\t\t\t\t\t\t\t\t\t\t<option value=\"newer\">m\u00e1s nuevo<\/option>\n\t\t\t\t\t\t\t<option value=\"random\" selected>Aleatorio<\/option>\n\t\t\t\t\t\t\t\t\t\t\t<\/select>\n\t\t\t\t<\/div>\n\t\t\t<\/div>\n\t\t<\/div>\n\t\t\t\t<div class=\"mtc-comentarios\">\n\t\t\t<div class=\"mt_testimonials_videos_list py-5 wrapper-4\" data-paginate=\"4\" data-initial=\"8\"><\/div>\n\t\t\t<div class=\"mt_pagination_videos mt-pagination justify-between items-center\"><\/div>\n\t\t<\/div>\n\n\t\t\t\t<div class=\"mtc-comentarios\">\n\t\t\t<div class=\"mt_testimonials_audios_list py-5 wrapper-4\" data-paginate=\"4\" data-initial=\"8\"><\/div>\n\t\t\t<div class=\"mt_pagination_audios mt-pagination justify-between items-center\"><\/div>\n\t\t<\/div>\n\n\t\t\t\t<div class=\"mtc-comentarios\">\n\t\t\t<div class=\"mt_testimonials_list\" data-paginate=\"20\" data-initial=\"50\"><\/div>\n\t\t\t<div class=\"mt_pagination_texts mt-pagination justify-between items-center\"><\/div>\n\t\t<\/div>\n\n\t\n\t\t<\/section>\n\n            <\/div>\n<\/p><\/div>\n<\/p><\/div>\n<\/div>\n","protected":false},"excerpt":{"rendered":"<p>Conoce m\u00e1s de nuestros servicios con los Testimonios TheSacredValley.com busca consolidarse como la mejor agencia de turismo para hacer los viajes para el Valle Sagrado y tambi\u00e9n conectar con los viajes a Machu Picchu. Es por eso que mostramos todos los testimonios que logramos recopilar a lo largo de los servicios realizados. Tambi\u00e9n podr\u00e1s apreciar [&hellip;]<\/p>\n","protected":false},"author":1,"featured_media":0,"parent":0,"menu_order":0,"comment_status":"closed","ping_status":"closed","template":"","meta":{"footnotes":""},"class_list":["post-376","page","type-page","status-publish","hentry","wpautop"],"aioseo_notices":[],"_links":{"self":[{"href":"https:\/\/thesacredvalley.com\/es\/wp-json\/wp\/v2\/pages\/376"}],"collection":[{"href":"https:\/\/thesacredvalley.com\/es\/wp-json\/wp\/v2\/pages"}],"about":[{"href":"https:\/\/thesacredvalley.com\/es\/wp-json\/wp\/v2\/types\/page"}],"author":[{"embeddable":true,"href":"https:\/\/thesacredvalley.com\/es\/wp-json\/wp\/v2\/users\/1"}],"replies":[{"embeddable":true,"href":"https:\/\/thesacredvalley.com\/es\/wp-json\/wp\/v2\/comments?post=376"}],"version-history":[{"count":5,"href":"https:\/\/thesacredvalley.com\/es\/wp-json\/wp\/v2\/pages\/376\/revisions"}],"predecessor-version":[{"id":748,"href":"https:\/\/thesacredvalley.com\/es\/wp-json\/wp\/v2\/pages\/376\/revisions\/748"}],"wp:attachment":[{"href":"https:\/\/thesacredvalley.com\/es\/wp-json\/wp\/v2\/media?parent=376"}],"curies":[{"name":"wp","href":"https:\/\/api.w.org\/{rel}","templated":true}]}}