{"id":528,"date":"2024-11-30T17:35:54","date_gmt":"2024-11-30T17:35:54","guid":{"rendered":"https:\/\/thesacredvalley.com\/es\/?page_id=528"},"modified":"2026-01-21T15:46:09","modified_gmt":"2026-01-21T15:46:09","slug":"contactenos","status":"publish","type":"page","link":"https:\/\/thesacredvalley.com\/es\/contactenos\/","title":{"rendered":"The Sacred Valley Consulta, Cotiza y Cont\u00e1ctanos"},"content":{"rendered":"<div class=\"vs-content\">\n<div class=\"ts-prose vs-content__full\">\n<h1 class=\"text-center\">The Sacred Valley Consulta, Cotiza y Cont\u00e1ctanos<\/h1>\n<p class=\"text-justify\">En TheSacredValley.com estaremos atentos a tus consultas sobre los tours o actividades a realizar en el Valle Sagrado de los Incas. Tambi\u00e9n te responderemos con los precios, servicios y todo lo que incluyen nuestros tours seg\u00fan la cantidad de acompa\u00f1antes o viajeros interesados en nuestros servicios. El Valle Sagrado se encuentra muy cerca de Cusco, por lo que hacer el viaje es sencillo y c\u00f3modo de hacer. Puedes solicitar una cotizaci\u00f3n indicando el nombre del tour o los destinos, la fecha aproximada de viaje y cantidad de personas. Si buscas otro medio de comunicaci\u00f3n, tambi\u00e9n puedes revisar nuestro blog y recomendaciones. As\u00ed mimo, podemos contactarnos mediante WhatsApp a los n\u00fameros (+51) 932 222 271, (+51) 994 349 441.<\/p>\n<p>\n    <\/div>\n<div class=\"mt-fmv-form-render fm-form-container\" id=\"fmv_data_id\"><form-container :data=\"render\" :loading=\"loading\" :current=\"current\" :submited=\"submited\" :settings=\"settings\" :nosolved=\"showCaptchaError\" :sending=\"sending\" :pre-upload=\"preUpload\" :show-preview-data=\"showPreviewData\" :show-submit-buttons=\"showSubmitButtons\" :fid=\"fid\" :preview-data-content=\"previewDataContent\" :change-register-section=\"changeRegisterSection\" :is-login=\"isLogin\" :payments=\"payments\" :translates=\"translates\" :type=\"type\" :message=\"message\"><\/form-container><\/div><\/div>\n","protected":false},"excerpt":{"rendered":"<p>The Sacred Valley Consulta, Cotiza y Cont\u00e1ctanos En TheSacredValley.com estaremos atentos a tus consultas sobre los tours o actividades a realizar en el Valle Sagrado de los Incas. Tambi\u00e9n te responderemos con los precios, servicios y todo lo que incluyen nuestros tours seg\u00fan la cantidad de acompa\u00f1antes o viajeros interesados en nuestros servicios. El Valle [&hellip;]<\/p>\n","protected":false},"author":1,"featured_media":0,"parent":0,"menu_order":0,"comment_status":"closed","ping_status":"closed","template":"","meta":{"footnotes":""},"class_list":["post-528","page","type-page","status-publish","hentry","wpautop"],"aioseo_notices":[],"_links":{"self":[{"href":"https:\/\/thesacredvalley.com\/es\/wp-json\/wp\/v2\/pages\/528"}],"collection":[{"href":"https:\/\/thesacredvalley.com\/es\/wp-json\/wp\/v2\/pages"}],"about":[{"href":"https:\/\/thesacredvalley.com\/es\/wp-json\/wp\/v2\/types\/page"}],"author":[{"embeddable":true,"href":"https:\/\/thesacredvalley.com\/es\/wp-json\/wp\/v2\/users\/1"}],"replies":[{"embeddable":true,"href":"https:\/\/thesacredvalley.com\/es\/wp-json\/wp\/v2\/comments?post=528"}],"version-history":[{"count":9,"href":"https:\/\/thesacredvalley.com\/es\/wp-json\/wp\/v2\/pages\/528\/revisions"}],"predecessor-version":[{"id":1178,"href":"https:\/\/thesacredvalley.com\/es\/wp-json\/wp\/v2\/pages\/528\/revisions\/1178"}],"wp:attachment":[{"href":"https:\/\/thesacredvalley.com\/es\/wp-json\/wp\/v2\/media?parent=528"}],"curies":[{"name":"wp","href":"https:\/\/api.w.org\/{rel}","templated":true}]}}