{"id":544,"date":"2024-12-02T19:04:39","date_gmt":"2024-12-02T19:04:39","guid":{"rendered":"https:\/\/thesacredvalley.com\/es\/?page_id=544"},"modified":"2025-01-08T15:31:06","modified_gmt":"2025-01-08T15:31:06","slug":"experiencia-viaje","status":"publish","type":"page","link":"https:\/\/thesacredvalley.com\/es\/experiencia-viaje\/","title":{"rendered":"La experiencia de viajar con THE SACRED VALLEY"},"content":{"rendered":"<div class=\"vs-breadcrumb\">\r\n    <ul id=\"breadcrumbs\">\r\n        <li><a href=\"\/es\/\">Inicio<\/a><\/li>\r\n        <span class=\"breadcrumb-separator i-ion-chevron-right\"><\/span>\r\n        <li class=\"active\">La experiencia de viajar con THE SACRED VALLEY<\/li>\r\n    <\/ul>\r\n<\/div>\r\n<div class=\"vs-content-fil\">\r\n    <div class=\"mx-auto ts-prose\">\r\n        <h1>La experiencia de viajar con THESACREDVALLEY.COM<\/h1>\r\n        <p>Los viajes al Valle Sagrado de los incas en Cusco comienzan con la decisi\u00f3n de viajar. Nuestro equipo de asesores y expertos en los viajes de thesacredvalley.com, te ayudar\u00e1n a mejorar cualquiera de las actividades que te ayudar\u00e1n a planificar. Sin embargo, muchas veces es m\u00e1s importante saber \u00bfCu\u00e1l es la experiencia de viajar con TheSacredValley.com? Encuentra aqu\u00ed, toda la informaci\u00f3n comentarios y buenos deseos que nos dejaron nuestros miles de clientes durante nuestros servicios.<\/p>\r\n        <h2>M\u00c1S DE 2000 RESE\u00d1AS EN GOOGLE Y TRIPADVISOR<\/h2>\r\n        <p>Estamos contentos de ser parte esencial de miles de viajeros para tener experiencias inolvidables en sus viajes al Valle Sagrado y tambi\u00e9n ayud\u00e1ndoles a llegar a Machu Picchu que es un destino que nos solicitan mucho. Nuestro equipo al formar parte del grupo Machupicchu Terra, que tiene m\u00e1s de 10 a\u00f1os operando hacia ambas rutas y otros destinos, sigue ofreciendo exclusivos servicios para garantizar una buena experiencia para viajar en Cusco, el Valle Sagrado y Machu Picchu.<\/p>\r\n        <h3>ACABAMOS DE RECIBIR EL PREMIO TRAVELLERS\u2019 CHOICE 2024 DE TRIPADVISOR<\/h3>\r\n        <p>El grupo Machupicchu Terra, del cual formamos parte, recibi\u00f3 nuevamente este prestigioso reconocimiento. El premio \u201cTraveler\u2019s Choice TripAdvisor 2024\u201d posiciona a nuestros servicios entre el 10% de los mejores establecimientos en el rubro del turismo. Este reconocimiento impulsa a todo el grupo Machupicchu Terra y TheSacredValley.com a continuar ofreciendo los mejores servicios en los viajes por el Valle Sagrado, Machu Picchu y Cusco. <strong>Gracias a los miles de turistas que confiaron en nuestra agencia de viajes, ya que es por ellos que hoy podemos compartir este reconocimiento.<\/strong> Esperamos seguir creciendo con la misma energ\u00eda que nos caracteriza durante los a\u00f1os venideros y porque no, ofreciendo mucha m\u00e1s calidad y asesoramiento para los viajeros.<\/p>\r\n        <p>\r\n            <a href=\"https:\/\/www.tripadvisor.com.pe\/Attraction_Review-g294314-d5929777-Reviews-Machupicchu_Terra-Cusco_Cusco_Region.html\" rel=\"noopener\" target=\"_blank\">\r\n                <img loading=\"lazy\" alt=\"Reviws Machupicchu Terra\" class=\"alignnone wp-image-19365 size-medium\" decoding=\"async\" src=\"https:\/\/thesacredvalley.com\/wp-content\/uploads\/TC_white_winner_L_2024-1-300x300-1.gif\" height=\"300\" width=\"300\"\/>\r\n            <\/a>\r\n        <\/p>\r\n    <\/div>\r\n<\/div>\r\n<div class=\"vs-tour-grilla\">\r\n    <div class=\"vs-tour-grilla__content\">\r\n        <div class=\"mx-auto ts-prose\">\r\n            <h2>RESE\u00d1AS EN TRIPADVISOR<\/h2>\r\n            <p>Esta importante plataforma online, permite a usuarios opinar y puntuar sobre establecimientos o negocios vinculados al turismo. En el caso del grupo Machupicchu Terra, tenemos m\u00e1s de 900 opiniones. Te invitamos a leer todos los comentarios para que puedas conocer m\u00e1s de nuestros servicios.<\/p>\r\n        <\/div>\r\n        <br>\r\n        <div class=\"vs-tour-grilla__sec mx-auto ts-prose\">\r\n            <article class=\"vs-tour-grilla__item\" style=\"padding: 20px;\">\r\n                <h4>\u00a1Excelente experiencia con Machu Picchu Terra!<\/h4>\r\n                <b class=\"text-colori-fir\">Sara \/ 29 noviembre<\/b>\r\n                <p class=\"mb-5 vs-explorar-grilla__p text-colori-fir\"><i>Irvin y Jahdiel me ayudaron a organizar mis vacaciones fue realmente excepcional. Desde el primer contacto, el equipo fue muy atento y siempre estuvo disponible para resolver cualquier duda o ajustar detalles seg\u00fan mis necesidades&#8230;<\/i><a href=\"https:\/\/www.tripadvisor.com.pe\/ShowUserReviews-g294314-d5929777-r982609818-Machupicchu_Terra-Cusco_Cusco_Region.html\" class=\"vs-enlace-absolute\"><\/a><\/p>\r\n            <\/article>\r\n            <article class=\"vs-tour-grilla__item\" style=\"padding: 20px;\">\r\n                <h4>Excelente experiencia, vale la pena<\/h4>\r\n                <b class=\"text-colori-fir\">Pamela \/ 10 noviembre<\/b>\r\n                <p class=\"mb-5 vs-explorar-grilla__p text-colori-fir\"><i>Fuimos a la monta\u00f1a de colores en ATV y fue fant\u00e1stico. S\u00faper bien planificado, nos encant\u00f3 el paseo. Nos ayudaron a disfrutar la experiencia y poder ver de la mejor manera la monta\u00f1a. Fui guiado por Jahdiel&#8230;<\/i><a href=\"https:\/\/www.tripadvisor.com.pe\/ShowUserReviews-g294314-d5929777-r981475516-Machupicchu_Terra-Cusco_Cusco_Region.html\" class=\"vs-enlace-absolute\"><\/a><\/p>\r\n            <\/article>\r\n            <article class=\"vs-tour-grilla__item\" style=\"padding: 20px;\">\r\n                <h4>Recomendados<\/h4>\r\n                <b class=\"text-colori-fir\">Diana T \/ 3 noviembre<\/b>\r\n                <p class=\"mb-5 vs-explorar-grilla__p text-colori-fir\"><i>Una de las mejores agencias que he conocido y en definitiva de las mejores experiencias, m\u00e1s all\u00e1 del destino, la agencia se preocup\u00f3 por cada detalle. Recomendado al 1000&#8230;<\/i><a href=\"https:\/\/www.tripadvisor.com.pe\/ShowUserReviews-g294314-d5929777-r981022210-Machupicchu_Terra-Cusco_Cusco_Region.html\" class=\"vs-enlace-absolute\"><\/a><\/p>\r\n            <\/article>\r\n        <\/div>\r\n    <\/div>\r\n<\/div>\r\n<div class=\"vs-tour-grilla\">\r\n    <div class=\"vs-tour-grilla__content\">\r\n        <div class=\"mx-auto ts-prose\">\r\n            <h2>RESE\u00d1AS EN GOOGLE<\/h2>\r\n            <p>Conoce m\u00e1s de nuestros servicios en Google, ah\u00ed gracias a sus servicios se puede conocer las opiniones y puntuaciones de las personas que tomaron nuestros servicios para hacer los viajes, en Cusco, el Valle Sagrado y Machu Picchu.<\/p>\r\n        <\/div>\r\n        <br>\r\n        <div class=\"vs-tour-grilla__sec mx-auto ts-prose\">\r\n            <article class=\"vs-tour-grilla__item\" style=\"padding: 20px;\">\r\n                <h4>\u00a1Es incre\u00edble!<\/h4>\r\n                <b class=\"text-colori-fir\">Maryliz \/ 15 septiembre<\/b>\r\n                <p class=\"mb-5 vs-explorar-grilla__p text-colori-fir\"><i>Las caminatas fueron geniales. Mientras buscaba una agencia para pasar mis vacaciones, me sugirieron esta. Las caminatas fueron incre\u00edbles y me acompa\u00f1\u00f3 un excelente grupo y gu\u00eda. David se encarg\u00f3 de ser nuestro gu\u00eda y fue muy entretenido&#8230;<\/i><a href=\"https:\/\/g.co\/kgs\/qAj5wMh\" class=\"vs-enlace-absolute\"><\/a><\/p>\r\n            <\/article>\r\n            <article class=\"vs-tour-grilla__item\" style=\"padding: 20px;\">\r\n                <h4>\u00a1Les aseguro que vale la pena!<\/h4>\r\n                <b class=\"text-colori-fir\">Michal \/ 29 mayo<\/b>\r\n                <p class=\"mb-5 vs-explorar-grilla__p text-colori-fir\"><i>Tuvimos un recorrido incre\u00edble a la monta\u00f1a de colores Vinicunca. Nuestro gu\u00eda Juli\u00e1n fue divertido y servicial. Pedimos un recorrido privado, as\u00ed que tuvimos mucho tiempo para disfrutar del lugar sin prisas&#8230;<\/i><a href=\"https:\/\/g.co\/kgs\/SxN6PS1\" class=\"vs-enlace-absolute\"><\/a><\/p>\r\n            <\/article>\r\n            <article class=\"vs-tour-grilla__item\" style=\"padding: 20px;\">\r\n                <h4>\u00a1Machu Picchu Terra!<\/h4>\r\n                <b class=\"text-colori-fir\">Nicole \/ 15 mayo<\/b>\r\n                <p class=\"mb-5 vs-explorar-grilla__p text-colori-fir\"><i>Hice el viaje con Machu Picchu Terra en julio y, en general, estuvo bien. Supongo que tuve una experiencia diferente como hablante de ingl\u00e9s. Los boletos se entregaron en el hotel, pero muy tarde y sin saber mucho sobre los traslados&#8230;<\/i><a href=\"https:\/\/g.co\/kgs\/J1ezuix\" class=\"vs-enlace-absolute\"><\/a><\/p>\r\n            <\/article>\r\n        <\/div>\r\n    <\/div>\r\n<\/div>\r\n\r\n<div class=\"vs-tour-grilla vs-content-fil\">\r\n    <div class=\"mx-auto ts-prose\">\r\n        <h2>TESTIMONIOS EN NUESTROS VIAJES<\/h2>\r\n        <p>Algunos de los viajeros que confiaron en nuestros servicios se animaron a dejar sus comentarios en video. Dejamos los videos y testimonios en breves palabras sobre la experiencia de visitar el Valle Sagrado, Machi Picchu y Cusco. Contamos con las de 300 testimonios en video. <a href=\"\/es\/testimonios\/\" target=\"_blank\" rel=\"noopener\"><i>(Ver los testimonios)<\/i><\/a><\/p>\r\n    <\/div>\r\n<\/div>\r\n<div class=\"vs-tour-grilla vs-content-fil\">\r\n    <div class=\"vs-tour-presup\">\r\n        <div class=\"vs-tour-presup__content\">\r\n            <div class=\"vs-tour-presup__disc ts-mask-top\">\r\n                <div class=\"vs-tour-presup__left\">\r\n                    <h2 class=\"vs-tour-presup__til\">Comienza esta nueva aventura en el Valle Sagrado de Cusco<\/h2>\r\n                    <p>Al contactar con TheSacredValley.com, un especialista en la ruta Valle Sagrado responder\u00e1 todas tus dudas. Gracias a nuestros itinerarios y equipo como transporte, gu\u00edas y m\u00e1s servicios; podr\u00e1 tener uno de los mejores viajes en Cusco. Recuerde que puede personalizar su experiencia.<\/p>\r\n                <\/div>\r\n                <a class=\"vs-tour-presup__link\" href=\"https:\/\/thesacredvalley.com\/es\/contactenos\/\" target=\"_self\" rel=\"noopener\">\u00a1QUIERO RESERVAR YA!<\/a>\r\n            <\/div>\r\n        <\/div>\r\n    <\/div>\r\n<\/div>","protected":false},"excerpt":{"rendered":"Inicio La experiencia de viajar con THE SACRED VALLEY La experiencia de viajar con THESACREDVALLEY.COM Los viajes al Valle Sagrado de los incas en Cusco comienzan con la decisi\u00f3n de viajar. Nuestro equipo de asesores y expertos en los viajes de thesacredvalley.com, te ayudar\u00e1n a mejorar cualquiera de las actividades que te ayudar\u00e1n a planificar. [&hellip;]","protected":false},"author":1,"featured_media":0,"parent":0,"menu_order":0,"comment_status":"closed","ping_status":"closed","template":"","meta":{"footnotes":""},"class_list":["post-544","page","type-page","status-publish","hentry","no-wpautop"],"aioseo_notices":[],"_links":{"self":[{"href":"https:\/\/thesacredvalley.com\/es\/wp-json\/wp\/v2\/pages\/544"}],"collection":[{"href":"https:\/\/thesacredvalley.com\/es\/wp-json\/wp\/v2\/pages"}],"about":[{"href":"https:\/\/thesacredvalley.com\/es\/wp-json\/wp\/v2\/types\/page"}],"author":[{"embeddable":true,"href":"https:\/\/thesacredvalley.com\/es\/wp-json\/wp\/v2\/users\/1"}],"replies":[{"embeddable":true,"href":"https:\/\/thesacredvalley.com\/es\/wp-json\/wp\/v2\/comments?post=544"}],"version-history":[{"count":23,"href":"https:\/\/thesacredvalley.com\/es\/wp-json\/wp\/v2\/pages\/544\/revisions"}],"predecessor-version":[{"id":752,"href":"https:\/\/thesacredvalley.com\/es\/wp-json\/wp\/v2\/pages\/544\/revisions\/752"}],"wp:attachment":[{"href":"https:\/\/thesacredvalley.com\/es\/wp-json\/wp\/v2\/media?parent=544"}],"curies":[{"name":"wp","href":"https:\/\/api.w.org\/{rel}","templated":true}]}}