{"id":105,"date":"2026-01-31T16:41:01","date_gmt":"2026-01-31T16:41:01","guid":{"rendered":"https:\/\/thesacredvalley.com\/fr\/?page_id=105"},"modified":"2026-02-06T16:02:39","modified_gmt":"2026-02-06T16:02:39","slug":"blog","status":"publish","type":"page","link":"https:\/\/thesacredvalley.com\/fr\/blog\/","title":{"rendered":"Blog &#8211; The Sacred Valley"},"content":{"rendered":"<div class=\"vs-content-fil mt-10 vs-explorar__intro ts-prose\">\n<h1 class=\"text-center\">D\u00e9couvrez la Vall\u00e9e Sacr\u00e9e : Articles, Conseils et Plus pour Votre Voyage<\/h1>\n<p class=\"text-justify\">Sur notre blog, vous trouverez des articles, des conseils et tout ce que vous devez savoir pour profiter pleinement de votre visite dans la Vall\u00e9e Sacr\u00e9e. Des meilleurs endroits aux astuces pratiques, nous vous aidons \u00e0 vivre une exp\u00e9rience unique dans cette destination pleine d&rsquo;histoire et de nature.<\/p>\n<\/div>\n<div class=\"vs-content-fil\">\n    <div class=\"vs-list-container js-container-post\"><input type=\"hidden\" value=\"1\" id=\"js-page\" name=\"js-page\"s><div class=\"slick-3__gap js-content_article\"><div class=\"imtlocalcard\"><div class=\"imtlocalcard__container\"><div class=\"imtlocalcard__imgcont\"><img decoding=\"async\" alt=\"\" src=\"https:\/\/thesacredvalley.com\/wp-content\/uploads\/valle-sagrado-incas-sm.jpg\" width=\"384\" height=\"216\" class=\"imtlocalcard__img\" loading=\"lazy\"><\/div><\/div><div class=\"imtlocalcard__bottomcard\"><span class=\"imtlocalcard__title\">Vall\u00e9e Sacr\u00e9e \u2013 Quelle est la meilleure saison pour la visiter ?<\/span><div class=\"imtlocalcard__detail\">Accueil Blog Quelle est la meilleure saison pour le visiter ? 1 janvier 2024 Vall\u00e9e Sacr\u00e9e \u2013 Quelle est la meilleure saison pour le visiter ? La Vall\u00e9e Sacr\u00e9e des Incas est...<\/div><\/div><a href=\"https:\/\/thesacredvalley.com\/fr\/vallee-sacree-meilleure-saison-visiter\/\" class=\"localcard-link\">Vall\u00e9e Sacr\u00e9e \u2013 Quelle est la meilleure saison pour la visiter ?<\/a><\/div><div class=\"imtlocalcard\"><div class=\"imtlocalcard__container\"><div class=\"imtlocalcard__imgcont\"><img decoding=\"async\" alt=\"\" src=\"https:\/\/thesacredvalley.com\/wp-content\/uploads\/valle-sagrado-incas-vista-panoramica-sm.jpg\" width=\"384\" height=\"216\" class=\"imtlocalcard__img\" loading=\"lazy\"><\/div><\/div><div class=\"imtlocalcard__bottomcard\"><span class=\"imtlocalcard__title\">Conseils pour faire le voyage dans la Vall\u00e9e Sacr\u00e9e de Cusco<\/span><div class=\"imtlocalcard__detail\">Accueil Blog Conseils pour faire le voyage vers la vall\u00e9e sacr\u00e9e \u00e0 Cusco 1 janvier 2024 Conseils pour faire le voyage vers la vall\u00e9e sacr\u00e9e \u00e0 Cusco La Vall\u00e9e Sacr\u00e9e des...<\/div><\/div><a href=\"https:\/\/thesacredvalley.com\/fr\/conseils-voyage-vallee-sacree-cusco\/\" class=\"localcard-link\">Conseils pour faire le voyage dans la Vall\u00e9e Sacr\u00e9e de Cusco<\/a><\/div><div class=\"imtlocalcard\"><div class=\"imtlocalcard__container\"><div class=\"imtlocalcard__imgcont\"><img decoding=\"async\" alt=\"\" src=\"https:\/\/thesacredvalley.com\/wp-content\/uploads\/valle-sagrado-ollantaytambo-cusco-sm.jpg\" width=\"384\" height=\"216\" class=\"imtlocalcard__img\" loading=\"lazy\"><\/div><\/div><div class=\"imtlocalcard__bottomcard\"><span class=\"imtlocalcard__title\">Sites arch\u00e9ologiques dans la Vall\u00e9e Sacr\u00e9e de Cusco<\/span><div class=\"imtlocalcard__detail\">Accueil Blog Sites arch\u00e9ologiques de la Vall\u00e9e Sacr\u00e9e de Cusco 29 novembre 2024 Sites arch\u00e9ologiques de la Vall\u00e9e Sacr\u00e9e de Cusco Dans la Vall\u00e9e Sacr\u00e9e, on peut trouver...<\/div><\/div><a href=\"https:\/\/thesacredvalley.com\/fr\/sites-archeologiques-vallee-sacree-cusco\/\" class=\"localcard-link\">Sites arch\u00e9ologiques dans la Vall\u00e9e Sacr\u00e9e de Cusco<\/a><\/div><div class=\"imtlocalcard\"><div class=\"imtlocalcard__container\"><div class=\"imtlocalcard__imgcont\"><img decoding=\"async\" alt=\"\" src=\"https:\/\/thesacredvalley.com\/wp-content\/uploads\/actividad-valle-sagrado-sm.jpg\" width=\"384\" height=\"216\" class=\"imtlocalcard__img\" loading=\"lazy\"><\/div><\/div><div class=\"imtlocalcard__bottomcard\"><span class=\"imtlocalcard__title\">Toutes les activit\u00e9s \u00e0 faire dans la Vall\u00e9e Sacr\u00e9e de Cusco<\/span><div class=\"imtlocalcard__detail\">Accueil Blog Toutes les activit\u00e9s \u00e0 faire dans la Vall\u00e9e Sacr\u00e9e de Cusco 1 janvier 2024 Toutes les activit\u00e9s \u00e0 faire dans la Vall\u00e9e Sacr\u00e9e de Cusco La Vall\u00e9e Sacr\u00e9e des...<\/div><\/div><a href=\"https:\/\/thesacredvalley.com\/fr\/activites-vallee-sacree-cusco\/\" class=\"localcard-link\">Toutes les activit\u00e9s \u00e0 faire dans la Vall\u00e9e Sacr\u00e9e de Cusco<\/a><\/div><div class=\"imtlocalcard\"><div class=\"imtlocalcard__container\"><div class=\"imtlocalcard__imgcont\"><img decoding=\"async\" alt=\"\" src=\"https:\/\/thesacredvalley.com\/wp-content\/uploads\/valle-sagrado-incas-restaurantes-sm.jpg\" width=\"384\" height=\"216\" class=\"imtlocalcard__img\" loading=\"lazy\"><\/div><\/div><div class=\"imtlocalcard__bottomcard\"><span class=\"imtlocalcard__title\">Les restaurants les plus visit\u00e9s de la Vall\u00e9e Sacr\u00e9e des Incas<\/span><div class=\"imtlocalcard__detail\">Accueil Blog Les restaurants les plus visit\u00e9s de la Vall\u00e9e sacr\u00e9e des Incas 02 d\u00e9cembre 2024 Les restaurants les plus visit\u00e9s de la Vall\u00e9e sacr\u00e9e des Incas Dans la Vall\u00e9e...<\/div><\/div><a href=\"https:\/\/thesacredvalley.com\/fr\/restaurants-vallee-sacree-incas\/\" class=\"localcard-link\">Les restaurants les plus visit\u00e9s de la Vall\u00e9e Sacr\u00e9e des Incas<\/a><\/div><div class=\"imtlocalcard\"><div class=\"imtlocalcard__container\"><div class=\"imtlocalcard__imgcont\"><img decoding=\"async\" alt=\"\" src=\"https:\/\/thesacredvalley.com\/wp-content\/uploads\/tradicion-valle-sagrado-sm.jpg\" width=\"384\" height=\"216\" class=\"imtlocalcard__img\" loading=\"lazy\"><\/div><\/div><div class=\"imtlocalcard__bottomcard\"><span class=\"imtlocalcard__title\">Rituels et coutumes dans la Vall\u00e9e Sacr\u00e9e de Cusco<\/span><div class=\"imtlocalcard__detail\">Accueil Blog Rituels et coutumes dans la Vall\u00e9e Sacr\u00e9e 17 f\u00e9vrier 2025 Rituels et traditions dans la Vall\u00e9e Sacr\u00e9e La Vall\u00e9e Sacr\u00e9e des Incas est l\u2019une des destinations...<\/div><\/div><a href=\"https:\/\/thesacredvalley.com\/fr\/rituels-coutumes-vallee-sacree\/\" class=\"localcard-link\">Rituels et coutumes dans la Vall\u00e9e Sacr\u00e9e de Cusco<\/a><\/div><div class=\"imtlocalcard\"><div class=\"imtlocalcard__container\"><div class=\"imtlocalcard__imgcont\"><img decoding=\"async\" alt=\"\" src=\"https:\/\/thesacredvalley.com\/wp-content\/uploads\/hotel-valle-sagrado-tsv.jpg\" width=\"384\" height=\"216\" class=\"imtlocalcard__img\" loading=\"lazy\"><\/div><\/div><div class=\"imtlocalcard__bottomcard\"><span class=\"imtlocalcard__title\">Les meilleurs h\u00f4tels de la Vall\u00e9e Sacr\u00e9e des Incas<\/span><div class=\"imtlocalcard__detail\">Accueil Blog Les meilleurs h\u00f4tels de la Vall\u00e9e Sacr\u00e9e 06 mai 2025 Les meilleurs h\u00f4tels de la Vall\u00e9e Sacr\u00e9e des Incas Explorer la Vall\u00e9e Sacr\u00e9e nous permet de d\u00e9couvrir une...<\/div><\/div><a href=\"https:\/\/thesacredvalley.com\/fr\/hotels-vallee-sacree-incas\/\" class=\"localcard-link\">Les meilleurs h\u00f4tels de la Vall\u00e9e Sacr\u00e9e des Incas<\/a><\/div><div class=\"imtlocalcard\"><div class=\"imtlocalcard__container\"><div class=\"imtlocalcard__imgcont\"><img decoding=\"async\" alt=\"\" src=\"https:\/\/thesacredvalley.com\/wp-content\/uploads\/chinchero-5.jpg\" width=\"384\" height=\"216\" class=\"imtlocalcard__img\" loading=\"lazy\"><\/div><\/div><div class=\"imtlocalcard__bottomcard\"><span class=\"imtlocalcard__title\">Forteresse arch\u00e9ologique d&rsquo;Ollantaytambo<\/span><div class=\"imtlocalcard__detail\">Accueil Blog Le village de Chinchero 13 juin 2025 Le village de Chinchero Un endroit riche en traditions et coutumes color\u00e9es est le village magique de Chinchero. Un lieu...<\/div><\/div><a href=\"https:\/\/thesacredvalley.com\/fr\/forteresse-archeologique-ollantaytambo\/\" class=\"localcard-link\">Forteresse arch\u00e9ologique d&rsquo;Ollantaytambo<\/a><\/div><div class=\"imtlocalcard\"><div class=\"imtlocalcard__container\"><div class=\"imtlocalcard__imgcont\"><img decoding=\"async\" alt=\"\" src=\"https:\/\/thesacredvalley.com\/wp-content\/uploads\/chinchero-5.jpg\" width=\"384\" height=\"216\" class=\"imtlocalcard__img\" loading=\"lazy\"><\/div><\/div><div class=\"imtlocalcard__bottomcard\"><span class=\"imtlocalcard__title\">Parc arch\u00e9ologique de Chinchero<\/span><div class=\"imtlocalcard__detail\">Accueil Blog Le village de Chinchero 13 juin 2025 Le village de Chinchero Un endroit riche en traditions et coutumes color\u00e9es est le village magique de Chinchero. Un lieu...<\/div><\/div><a href=\"https:\/\/thesacredvalley.com\/fr\/parc-archeologique-chinchero\/\" class=\"localcard-link\">Parc arch\u00e9ologique de Chinchero<\/a><\/div><div class=\"imtlocalcard\"><div class=\"imtlocalcard__container\"><div class=\"imtlocalcard__imgcont\"><img decoding=\"async\" alt=\"\" src=\"https:\/\/thesacredvalley.com\/wp-content\/uploads\/salineras-maras-tsv-1.jpg\" width=\"384\" height=\"216\" class=\"imtlocalcard__img\" loading=\"lazy\"><\/div><\/div><div class=\"imtlocalcard__bottomcard\"><span class=\"imtlocalcard__title\">Salines de Maras<\/span><div class=\"imtlocalcard__detail\">Accueil Blog Salines de Maras 14 mai 2025 Les Salines de Maras Parmi les destinations que l&rsquo;on trouve dans la Vall\u00e9e Sacr\u00e9e, sur les circuits classiques, il y a les Salines...<\/div><\/div><a href=\"https:\/\/thesacredvalley.com\/fr\/salines-maras\/\" class=\"localcard-link\">Salines de Maras<\/a><\/div><div class=\"imtlocalcard\"><div class=\"imtlocalcard__container\"><div class=\"imtlocalcard__imgcont\"><img decoding=\"async\" alt=\"\" src=\"https:\/\/thesacredvalley.com\/wp-content\/uploads\/huchuyqosqo-2.jpg\" width=\"384\" height=\"216\" class=\"imtlocalcard__img\" loading=\"lazy\"><\/div><\/div><div class=\"imtlocalcard__bottomcard\"><span class=\"imtlocalcard__title\">Site arch\u00e9ologique de Huchuy Qosqo<\/span><div class=\"imtlocalcard__detail\">Accueil Blog Site arch\u00e9ologique de Huchuy Qosqo 19 mai 2025 Site arch\u00e9ologique de Huchuy Qosqo L&rsquo;un des sites historiques les plus attractifs des Incas que l&rsquo;on...<\/div><\/div><a href=\"https:\/\/thesacredvalley.com\/fr\/site-archeologique-huchuy-qosqo\/\" class=\"localcard-link\">Site arch\u00e9ologique de Huchuy Qosqo<\/a><\/div><div class=\"imtlocalcard\"><div class=\"imtlocalcard__container\"><div class=\"imtlocalcard__imgcont\"><img decoding=\"async\" alt=\"\" src=\"https:\/\/thesacredvalley.com\/wp-content\/uploads\/inti-punku-4.jpg\" width=\"384\" height=\"216\" class=\"imtlocalcard__img\" loading=\"lazy\"><\/div><\/div><div class=\"imtlocalcard__bottomcard\"><span class=\"imtlocalcard__title\">Inti Punku (Porte du Soleil)<\/span><div class=\"imtlocalcard__detail\">Accueil Blog Inti Punku (Porte du Soleil) 03 Juin 2025 Inti Punku (Porte du Soleil) Dans la Vall\u00e9e Sacr\u00e9e des Incas, l&rsquo;une des meilleures aventures que nous pourrons vivre...<\/div><\/div><a href=\"https:\/\/thesacredvalley.com\/fr\/inti-punku-porte-soleil\/\" class=\"localcard-link\">Inti Punku (Porte du Soleil)<\/a><\/div><\/div><div class=\"vs-ctn__action js-load-more-post\"><a class=\"btn btn-red js-more-article\" href=\"javascript:void(0);\" style=\"text-wrap:balance;\">Voir plus<\/a><\/div><\/div>\n<\/div>\n","protected":false},"excerpt":{"rendered":"<p>D\u00e9couvrez la Vall\u00e9e Sacr\u00e9e : Articles, Conseils et Plus pour Votre Voyage Sur notre blog, vous trouverez des articles, des conseils et tout ce que vous devez savoir pour profiter pleinement de votre visite dans la Vall\u00e9e Sacr\u00e9e. Des meilleurs endroits aux astuces pratiques, nous vous aidons \u00e0 vivre une exp\u00e9rience unique dans cette destination [&hellip;]<\/p>\n","protected":false},"author":1,"featured_media":0,"parent":0,"menu_order":0,"comment_status":"closed","ping_status":"closed","template":"","meta":{"footnotes":""},"class_list":["post-105","page","type-page","status-publish","hentry","wpautop"],"aioseo_notices":[],"_links":{"self":[{"href":"https:\/\/thesacredvalley.com\/fr\/wp-json\/wp\/v2\/pages\/105"}],"collection":[{"href":"https:\/\/thesacredvalley.com\/fr\/wp-json\/wp\/v2\/pages"}],"about":[{"href":"https:\/\/thesacredvalley.com\/fr\/wp-json\/wp\/v2\/types\/page"}],"author":[{"embeddable":true,"href":"https:\/\/thesacredvalley.com\/fr\/wp-json\/wp\/v2\/users\/1"}],"replies":[{"embeddable":true,"href":"https:\/\/thesacredvalley.com\/fr\/wp-json\/wp\/v2\/comments?post=105"}],"version-history":[{"count":2,"href":"https:\/\/thesacredvalley.com\/fr\/wp-json\/wp\/v2\/pages\/105\/revisions"}],"predecessor-version":[{"id":200,"href":"https:\/\/thesacredvalley.com\/fr\/wp-json\/wp\/v2\/pages\/105\/revisions\/200"}],"wp:attachment":[{"href":"https:\/\/thesacredvalley.com\/fr\/wp-json\/wp\/v2\/media?parent=105"}],"curies":[{"name":"wp","href":"https:\/\/api.w.org\/{rel}","templated":true}]}}