{"id":56,"date":"2026-01-30T17:14:12","date_gmt":"2026-01-30T17:14:12","guid":{"rendered":"https:\/\/thesacredvalley.com\/fr\/?page_id=56"},"modified":"2026-01-30T17:15:39","modified_gmt":"2026-01-30T17:15:39","slug":"politiques-confidentialite","status":"publish","type":"page","link":"https:\/\/thesacredvalley.com\/fr\/politiques-confidentialite\/","title":{"rendered":"Politiques de confidentialit\u00e9 dans la Vall\u00e9e Sacr\u00e9e"},"content":{"rendered":"<div class=\"vs-content\">\n<div class=\"ts-prose vs-content__full\">\n<h1 class=\"text-center\">Politiques de confidentialit\u00e9 de The Sacred Valley<\/h1>\n<p class=\"text-justify\">TheSacredValley.com est soucieux de la s\u00e9curit\u00e9 personnelle et de la confidentialit\u00e9 de tous ses clients. Dans ce document, nous d\u00e9taillerons comment les donn\u00e9es laiss\u00e9es par le client lors de la r\u00e9servation sont utilis\u00e9es. Les donn\u00e9es personnelles seront utilis\u00e9es uniquement \u00e0 des fins sp\u00e9cifiques que nous d\u00e9taillerons ci-dessous.<\/p>\n<div class=\"listadvice\">\n<div class=\"scat\">\n<div class=\"scat__intro\">\n<h2>Entit\u00e9 responsable de la collecte des donn\u00e9es<\/h2>\n<p class=\"text-justify\">L&rsquo;entit\u00e9 responsable de la collecte des donn\u00e9es lors des r\u00e9servations sur TheSacredValley.com est :<\/p>\n<p class=\"text-justify\">Machupicchu Terra S.R.L. situ\u00e9e \u00e0 Calle Recoleta Angosta 208 \u2013 Cusco \u2013 P\u00e9rou.<\/p>\n<p class=\"text-justify\">Si des informations ne sont pas claires ou si vous avez besoin de pr\u00e9cisions sur un sujet, vous pouvez nous \u00e9crire \u00e0 <a href=\"mailto:info@machupicchuterra.com\">info@machupicchuterra.com<\/a>. Nous pr\u00e9senterons ci-dessous les d\u00e9tails sur la collecte des informations qui arrivent sur notre plateforme virtuelle lors de la navigation et de l&rsquo;enregistrement d&rsquo;une r\u00e9servation.<\/p>\n<\/p><\/div>\n<\/p><\/div>\n<div class=\"scat\">\n<div class=\"scat__intro\">\n<h2>Protection des donn\u00e9es<\/h2>\n<p class=\"text-justify\">Les donn\u00e9es enregistr\u00e9es lors de la navigation sur TheSacredValley.com sont stock\u00e9es dans notre syst\u00e8me. \u00c0 cet \u00e9gard, afin de prot\u00e9ger nos utilisateurs et de garantir la transparence, <strong>ce document pr\u00e9sente les donn\u00e9es enregistr\u00e9es dans nos syst\u00e8mes lors de la navigation.<\/strong> Nous aborderons tout cela ci-dessous.<\/p>\n<\/p><\/div>\n<\/p><\/div>\n<div class=\"scat\">\n<div class=\"scat__intro\">\n<h2>Collecte automatique des donn\u00e9es<\/h2>\n<p class=\"text-justify\">TheSacredValley.com, \u00e9tant une plateforme virtuelle accessible librement, permet \u00e0 des utilisateurs ou clients du monde entier de naviguer. En tant que site web, il est possible que la navigation se fasse depuis diff\u00e9rents appareils. Cela entra\u00eenera la transmission imm\u00e9diate et automatique d&rsquo;informations \u00e0 nos donn\u00e9es. Ce processus automatique est d\u00fb \u00e0 des exigences techniques et de programmation. <strong>Les donn\u00e9es enregistr\u00e9es automatiquement sont :<\/strong><\/p>\n<ul class=\"text-justify\">\n<li>La navigation effectu\u00e9e sur TheSacredValley.com, c&rsquo;est-\u00e0-dire l&rsquo;URL de la page.<\/li>\n<li>De m\u00eame, la date et l&rsquo;heure de la connexion seront enregistr\u00e9es.<\/li>\n<\/ul>\n<p><strong>Les donn\u00e9es enregistr\u00e9es nous aident dans les t\u00e2ches suivantes :<\/strong><\/p>\n<ul class=\"text-justify\">\n<li>R\u00e9gulation des donn\u00e9es pour offrir un service plus rapide. Cela signifie que l&rsquo;acc\u00e8s au site web est distribu\u00e9 et adapt\u00e9 \u00e0 plusieurs appareils pour \u00e9viter les d\u00e9lais de chargement.<\/li>\n<li>Les donn\u00e9es collect\u00e9es nous permettent de prot\u00e9ger nos propres syst\u00e8mes de s\u00e9curit\u00e9 et de navigation, afin d&rsquo;\u00e9viter les attaques directes, simultan\u00e9es ou organis\u00e9es.<\/li>\n<li>Pour assurer le bon fonctionnement de la plateforme virtuelle, des syst\u00e8mes et d&rsquo;autres conditions techniques.<\/li>\n<li>Les donn\u00e9es collect\u00e9es servent \u00e9galement \u00e0 des fins de s\u00e9curit\u00e9 et \u00e0 \u00e9tablir une base l\u00e9gale pour des cas d&rsquo;indications de fraude ou d&rsquo;infractions p\u00e9nales.<\/li>\n<li>En ce qui concerne l&rsquo;adresse IP des clients et des utilisateurs naviguant sur TheSacredValley.com, elle est stock\u00e9e pendant 14 mois.<\/li>\n<li>L&rsquo;adresse IP nous indique simplement que la navigation s&rsquo;est d\u00e9roul\u00e9e dans de bonnes conditions. Cela signifie que notre plateforme virtuelle n&rsquo;a pas \u00e9t\u00e9 compromise.<\/li>\n<\/ul><\/div>\n<\/p><\/div>\n<div class=\"scat\">\n<div class=\"scat__intro\">\n<h2>Donn\u00e9es enregistr\u00e9es lors de l&rsquo;enregistrement d&rsquo;une r\u00e9servation<\/h2>\n<p class=\"text-justify\">Les donn\u00e9es requises pour enregistrer une r\u00e9servation par personne sont :<\/p>\n<ul>\n<li>Nom et pr\u00e9nom.<\/li>\n<li>Adresse e-mail.<\/li>\n<li>Num\u00e9ro de t\u00e9l\u00e9phone et WhatsApp.<\/li>\n<li>Num\u00e9ro de passeport.<\/li>\n<li>Num\u00e9ro de pi\u00e8ce d&rsquo;identit\u00e9.<\/li>\n<li>\u00c2ge.<\/li>\n<\/ul>\n<p class=\"text-justify\">D&rsquo;autre part, TheSacredValley.com ne n\u00e9cessite pas de compte ou d&rsquo;enregistrement pr\u00e9alable pour utiliser ou enregistrer une r\u00e9servation. L&rsquo;ensemble du processus de navigation, de r\u00e9servation et d&rsquo;autres services est enti\u00e8rement gratuit et accessible \u00e0 tous.<\/p>\n<\/p><\/div>\n<\/p><\/div>\n<div class=\"scat\">\n<div class=\"scat__intro\">\n<h2>Service client<\/h2>\n<p class=\"text-justify\">Nos services sont uniquement disponibles via la plateforme virtuelle <a href=\"https:\/\/thesacredvalley.com\/fr\/\">thesacredvalley.com<\/a>. Pour \u00e9tablir une communication efficace avec les utilisateurs et clients int\u00e9ress\u00e9s par des voyages dans la Vall\u00e9e Sacr\u00e9e des Incas, nous pouvons nous contacter par enregistrement, e-mail ou WhatsApp.<\/p>\n<ul class=\"text-justify\">\n<li><strong>Concernant l&rsquo;h\u00e9bergement ou l&rsquo;h\u00f4te de notre site web<\/strong><\/li>\n<\/ul>\n<ul class=\"text-justify\" style=\"list-style: none;\">\n<li>Notre site web, comme tous les autres, est h\u00e9berg\u00e9 dans des services de stockage. <strong>Dans ce cas, TheSacredValley.com enregistre ses donn\u00e9es sur Amazon Web Services (AWS).<\/strong><\/li>\n<li>Nous faisons confiance \u00e0 ce service pour son syst\u00e8me sophistiqu\u00e9, car, comme mentionn\u00e9 ci-dessus, il nous permet de conna\u00eetre les donn\u00e9es statistiques et les analyses fournies par AWS.<\/li>\n<li>De m\u00eame, AWS a ses propres r\u00e9gulations, qui sont soumises aux lois de confidentialit\u00e9.<\/li>\n<li><strong>En outre, TheSacredValley.com utilise d&rsquo;autres moyens de communication<\/strong> tels que WhatsApp (pour les r\u00e9ponses et questions imm\u00e9diates), e-mail et notre plateforme num\u00e9rique ou site web. Pour confirmer une r\u00e9servation, nous utilisons la plateforme Gmail.<\/li>\n<\/ul><\/div>\n<\/p><\/div>\n<div class=\"scat\">\n<div class=\"scat__intro\">\n<h2>Utilisation des cookies<\/h2>\n<p class=\"text-justify\">Nos services utilisent \u00e9galement des cookies pour enregistrer les actions des utilisateurs et obtenir des informations pr\u00e9cises sur ceux-ci. Les cookies fonctionnent comme de petits ajouts qui aident \u00e0 naviguer plus facilement sur notre site web. Ils servent \u00e9galement de moyen de protection pour nos ressources.<\/p>\n<\/p><\/div>\n<\/p><\/div>\n<\/p><\/div>\n<\/p><\/div>\n<\/div>\n","protected":false},"excerpt":{"rendered":"<p>Politiques de confidentialit\u00e9 de The Sacred Valley TheSacredValley.com est soucieux de la s\u00e9curit\u00e9 personnelle et de la confidentialit\u00e9 de tous ses clients. Dans ce document, nous d\u00e9taillerons comment les donn\u00e9es laiss\u00e9es par le client lors de la r\u00e9servation sont utilis\u00e9es. Les donn\u00e9es personnelles seront utilis\u00e9es uniquement \u00e0 des fins sp\u00e9cifiques que nous d\u00e9taillerons ci-dessous. Entit\u00e9 [&hellip;]<\/p>\n","protected":false},"author":1,"featured_media":0,"parent":0,"menu_order":0,"comment_status":"closed","ping_status":"closed","template":"","meta":{"footnotes":""},"class_list":["post-56","page","type-page","status-publish","hentry","wpautop"],"aioseo_notices":[],"_links":{"self":[{"href":"https:\/\/thesacredvalley.com\/fr\/wp-json\/wp\/v2\/pages\/56"}],"collection":[{"href":"https:\/\/thesacredvalley.com\/fr\/wp-json\/wp\/v2\/pages"}],"about":[{"href":"https:\/\/thesacredvalley.com\/fr\/wp-json\/wp\/v2\/types\/page"}],"author":[{"embeddable":true,"href":"https:\/\/thesacredvalley.com\/fr\/wp-json\/wp\/v2\/users\/1"}],"replies":[{"embeddable":true,"href":"https:\/\/thesacredvalley.com\/fr\/wp-json\/wp\/v2\/comments?post=56"}],"version-history":[{"count":2,"href":"https:\/\/thesacredvalley.com\/fr\/wp-json\/wp\/v2\/pages\/56\/revisions"}],"predecessor-version":[{"id":58,"href":"https:\/\/thesacredvalley.com\/fr\/wp-json\/wp\/v2\/pages\/56\/revisions\/58"}],"wp:attachment":[{"href":"https:\/\/thesacredvalley.com\/fr\/wp-json\/wp\/v2\/media?parent=56"}],"curies":[{"name":"wp","href":"https:\/\/api.w.org\/{rel}","templated":true}]}}