{"id":65,"date":"2026-01-30T17:30:04","date_gmt":"2026-01-30T17:30:04","guid":{"rendered":"https:\/\/thesacredvalley.com\/fr\/?page_id=65"},"modified":"2026-01-30T17:39:28","modified_gmt":"2026-01-30T17:39:28","slug":"contact","status":"publish","type":"page","link":"https:\/\/thesacredvalley.com\/fr\/contact\/","title":{"rendered":"Contact The Sacred Valley"},"content":{"rendered":"<div class=\"vs-content\">\n<div class=\"ts-prose vs-content__full\">\n<h1 class=\"text-center\">Contactez TheSacredValley.com<\/h1>\n<p class=\"text-justify\">TheSacredValley.com est une plateforme num\u00e9rique appartenant \u00e0 Machupicchu Terra. Elle est situ\u00e9e dans la ville de Cusco. C&rsquo;est une agence de voyages avec une licence d&rsquo;exploitation d\u00e9livr\u00e9e par le Minist\u00e8re de la Culture. De plus, elle fonctionne depuis plus de 10 ans.<\/p>\n<div class=\"listadvice\">\n<div class=\"scat\">\n<div class=\"scat__intro\">\n<h2>Chronologie de Machupicchu Terra<\/h2>\n<ul>\n<li>\u00c0 la fin de l&rsquo;ann\u00e9e 2013, Machupicchu Terra est officiellement fond\u00e9e.<\/li>\n<li>En 2014, le site web et la plateforme num\u00e9rique de Boleto Machu Picchu ont \u00e9t\u00e9 cr\u00e9\u00e9s.<\/li>\n<li>En 2015, elle a commenc\u00e9 \u00e0 fonctionner \u00e0 partir d&rsquo;un bureau central \u00e0 Cusco, P\u00e9rou.<\/li>\n<li>Dans le but d&rsquo;ajouter plus de services, en 2016, les itin\u00e9raires de randonn\u00e9e du Chemin de l&rsquo;Inca de 2 et 4 jours ont \u00e9t\u00e9 ajout\u00e9s. Ainsi que les itin\u00e9raires du Salkantay Trek, du Lares Trek et plus encore.<\/li>\n<li>Gr\u00e2ce \u00e0 divers \u00e9quipes de travail, elle a r\u00e9ussi \u00e0 se consolider et \u00e0 surmonter la pand\u00e9mie de COVID-19.<\/li>\n<li>Depuis 2021, de nouveaux sites web tels qu\u2019Imachupicchu ont \u00e9t\u00e9 cr\u00e9\u00e9s, d\u00e9di\u00e9s \u00e0 toutes les informations sur Machu Picchu, parmi d\u2019autres, permettant de proposer tous les services n\u00e9cessaires pour se rendre \u00e0 Machu Picchu.<\/li>\n<li><strong>En 2024, le site TheSacredValley.com a \u00e9t\u00e9 lanc\u00e9<\/strong>, exclusivement d\u00e9di\u00e9 aux diff\u00e9rentes exp\u00e9riences propos\u00e9es dans la magnifique Vall\u00e9e Sacr\u00e9e des Incas.<\/li>\n<li>En savoir plus sur Machupicchu Terra : <a href=\"https:\/\/www.machupicchuterra.com\/about-us\/\">\u00c0 propos de nous<\/a>.<\/li>\n<\/ul><\/div>\n<\/p><\/div>\n<\/p><\/div>\n<div class=\"listadvice\">\n<div class=\"scat\">\n<div class=\"scat__intro\">\n<h2>Contactez TheSacredValley.com<\/h2>\n<p class=\"text-justify\">Si vous \u00eates int\u00e9ress\u00e9 par les voyages dans la Vall\u00e9e Sacr\u00e9e des Incas \u00e0 Cusco, vous pouvez demander des informations et m\u00eame parler avec l&rsquo;un de nos conseillers. Les moyens de communication sont les suivants :<\/p>\n<p class=\"text-justify\">Pour nous contacter et parler avec nos conseillers en voyages :<\/p>\n<ul>\n<li>WhatsApp :\n<ul>\n<li>(+51) 932 222 271<\/li>\n<li>(+51) 994 349 441<\/li>\n<\/ul>\n<\/li>\n<li>Email :\n<ul>\n<li><a href=\"mailto:info@machupicchuterra.com\">info@machupicchuterra.com<\/a><\/li>\n<\/ul>\n<\/li>\n<\/ul>\n<p class=\"text-justify\">R\u00e9seaux sociaux de Machupicchu Terra :<\/p>\n<ul>\n<li>Facebook : <a href=\"https:\/\/www.facebook.com\/Machupicchuterraoficial\/\">Machupicchuterraoficial<\/a><\/li>\n<li>Instagram : <a href=\"https:\/\/www.instagram.com\/MACHUPICCHU_TERRA\/\">MACHUPICCHU_TERRA<\/a><\/li>\n<li>TikTok : <a href=\"https:\/\/www.tiktok.com\/@machupicchuterra\">@machupicchuterra<\/a><\/li>\n<li>YouTube : <a href=\"https:\/\/www.youtube.com\/@IMachupicchu\">@IMachupicchu<\/a><\/li>\n<\/ul><\/div>\n<\/p><\/div>\n<\/p><\/div>\n<div class=\"listadvice\">\n<div class=\"scat\">\n<div class=\"scat__intro\">\n<h2>Bureaux \u00e0 Cusco<\/h2>\n<p class=\"text-justify\">Calle Recoleta Angosta #208 Cusco \u2013 P\u00e9rou<\/p>\n<\/p><\/div>\n<\/p><\/div>\n<\/p><\/div>\n<div class=\"listadvice\">\n<div class=\"scat\">\n<div class=\"scat__intro\">\n<h2>Voyages personnalis\u00e9s par TheSacredValley.com<\/h2>\n<p class=\"text-justify\">Profitez de nos services personnalis\u00e9s \u00e0 Cusco, dans la Vall\u00e9e Sacr\u00e9e des Incas et \u00e9galement \u00e0 Machu Picchu, il vous suffit de nous contacter. Que ce soit par notre site web, WhatsApp ou email. Les deux moyens de communication permettront de nous faire part de vos dates de voyage, de vos plans, de vos questions et de vos demandes.<\/p>\n<p class=\"text-justify\">Chacune des exp\u00e9riences que vous choisirez \u00e0 Cusco et dans la Vall\u00e9e Sacr\u00e9e des Incas est une excellente option, car elles ont beaucoup \u00e0 offrir. Nous sommes s\u00fbrs qu&rsquo;avec nos conseils, vous trouverez la meilleure mani\u00e8re de passer des vacances id\u00e9ales.<\/p>\n<p class=\"text-justify\">Vous pouvez en savoir plus sur les services que nous offrons dans notre agence de voyages en vous rendant sur :<\/p>\n<ul>\n<li><strong>T\u00e9moignages de nos clients :<\/strong><\/li>\n<\/ul>\n<ul>\n<li>TripAdvisor : <a href=\"https:\/\/www.tripadvisor.fr\/Attraction_Review-g294314-d5929777-Reviews-Machupicchu_Terra-Cusco_Cusco_Region.html\">Avis Machupicchu Terra<\/a><\/li>\n<li>MachuPicchu Terra \u2013 <a href=\"https:\/\/thesacredvalley.com\/fr\/temoignages\/\">T\u00e9moignages<\/a><\/li>\n<li>Avis Google :<\/li>\n<\/ul><\/div>\n<\/p><\/div>\n<\/p><\/div>\n<div class=\"listadvice\">\n<div class=\"scat\">\n<div class=\"scat__intro\">\n<h2>\u00c0 propos de TheSacredValley.com<\/h2>\n<p class=\"text-justify\">Nous souhaitons montrer \u00e0 des milliers de visiteurs que nous travaillons constamment \u00e0 am\u00e9liorer et offrir de meilleurs services \u00e0 tous ceux qui souhaitent visiter la Vall\u00e9e Sacr\u00e9e des Incas. C&rsquo;est pourquoi nous partageons notre vision et notre mission.<\/p>\n<\/p><\/div>\n<\/p><\/div>\n<\/p><\/div>\n<div class=\"listadvice\">\n<div class=\"scat\">\n<div class=\"scat__intro\">\n<h2>Mission<\/h2>\n<p class=\"text-justify\">Offrir un site web stable, facile \u00e0 naviguer et avec toutes les informations concernant les voyages dans la Vall\u00e9e Sacr\u00e9e des Incas. <strong>Pour ce faire, nous nous engageons \u00e0 proposer une interface simple, s\u00e9curis\u00e9e et facilement accessible pour l&rsquo;achat de visites et de forfaits touristiques.<\/strong> De plus, nous offrons une vari\u00e9t\u00e9 de services en mettant toujours en avant notre engagement envers les milliers de touristes qui viennent dans notre r\u00e9gion. C&rsquo;est pourquoi nous continuerons \u00e0 g\u00e9n\u00e9rer des informations, des documents, des cartes et bien plus de contenu li\u00e9 aux voyages dans la Vall\u00e9e Sacr\u00e9e des Incas.<\/p>\n<\/p><\/div>\n<\/p><\/div>\n<\/p><\/div>\n<div class=\"listadvice\">\n<div class=\"scat\">\n<div class=\"scat__intro\">\n<h2>Vision<\/h2>\n<p class=\"text-justify\">\u00catre l&rsquo;une des meilleures plateformes permettant aux touristes, clients et utilisateurs en g\u00e9n\u00e9ral d&rsquo;acc\u00e9der facilement aux informations concernant les voyages dans la Vall\u00e9e Sacr\u00e9e. <strong>De plus, continuer \u00e0 am\u00e9liorer les exp\u00e9riences lors des parcours dans la Vall\u00e9e Sacr\u00e9e.<\/strong> Pour ce faire, nous chercherons \u00e0 am\u00e9liorer nos services, \u00e0 mettre \u00e0 jour les informations avec de nouvelles d\u00e9couvertes et \u00e9galement \u00e0 former continuellement nos \u00e9quipes de travail et nos collaborateurs en g\u00e9n\u00e9ral. En perfectionnant ainsi, chaque excursion en direction de la Vall\u00e9e Sacr\u00e9e des Incas.<\/p>\n<\/p><\/div>\n<\/p><\/div>\n<\/p><\/div>\n<div class=\"listadvice\">\n<div class=\"scat\">\n<div class=\"scat__intro\">\n<h2>Pourquoi voyager avec TheSacredValley.com ?<\/h2>\n<p class=\"text-justify\">Nous avons le soutien de l&rsquo;une des meilleures agences de tourisme de Cusco. De plus, nous disposons des autorisations n\u00e9cessaires pour vendre diff\u00e9rents services. Cette autorisation est certifi\u00e9e par le Minist\u00e8re de la Culture du P\u00e9rou et la Direction R\u00e9gionale de la Culture de Cusco.<\/p>\n<p class=\"text-justify\">Les prix que nous proposons sont plus que comp\u00e9titifs par rapport \u00e0 tous les services que nous offrons. <strong>Chez TheSacredValley.com, nous choisissons de proposer des exp\u00e9riences s\u00fbres et inoubliables.<\/strong> Nous souhaitons que chaque client ou utilisateur qui choisit de voyager avec nous passe un agr\u00e9able s\u00e9jour. C&rsquo;est pourquoi nous proposons des services complets pour garantir l&rsquo;int\u00e9grit\u00e9 des milliers de touristes qui nous contactent.<\/p>\n<p class=\"text-justify\">Pour garantir la confiance de nos clients, nous avons une agence \u00e0 Cusco. C&rsquo;est l\u00e0 que se trouvent toutes les \u00e9quipes responsables du bon fonctionnement de TheSacredValley.com. Toutes ces \u00e9quipes sont form\u00e9es dans divers domaines, notamment le tourisme, les langues, les technologies et d&rsquo;autres professionnels qui nous aident \u00e0 atteindre notre objectif.<\/p>\n<p class=\"text-justify\"><b>Quel est notre objectif ?<\/b> \u00catre une plateforme num\u00e9rique o\u00f9 les utilisateurs du monde entier peuvent trouver tous les services n\u00e9cessaires pour organiser leur voyage dans la Vall\u00e9e Sacr\u00e9e des Incas. De plus, continuer \u00e0 garantir la s\u00e9curit\u00e9 et l&rsquo;int\u00e9grit\u00e9 qui caract\u00e9risent notre site web. C&rsquo;est pourquoi nous proposons plusieurs m\u00e9thodes de paiement et des moyens de contact imm\u00e9diat.<\/p>\n<\/p><\/div>\n<\/p><\/div>\n<\/p><\/div>\n<div class=\"vs-tour-presup__content\">\n<div class=\"vs-tour-presup__disc ts-mask-top\">\n<div class=\"vs-tour-presup__left\">\n<h2 class=\"vs-tour-presup__til\">Commencez cette nouvelle aventure dans la Vall\u00e9e Sacr\u00e9e de Cusco<\/h2>\n<p class=\"text-justify\">En contactant TheSacredValley.com, un sp\u00e9cialiste du parcours de la Vall\u00e9e Sacr\u00e9e r\u00e9pondra \u00e0 toutes vos questions. Gr\u00e2ce \u00e0 nos itin\u00e9raires et \u00e0 notre \u00e9quipe, tels que les transports, les guides et d&rsquo;autres services, vous pourrez vivre l&rsquo;un des meilleurs voyages \u00e0 Cusco. N&rsquo;oubliez pas que vous pouvez personnaliser votre exp\u00e9rience.<\/p>\n<\/p><\/div>\n<p>                <a class=\"vs-tour-presup__link\" href=\"#\" target=\"_self\" rel=\"noopener\">JE VEUX R\u00c9SERVER MAINTENANT !<\/a>\n            <\/div>\n<\/p><\/div>\n<\/p><\/div>\n<\/div>\n","protected":false},"excerpt":{"rendered":"<p>Contactez TheSacredValley.com TheSacredValley.com est une plateforme num\u00e9rique appartenant \u00e0 Machupicchu Terra. Elle est situ\u00e9e dans la ville de Cusco. C&rsquo;est une agence de voyages avec une licence d&rsquo;exploitation d\u00e9livr\u00e9e par le Minist\u00e8re de la Culture. De plus, elle fonctionne depuis plus de 10 ans. Chronologie de Machupicchu Terra \u00c0 la fin de l&rsquo;ann\u00e9e 2013, Machupicchu [&hellip;]<\/p>\n","protected":false},"author":1,"featured_media":0,"parent":0,"menu_order":0,"comment_status":"closed","ping_status":"closed","template":"","meta":{"footnotes":""},"class_list":["post-65","page","type-page","status-publish","hentry","wpautop"],"aioseo_notices":[],"_links":{"self":[{"href":"https:\/\/thesacredvalley.com\/fr\/wp-json\/wp\/v2\/pages\/65"}],"collection":[{"href":"https:\/\/thesacredvalley.com\/fr\/wp-json\/wp\/v2\/pages"}],"about":[{"href":"https:\/\/thesacredvalley.com\/fr\/wp-json\/wp\/v2\/types\/page"}],"author":[{"embeddable":true,"href":"https:\/\/thesacredvalley.com\/fr\/wp-json\/wp\/v2\/users\/1"}],"replies":[{"embeddable":true,"href":"https:\/\/thesacredvalley.com\/fr\/wp-json\/wp\/v2\/comments?post=65"}],"version-history":[{"count":3,"href":"https:\/\/thesacredvalley.com\/fr\/wp-json\/wp\/v2\/pages\/65\/revisions"}],"predecessor-version":[{"id":70,"href":"https:\/\/thesacredvalley.com\/fr\/wp-json\/wp\/v2\/pages\/65\/revisions\/70"}],"wp:attachment":[{"href":"https:\/\/thesacredvalley.com\/fr\/wp-json\/wp\/v2\/media?parent=65"}],"curies":[{"name":"wp","href":"https:\/\/api.w.org\/{rel}","templated":true}]}}