{"id":68,"date":"2026-01-30T17:37:27","date_gmt":"2026-01-30T17:37:27","guid":{"rendered":"https:\/\/thesacredvalley.com\/fr\/?page_id=68"},"modified":"2026-01-30T17:38:20","modified_gmt":"2026-01-30T17:38:20","slug":"temoignages","status":"publish","type":"page","link":"https:\/\/thesacredvalley.com\/fr\/temoignages\/","title":{"rendered":"T\u00e9moignages &#8211; The Sacred Valley"},"content":{"rendered":"<div class=\"vs-content\">\n<div class=\"ts-prose vs-content__full\">\n<h1 class=\"text-center\">D\u00e9couvrez plus sur nos services gr\u00e2ce aux t\u00e9moignages<\/h1>\n<p>TheSacredValley.com cherche \u00e0 se consolider comme la meilleure agence de voyages pour le Vall\u00e9e Sacr\u00e9e et pour se connecter avec les voyages \u00e0 Machu Picchu. C&rsquo;est pourquoi nous montrons tous les t\u00e9moignages que nous avons pu collecter au fil des services r\u00e9alis\u00e9s. Vous pourrez \u00e9galement appr\u00e9cier les commentaires et \u00e9valuations que nous avons re\u00e7us sur TripAdvisor et Google. Enfin, d\u00e9couvrez notre galerie avec nos clients et voyageurs dans les principales destinations de la Vall\u00e9e Sacr\u00e9e et de Machu Picchu. Nous esp\u00e9rons qu&rsquo;il ne vous reste plus aucun doute et que vous voyagerez avec nous.<\/p>\n<div class=\"listadvice\">\n<div class=\"scat\">\n                <section class=\"entry p-2-0 mt-testimonials-box\" data-random=\"false\" data-categories=\"1,2,3\" data-type=\"all\" data-language='newer'>\n\t\t\t\t<div class=\"mtc-filters\">\n\t\t\t<div class=\"tags-filter servicios-filter\">\n\t\t\t\t\t\t\t\t\t<p class=\"mb-10\">\n\t\t\t\t\t\t<b>Choose a service to search in the comments<\/b>\n\t\t\t\t\t<\/p>\n\t\t\t\t\t<div class=\"mt_filter_for_category flex flex-wrap\">\n\t\t\t\t\t\t\t\t\t\t\t\t\t<label class=\"relative input-check btn tab mb-2 text-center\">\n\t\t\t\t\t\t\t\t<input class=\"opacity-0 absolute w-full h-full top-0 left-0\" type=\"checkbox\" name=\"mt_categories[]\" value=\"1\"\/>\n\t\t\t\t\t\t\t\t<i class=\"mkicon-vallesagrado brandquick-tileitem text-3xl\"><\/i>\n\t\t\t\t\t\t\t\t<div class=\"servicio-name\">Tour Valle Sagrado <\/div>\n\t\t\t\t\t\t\t<\/label>\n\t\t\t\t\t\t\t\t\t\t\t\t\t<label class=\"relative input-check btn tab mb-2 text-center\">\n\t\t\t\t\t\t\t\t<input class=\"opacity-0 absolute w-full h-full top-0 left-0\" type=\"checkbox\" name=\"mt_categories[]\" value=\"2\"\/>\n\t\t\t\t\t\t\t\t<i class=\"mkicon-moray brandquick-tileitem text-3xl\"><\/i>\n\t\t\t\t\t\t\t\t<div class=\"servicio-name\">Tour a Maras y Moray<\/div>\n\t\t\t\t\t\t\t<\/label>\n\t\t\t\t\t\t\t\t\t\t\t<\/div>\n\n\t\t\t\t\t\t\t<\/div>\n\t\t\t<hr\/>\n\t\t\t<div class=\"resultados block md:flex justify-between items-center\">\n\t\t\t\t<div class=\"numero-resultados mt-5\">\n\t\t\t\t\t<span class=\"mt_total card-tag card-tag text-2xl\">0<\/span>\n\t\t\t\t\t<span class=\"text-2xl font-bold text-primary-800\">Testimonials<\/span>\n\t\t\t\t<\/div>\n\t\t\t\t<div class=\"mt-5 order-filter\">\n\t\t\t\t\t<b>Order by:<\/b>\n\t\t\t\t\t<select class=\"select_language\" data-more=\"0\">\n\t\t\t\t\t\t<option value=\"oldest\">oldest<\/option>\n\t\t\t\t\t\t\t\t\t\t\t\t\t<option value=\"newer\">newer<\/option>\n\t\t\t\t\t\t\t<option value=\"random\" selected>Random<\/option>\n\t\t\t\t\t\t\t\t\t\t\t<\/select>\n\t\t\t\t<\/div>\n\t\t\t<\/div>\n\t\t<\/div>\n\t\t\t\t<div class=\"mtc-comentarios\">\n\t\t\t<div class=\"mt_testimonials_videos_list py-5 wrapper-4\" data-paginate=\"4\" data-initial=\"8\"><\/div>\n\t\t\t<div class=\"mt_pagination_videos mt-pagination justify-between items-center\"><\/div>\n\t\t<\/div>\n\n\t\t\t\t<div class=\"mtc-comentarios\">\n\t\t\t<div class=\"mt_testimonials_audios_list py-5 wrapper-4\" data-paginate=\"4\" data-initial=\"8\"><\/div>\n\t\t\t<div class=\"mt_pagination_audios mt-pagination justify-between items-center\"><\/div>\n\t\t<\/div>\n\n\t\t\t\t<div class=\"mtc-comentarios\">\n\t\t\t<div class=\"mt_testimonials_list\" data-paginate=\"20\" data-initial=\"50\"><\/div>\n\t\t\t<div class=\"mt_pagination_texts mt-pagination justify-between items-center\"><\/div>\n\t\t<\/div>\n\n\t\n\t\t<\/section>\n\n            <\/div>\n<\/p><\/div>\n<\/p><\/div>\n<\/div>\n","protected":false},"excerpt":{"rendered":"<p>D\u00e9couvrez plus sur nos services gr\u00e2ce aux t\u00e9moignages TheSacredValley.com cherche \u00e0 se consolider comme la meilleure agence de voyages pour le Vall\u00e9e Sacr\u00e9e et pour se connecter avec les voyages \u00e0 Machu Picchu. C&rsquo;est pourquoi nous montrons tous les t\u00e9moignages que nous avons pu collecter au fil des services r\u00e9alis\u00e9s. Vous pourrez \u00e9galement appr\u00e9cier les [&hellip;]<\/p>\n","protected":false},"author":1,"featured_media":0,"parent":0,"menu_order":0,"comment_status":"closed","ping_status":"closed","template":"","meta":{"footnotes":""},"class_list":["post-68","page","type-page","status-publish","hentry","wpautop"],"aioseo_notices":[],"_links":{"self":[{"href":"https:\/\/thesacredvalley.com\/fr\/wp-json\/wp\/v2\/pages\/68"}],"collection":[{"href":"https:\/\/thesacredvalley.com\/fr\/wp-json\/wp\/v2\/pages"}],"about":[{"href":"https:\/\/thesacredvalley.com\/fr\/wp-json\/wp\/v2\/types\/page"}],"author":[{"embeddable":true,"href":"https:\/\/thesacredvalley.com\/fr\/wp-json\/wp\/v2\/users\/1"}],"replies":[{"embeddable":true,"href":"https:\/\/thesacredvalley.com\/fr\/wp-json\/wp\/v2\/comments?post=68"}],"version-history":[{"count":1,"href":"https:\/\/thesacredvalley.com\/fr\/wp-json\/wp\/v2\/pages\/68\/revisions"}],"predecessor-version":[{"id":69,"href":"https:\/\/thesacredvalley.com\/fr\/wp-json\/wp\/v2\/pages\/68\/revisions\/69"}],"wp:attachment":[{"href":"https:\/\/thesacredvalley.com\/fr\/wp-json\/wp\/v2\/media?parent=68"}],"curies":[{"name":"wp","href":"https:\/\/api.w.org\/{rel}","templated":true}]}}