{"id":71,"date":"2026-01-30T17:42:19","date_gmt":"2026-01-30T17:42:19","guid":{"rendered":"https:\/\/thesacredvalley.com\/fr\/?page_id=71"},"modified":"2026-01-30T17:44:02","modified_gmt":"2026-01-30T17:44:02","slug":"experience-voyager","status":"publish","type":"page","link":"https:\/\/thesacredvalley.com\/fr\/experience-voyager\/","title":{"rendered":"L&rsquo;exp\u00e9rience de voyager avec THE SACRED VALLEY"},"content":{"rendered":"<div class=\"vs-breadcrumb\">\r\n    <ul id=\"breadcrumbs\">\r\n        <li><a href=\"\/fr\/\">Accueil<\/a><\/li>\r\n        <span class=\"breadcrumb-separator i-ion-chevron-right\"><\/span>\r\n        <li class=\"active\">L&rsquo;exp\u00e9rience de voyager avec THE SACRED VALLEY<\/li>\r\n    <\/ul>\r\n<\/div>\r\n<div class=\"vs-content-fil\">\r\n    <div class=\"mx-auto ts-prose\">\r\n        <h1>L&rsquo;exp\u00e9rience de voyager avec THESACREDVALLEY.COM<\/h1>\r\n        <p>Les voyages dans la Vall\u00e9e Sacr\u00e9e des Incas \u00e0 Cusco commencent par la d\u00e9cision de voyager. Notre \u00e9quipe de conseillers et d&rsquo;experts en voyages de thesacredvalley.com vous aidera \u00e0 am\u00e9liorer toutes les activit\u00e9s que vous souhaitez planifier. Cependant, il est souvent plus important de savoir : quelle est l&rsquo;exp\u00e9rience de voyager avec TheSacredValley.com ? Retrouvez ici toutes les informations, commentaires et bons v\u0153ux laiss\u00e9s par nos milliers de clients au cours de nos services.<\/p>\r\n        <h2>PLUS DE 2000 AVIS SUR GOOGLE ET TRIPADVISOR<\/h2>\r\n        <p>Nous sommes heureux de faire partie int\u00e9grante de l&rsquo;exp\u00e9rience de milliers de voyageurs ayant v\u00e9cu des moments inoubliables dans la Vall\u00e9e Sacr\u00e9e et ayant \u00e9galement visit\u00e9 Machu Picchu, une destination tr\u00e8s demand\u00e9e. Notre \u00e9quipe, faisant partie du groupe Machupicchu Terra, op\u00e9rant depuis plus de 10 ans vers ces deux routes et d&rsquo;autres destinations, continue \u00e0 offrir des services exclusifs pour garantir une excellente exp\u00e9rience de voyage \u00e0 Cusco, dans la Vall\u00e9e Sacr\u00e9e et \u00e0 Machu Picchu.<\/p>\r\n        <h3>NOUS VIENT DE RECEVOIR LE PRIX TRAVELLERS\u2019 CHOICE 2024 DE TRIPADVISOR<\/h3>\r\n        <p>Le groupe Machupicchu Terra, dont nous faisons partie, a de nouveau re\u00e7u cette prestigieuse distinction. Le prix \u201cTraveler\u2019s Choice TripAdvisor 2024\u201d place nos services parmi les 10 % des meilleurs \u00e9tablissements dans le secteur du tourisme. Cette reconnaissance pousse tout le groupe Machupicchu Terra et TheSacredValley.com \u00e0 continuer \u00e0 offrir les meilleurs services de voyage dans la Vall\u00e9e Sacr\u00e9e, Machu Picchu et Cusco. <strong>Merci \u00e0 tous les milliers de touristes qui ont fait confiance \u00e0 notre agence de voyages, c&rsquo;est gr\u00e2ce \u00e0 eux que nous pouvons aujourd&rsquo;hui partager cette reconnaissance.<\/strong> Nous esp\u00e9rons continuer \u00e0 cro\u00eetre avec la m\u00eame \u00e9nergie qui nous caract\u00e9rise au cours des ann\u00e9es \u00e0 venir et, pourquoi pas, offrir encore plus de qualit\u00e9 et de conseils aux voyageurs.<\/p>\r\n        <p>\r\n            <a href=\"https:\/\/www.tripadvisor.com.pe\/Attraction_Review-g294314-d5929777-Reviews-Machupicchu_Terra-Cusco_Cusco_Region.html\" rel=\"noopener\" target=\"_blank\">\r\n                <img loading=\"lazy\" alt=\"Reviws Machupicchu Terra\" class=\"alignnone wp-image-19365 size-medium\" decoding=\"async\" src=\"https:\/\/thesacredvalley.com\/wp-content\/uploads\/TC_white_winner_L_2024-1-300x300-1.gif\" height=\"300\" width=\"300\"\/>\r\n            <\/a>\r\n        <\/p>\r\n    <\/div>\r\n<\/div>\r\n<div class=\"vs-tour-grilla\">\r\n    <div class=\"vs-tour-grilla__content\">\r\n        <div class=\"mx-auto ts-prose\">\r\n            <h2>AVIS SUR TRIPADVISOR<\/h2>\r\n            <p>Cette plateforme en ligne importante permet aux utilisateurs de donner leur avis et de noter les \u00e9tablissements ou entreprises li\u00e9s au tourisme. Dans le cas du groupe Machupicchu Terra, nous avons plus de 900 avis. Nous vous invitons \u00e0 lire tous les commentaires pour en savoir plus sur nos services.<\/p>\r\n        <\/div>\r\n        <br>\r\n        <div class=\"vs-tour-grilla__sec mx-auto ts-prose\">\r\n            <article class=\"vs-tour-grilla__item\" style=\"padding: 20px;\">\r\n                <h4>Excellente exp\u00e9rience avec Machu Picchu Terra !<\/h4>\r\n                <b class=\"text-colori-fir\">Sara \/ 29 novembre<\/b>\r\n                <p class=\"mb-5 vs-explorar-grilla__p text-colori-fir\"><i>Irvin et Jahdiel m&rsquo;ont aid\u00e9e \u00e0 organiser mes vacances, c&rsquo;\u00e9tait vraiment exceptionnel. D\u00e8s le premier contact, l&rsquo;\u00e9quipe a \u00e9t\u00e9 tr\u00e8s attentive et toujours disponible pour r\u00e9pondre \u00e0 toutes mes questions ou ajuster les d\u00e9tails en fonction de mes besoins&#8230;<\/i><a href=\"https:\/\/www.tripadvisor.com.pe\/ShowUserReviews-g294314-d5929777-r982609818-Machupicchu_Terra-Cusco_Cusco_Region.html\" class=\"vs-enlace-absolute\"><\/a><\/p>\r\n            <\/article>\r\n            <article class=\"vs-tour-grilla__item\" style=\"padding: 20px;\">\r\n                <h4>Excellente exp\u00e9rience, \u00e7a vaut vraiment la peine<\/h4>\r\n                <b class=\"text-colori-fir\">Pamela \/ 10 novembre<\/b>\r\n                <p class=\"mb-5 vs-explorar-grilla__p text-colori-fir\"><i>Nous sommes all\u00e9s \u00e0 la montagne aux couleurs en ATV et c&rsquo;\u00e9tait fantastique. Super bien organis\u00e9, nous avons ador\u00e9 la balade. Ils nous ont aid\u00e9s \u00e0 profiter de l&rsquo;exp\u00e9rience et \u00e0 voir la montagne sous son meilleur angle. J&rsquo;ai \u00e9t\u00e9 guid\u00e9e par Jahdiel&#8230;<\/i><a href=\"https:\/\/www.tripadvisor.com.pe\/ShowUserReviews-g294314-d5929777-r981475516-Machupicchu_Terra-Cusco_Cusco_Region.html\" class=\"vs-enlace-absolute\"><\/a><\/p>\r\n            <\/article>\r\n            <article class=\"vs-tour-grilla__item\" style=\"padding: 20px;\">\r\n                <h4>Recommand\u00e9s<\/h4>\r\n                <b class=\"text-colori-fir\">Diana T \/ 3 novembre<\/b>\r\n                <p class=\"mb-5 vs-explorar-grilla__p text-colori-fir\"><i>Une des meilleures agences que j&rsquo;ai rencontr\u00e9es et certainement l&rsquo;une des meilleures exp\u00e9riences, au-del\u00e0 de la destination, l&rsquo;agence s&rsquo;est occup\u00e9e de chaque d\u00e9tail. Recommand\u00e9e \u00e0 1000 %&#8230;<\/i><a href=\"https:\/\/www.tripadvisor.com.pe\/ShowUserReviews-g294314-d5929777-r981022210-Machupicchu_Terra-Cusco_Cusco_Region.html\" class=\"vs-enlace-absolute\"><\/a><\/p>\r\n            <\/article>\r\n        <\/div>\r\n    <\/div>\r\n<\/div>\r\n<div class=\"vs-tour-grilla\">\r\n    <div class=\"vs-tour-grilla__content\">\r\n        <div class=\"mx-auto ts-prose\">\r\n            <h2>AVIS SUR GOOGLE<\/h2>\r\n            <p>D\u00e9couvrez davantage nos services sur Google, o\u00f9 vous pouvez consulter les avis et \u00e9valuations des personnes ayant utilis\u00e9 nos services pour leurs voyages \u00e0 Cusco, dans la Vall\u00e9e Sacr\u00e9e et \u00e0 Machu Picchu.<\/p>\r\n        <\/div>\r\n        <br>\r\n        <div class=\"vs-tour-grilla__sec mx-auto ts-prose\">\r\n            <article class=\"vs-tour-grilla__item\" style=\"padding: 20px;\">\r\n                <h4>C&rsquo;est incroyable !<\/h4>\r\n                <b class=\"text-colori-fir\">Maryliz \/ 15 septembre<\/b>\r\n                <p class=\"mb-5 vs-explorar-grilla__p text-colori-fir\"><i>Les randonn\u00e9es \u00e9taient g\u00e9niales. Pendant que je cherchais une agence pour passer mes vacances, on m&rsquo;a sugg\u00e9r\u00e9 celle-ci. Les randonn\u00e9es \u00e9taient incroyables et j&rsquo;ai \u00e9t\u00e9 accompagn\u00e9e par un excellent groupe et guide. David a \u00e9t\u00e9 notre guide et c&rsquo;\u00e9tait vraiment divertissant&#8230;<\/i><a href=\"https:\/\/g.co\/kgs\/qAj5wMh\" class=\"vs-enlace-absolute\"><\/a><\/p>\r\n            <\/article>\r\n            <article class=\"vs-tour-grilla__item\" style=\"padding: 20px;\">\r\n                <h4>Je vous assure que \u00e7a en vaut la peine !<\/h4>\r\n                <b class=\"text-colori-fir\">Michal \/ 29 mai<\/b>\r\n                <p class=\"mb-5 vs-explorar-grilla__p text-colori-fir\"><i>Nous avons fait une excursion incroyable \u00e0 la montagne de couleurs Vinicunca. Notre guide Juli\u00e1n \u00e9tait amusant et serviable. Nous avons demand\u00e9 une visite priv\u00e9e, donc nous avons eu tout le temps n\u00e9cessaire pour profiter du lieu sans pression&#8230;<\/i><a href=\"https:\/\/g.co\/kgs\/SxN6PS1\" class=\"vs-enlace-absolute\"><\/a><\/p>\r\n            <\/article>\r\n            <article class=\"vs-tour-grilla__item\" style=\"padding: 20px;\">\r\n                <h4>Machu Picchu Terra !<\/h4>\r\n                <b class=\"text-colori-fir\">Nicole \/ 15 mai<\/b>\r\n                <p class=\"mb-5 vs-explorar-grilla__p text-colori-fir\"><i>J&rsquo;ai fait le voyage avec Machu Picchu Terra en juillet et, dans l&rsquo;ensemble, c&rsquo;\u00e9tait bien. Je suppose que j&rsquo;ai eu une exp\u00e9rience diff\u00e9rente en tant que locutrice anglaise. Les billets ont \u00e9t\u00e9 remis \u00e0 l&rsquo;h\u00f4tel, mais tr\u00e8s tard et sans vraiment savoir grand-chose sur les transferts&#8230;<\/i><a href=\"https:\/\/g.co\/kgs\/J1ezuix\" class=\"vs-enlace-absolute\"><\/a><\/p>\r\n            <\/article>\r\n        <\/div>\r\n    <\/div>\r\n<\/div>\r\n\r\n<div class=\"vs-tour-grilla vs-content-fil\">\r\n    <div class=\"mx-auto ts-prose\">\r\n        <h2>T\u00c9MOIGNAGES DE NOS VOYAGES<\/h2>\r\n        <p>Certains des voyageurs ayant fait confiance \u00e0 nos services ont d\u00e9cid\u00e9 de laisser leurs commentaires en vid\u00e9o. Nous vous proposons des vid\u00e9os et t\u00e9moignages en quelques mots sur l&rsquo;exp\u00e9rience de visiter la Vall\u00e9e Sacr\u00e9e, Machu Picchu et Cusco. Nous disposons de plus de 300 t\u00e9moignages vid\u00e9o. <a href=\"https:\/\/thesacredvalley.com\/fr\/temoignages\/\" target=\"_blank\" rel=\"noopener\"><i>(Voir les t\u00e9moignages)<\/i><\/a><\/p>\r\n    <\/div>\r\n<\/div>\r\n<div class=\"vs-tour-grilla vs-content-fil\">\r\n    <div class=\"vs-tour-presup\">\r\n        <div class=\"vs-tour-presup__content\">\r\n            <div class=\"vs-tour-presup__disc ts-mask-top\">\r\n                <div class=\"vs-tour-presup__left\">\r\n                    <h2 class=\"vs-tour-presup__til\">Commencez cette nouvelle aventure dans la Vall\u00e9e Sacr\u00e9e de Cusco<\/h2>\r\n                    <p>En contactant TheSacredValley.com, un sp\u00e9cialiste de la route de la Vall\u00e9e Sacr\u00e9e r\u00e9pondra \u00e0 toutes vos questions. Gr\u00e2ce \u00e0 nos itin\u00e9raires et \u00e0 notre \u00e9quipe, comprenant le transport, les guides et d&rsquo;autres services, vous pourrez vivre l&rsquo;une des meilleures exp\u00e9riences de voyage \u00e0 Cusco. N&rsquo;oubliez pas que vous pouvez personnaliser votre exp\u00e9rience.<\/p>\r\n                <\/div>\r\n                <a class=\"vs-tour-presup__link\" href=\"https:\/\/thesacredvalley.com\/fr\/contactez-nous\/\" target=\"_self\" rel=\"noopener\">JE VEUX R\u00c9SERVER MAINTENANT !<\/a>\r\n            <\/div>\r\n        <\/div>\r\n    <\/div>\r\n<\/div>\r\n","protected":false},"excerpt":{"rendered":"Accueil L&rsquo;exp\u00e9rience de voyager avec THE SACRED VALLEY L&rsquo;exp\u00e9rience de voyager avec THESACREDVALLEY.COM Les voyages dans la Vall\u00e9e Sacr\u00e9e des Incas \u00e0 Cusco commencent par la d\u00e9cision de voyager. Notre \u00e9quipe de conseillers et d&rsquo;experts en voyages de thesacredvalley.com vous aidera \u00e0 am\u00e9liorer toutes les activit\u00e9s que vous souhaitez planifier. Cependant, il est souvent plus [&hellip;]","protected":false},"author":1,"featured_media":0,"parent":0,"menu_order":0,"comment_status":"closed","ping_status":"closed","template":"","meta":{"footnotes":""},"class_list":["post-71","page","type-page","status-publish","hentry","no-wpautop"],"aioseo_notices":[],"_links":{"self":[{"href":"https:\/\/thesacredvalley.com\/fr\/wp-json\/wp\/v2\/pages\/71"}],"collection":[{"href":"https:\/\/thesacredvalley.com\/fr\/wp-json\/wp\/v2\/pages"}],"about":[{"href":"https:\/\/thesacredvalley.com\/fr\/wp-json\/wp\/v2\/types\/page"}],"author":[{"embeddable":true,"href":"https:\/\/thesacredvalley.com\/fr\/wp-json\/wp\/v2\/users\/1"}],"replies":[{"embeddable":true,"href":"https:\/\/thesacredvalley.com\/fr\/wp-json\/wp\/v2\/comments?post=71"}],"version-history":[{"count":2,"href":"https:\/\/thesacredvalley.com\/fr\/wp-json\/wp\/v2\/pages\/71\/revisions"}],"predecessor-version":[{"id":73,"href":"https:\/\/thesacredvalley.com\/fr\/wp-json\/wp\/v2\/pages\/71\/revisions\/73"}],"wp:attachment":[{"href":"https:\/\/thesacredvalley.com\/fr\/wp-json\/wp\/v2\/media?parent=71"}],"curies":[{"name":"wp","href":"https:\/\/api.w.org\/{rel}","templated":true}]}}