{"id":74,"date":"2026-01-30T17:46:53","date_gmt":"2026-01-30T17:46:53","guid":{"rendered":"https:\/\/thesacredvalley.com\/fr\/?page_id=74"},"modified":"2026-01-30T17:46:53","modified_gmt":"2026-01-30T17:46:53","slug":"contactez-nous","status":"publish","type":"page","link":"https:\/\/thesacredvalley.com\/fr\/contactez-nous\/","title":{"rendered":"The Sacred Valley &#8211; Consultez, Demandez un devis et Contactez-nous"},"content":{"rendered":"<div class=\"vs-content\">\n<div class=\"ts-prose vs-content__full\">\n<h1 class=\"text-center\">Le Val Sacr\u00e9 Consulta, Demandez un devis et Contactez-nous<\/h1>\n<p class=\"text-justify\">Sur TheSacredValley.com, nous serons attentifs \u00e0 vos demandes concernant les circuits ou activit\u00e9s \u00e0 r\u00e9aliser dans la Vall\u00e9e Sacr\u00e9e des Incas. Nous vous fournirons \u00e9galement les prix, les services et tout ce qui est inclus dans nos circuits en fonction du nombre d&rsquo;accompagnateurs ou de voyageurs int\u00e9ress\u00e9s par nos services. La Vall\u00e9e Sacr\u00e9e est tr\u00e8s proche de Cusco, ce qui rend le voyage facile et agr\u00e9able. Vous pouvez demander un devis en indiquant le nom du circuit ou des destinations, la date approximative du voyage et le nombre de personnes. Si vous pr\u00e9f\u00e9rez un autre moyen de communication, vous pouvez \u00e9galement consulter notre blog et nos recommandations. De plus, nous pouvons nous contacter via WhatsApp aux num\u00e9ros (+51) 932 222 271, (+51) 994 349 441.<\/p>\n<p>\n    <\/div>\n<div class=\"mt-fmv-form-render fm-form-container\" id=\"fmv_data_id\"><form-container :data=\"render\" :loading=\"loading\" :current=\"current\" :submited=\"submited\" :settings=\"settings\" :nosolved=\"showCaptchaError\" :sending=\"sending\" :pre-upload=\"preUpload\" :show-preview-data=\"showPreviewData\" :show-submit-buttons=\"showSubmitButtons\" :fid=\"fid\" :preview-data-content=\"previewDataContent\" :change-register-section=\"changeRegisterSection\" :is-login=\"isLogin\" :payments=\"payments\" :translates=\"translates\" :type=\"type\" :message=\"message\"><\/form-container><\/div><\/div>\n","protected":false},"excerpt":{"rendered":"<p>Le Val Sacr\u00e9 Consulta, Demandez un devis et Contactez-nous Sur TheSacredValley.com, nous serons attentifs \u00e0 vos demandes concernant les circuits ou activit\u00e9s \u00e0 r\u00e9aliser dans la Vall\u00e9e Sacr\u00e9e des Incas. Nous vous fournirons \u00e9galement les prix, les services et tout ce qui est inclus dans nos circuits en fonction du nombre d&rsquo;accompagnateurs ou de voyageurs [&hellip;]<\/p>\n","protected":false},"author":1,"featured_media":0,"parent":0,"menu_order":0,"comment_status":"closed","ping_status":"closed","template":"","meta":{"footnotes":""},"class_list":["post-74","page","type-page","status-publish","hentry","wpautop"],"aioseo_notices":[],"_links":{"self":[{"href":"https:\/\/thesacredvalley.com\/fr\/wp-json\/wp\/v2\/pages\/74"}],"collection":[{"href":"https:\/\/thesacredvalley.com\/fr\/wp-json\/wp\/v2\/pages"}],"about":[{"href":"https:\/\/thesacredvalley.com\/fr\/wp-json\/wp\/v2\/types\/page"}],"author":[{"embeddable":true,"href":"https:\/\/thesacredvalley.com\/fr\/wp-json\/wp\/v2\/users\/1"}],"replies":[{"embeddable":true,"href":"https:\/\/thesacredvalley.com\/fr\/wp-json\/wp\/v2\/comments?post=74"}],"version-history":[{"count":1,"href":"https:\/\/thesacredvalley.com\/fr\/wp-json\/wp\/v2\/pages\/74\/revisions"}],"predecessor-version":[{"id":75,"href":"https:\/\/thesacredvalley.com\/fr\/wp-json\/wp\/v2\/pages\/74\/revisions\/75"}],"wp:attachment":[{"href":"https:\/\/thesacredvalley.com\/fr\/wp-json\/wp\/v2\/media?parent=74"}],"curies":[{"name":"wp","href":"https:\/\/api.w.org\/{rel}","templated":true}]}}