{"id":78,"date":"2026-01-30T17:57:45","date_gmt":"2026-01-30T17:57:45","guid":{"rendered":"https:\/\/thesacredvalley.com\/fr\/?page_id=78"},"modified":"2026-02-02T17:54:48","modified_gmt":"2026-02-02T17:54:48","slug":"tours","status":"publish","type":"page","link":"https:\/\/thesacredvalley.com\/fr\/tours\/","title":{"rendered":"Tours The Sacred Valley"},"content":{"rendered":"<div class=\"vs-content\">\n<div class=\"ts-prose vs-content__full\">\n<h1 class=\"text-center\">Visites de la Vall\u00e9e Sacr\u00e9e des Incas : Vivez l&rsquo;Histoire et la Nature<\/h1>\n<p class=\"text-justify\">Explorez avec nous la Vall\u00e9e Sacr\u00e9e des Incas, une destination pleine de merveilles arch\u00e9ologiques, de paysages \u00e9poustouflants et de traditions mill\u00e9naires. Nos circuits sont con\u00e7us pour vous offrir une exp\u00e9rience unique, en d\u00e9couvrant la richesse culturelle et naturelle qui fait de cet endroit un tr\u00e9sor vivant. Rejoignez-nous pour cette aventure inoubliable !<\/p>\n<div class=\"vs-list-container js-container-tour\"><input type=\"hidden\" value=\"1\" id=\"js-page-tour\" name=\"js-page-tour\"><input type=\"hidden\" value=\"8\" id=\"js-paginado\" name=\"js-paginado\"><div class=\"slick-3__gap js-content_tour\"><div class=\"imtlocalcard\"><div class=\"imtlocalcard__container\"><div class=\"imtlocalcard__imgcont\"><img decoding=\"async\" alt=\"\" src=\"https:\/\/thesacredvalley.com\/wp-content\/uploads\/camino-inca-banner.jpg\" width=\"384\" height=\"216\" class=\"imtlocalcard__img\" loading=\"lazy\"><div class=\"price_offer mask-from-price\">Precio <span>1,149 USD<\/span><\/div><\/div><\/div><div class=\"imtlocalcard__bottomcard\"><span class=\"imtlocalcard__title\">Tour Vall\u00e9e Sacr\u00e9e + Chemin de l&rsquo;Inca aventure 8 jours \u00e0 Cusco<\/span><div class=\"imtlocalcard__detail\">D\u00e9couvrez Sacsayhuam\u00e1n, Qenqo, P\u00edsac, Ollantaytambo, Intipata, Sayacmarca, Wi\u00f1ayhuayna et Machu Picchu. Depuis Cusco, par le Chemin de l'Inca en 4 jours.<\/div><\/div><a href=\"https:\/\/thesacredvalley.com\/fr\/tour-vallee-sacree-chemin-inca-8j\/\" class=\"localcard-link\">Tour Vall\u00e9e Sacr\u00e9e + Chemin de l&rsquo;Inca aventure 8 jours \u00e0 Cusco<\/a><\/div><div class=\"imtlocalcard\"><div class=\"imtlocalcard__container\"><div class=\"imtlocalcard__imgcont\"><img decoding=\"async\" alt=\"\" src=\"https:\/\/thesacredvalley.com\/wp-content\/uploads\/cuatrimoto-maras-moray-banner.jpg\" width=\"384\" height=\"216\" class=\"imtlocalcard__img\" loading=\"lazy\"><div class=\"price_offer mask-from-price\">Precio <span>70 USD<\/span><\/div><\/div><\/div><div class=\"imtlocalcard__bottomcard\"><span class=\"imtlocalcard__title\">Adventure en Quad \u00e0 Maras Moray \u00e0 Cusco<\/span><div class=\"imtlocalcard__detail\">Maras et Moray en quad dans la Vall\u00e9e Sacr\u00e9e. Le voyage commence \u00e0 Cusco et offre un parcours de 2 heures en quad. Toute l'aventure, les prix et plus ici.<\/div><\/div><a href=\"https:\/\/thesacredvalley.com\/fr\/tour-quad-maras-moray\/\" class=\"localcard-link\">Adventure en Quad \u00e0 Maras Moray \u00e0 Cusco<\/a><\/div><div class=\"imtlocalcard\"><div class=\"imtlocalcard__container\"><div class=\"imtlocalcard__imgcont\"><img decoding=\"async\" alt=\"\" src=\"https:\/\/thesacredvalley.com\/wp-content\/uploads\/turistas-salineras-maras-banner.jpg\" width=\"384\" height=\"216\" class=\"imtlocalcard__img\" loading=\"lazy\"><div class=\"price_offer mask-from-price\">Precio <span>64 USD<\/span><\/div><\/div><\/div><div class=\"imtlocalcard__bottomcard\"><span class=\"imtlocalcard__title\">Tour Maras et Moray dans la Vall\u00e9e Sacr\u00e9e de Cusco<\/span><div class=\"imtlocalcard__detail\">Maras et Moray vous attendent. Profitez de tout le confort lors de ce tour d'une journ\u00e9e. Voyagez \u00e0 bord de transports modernes et d\u00e9couvrez les meilleurs prix de la saison.<\/div><\/div><a href=\"https:\/\/thesacredvalley.com\/fr\/tour-maras-moray\/\" class=\"localcard-link\">Tour Maras et Moray dans la Vall\u00e9e Sacr\u00e9e de Cusco<\/a><\/div><div class=\"imtlocalcard\"><div class=\"imtlocalcard__container\"><div class=\"imtlocalcard__imgcont\"><img decoding=\"async\" alt=\"\" src=\"https:\/\/thesacredvalley.com\/wp-content\/uploads\/mirador-moray-banner.jpg\" width=\"384\" height=\"216\" class=\"imtlocalcard__img\" loading=\"lazy\"><div class=\"price_offer mask-from-price\">Precio <span>462 USD<\/span><\/div><\/div><\/div><div class=\"imtlocalcard__bottomcard\"><span class=\"imtlocalcard__title\">Tour Machu Picchu + Vall\u00e9e Sacr\u00e9e \u2013 aventure 2 jours<\/span><div class=\"imtlocalcard__detail\">D\u00e9couvrez la magie de Machu Picchu et de la Vall\u00e9e Sacr\u00e9e lors d'un tour de 2 jours. Explorez des paysages \u00e9poustouflants, plongez dans la culture inca et vivez une exp\u00e9rience...<\/div><\/div><a href=\"https:\/\/thesacredvalley.com\/fr\/tour-machu-picchu-vallee-sacree\/\" class=\"localcard-link\">Tour Machu Picchu + Vall\u00e9e Sacr\u00e9e \u2013 aventure 2 jours<\/a><\/div><div class=\"imtlocalcard\"><div class=\"imtlocalcard__container\"><div class=\"imtlocalcard__imgcont\"><img decoding=\"async\" alt=\"\" src=\"https:\/\/thesacredvalley.com\/wp-content\/uploads\/turistas-winaywayna-camino-inca-banner.jpg\" width=\"384\" height=\"216\" class=\"imtlocalcard__img\" loading=\"lazy\"><div class=\"price_offer mask-from-price\">Precio <span>940 USD<\/span><\/div><\/div><\/div><div class=\"imtlocalcard__bottomcard\"><span class=\"imtlocalcard__title\">Tour de la ville, Vall\u00e9e Sacr\u00e9e + Court Chemin de l&rsquo;Inca, aventure de 5 jours<\/span><div class=\"imtlocalcard__detail\">D\u00e9couvrez Machu Picchu, la Vall\u00e9e Sacr\u00e9e des Incas et explorez Cusco, Sacsayhuam\u00e1n et le Coricancha avec h\u00f4tels, billets d'entr\u00e9e et guide touristique.<\/div><\/div><a href=\"https:\/\/thesacredvalley.com\/fr\/tour-vallee-sacree-court-chemin-inca\/\" class=\"localcard-link\">Tour de la ville, Vall\u00e9e Sacr\u00e9e + Court Chemin de l&rsquo;Inca, aventure de 5 jours<\/a><\/div><div class=\"imtlocalcard\"><div class=\"imtlocalcard__container\"><div class=\"imtlocalcard__imgcont\"><img decoding=\"async\" alt=\"\" src=\"https:\/\/thesacredvalley.com\/wp-content\/uploads\/andenes-circulares-moray-banner.jpg\" width=\"384\" height=\"216\" class=\"imtlocalcard__img\" loading=\"lazy\"><div class=\"price_offer mask-from-price\">Precio <span>78 USD<\/span><\/div><\/div><\/div><div class=\"imtlocalcard__bottomcard\"><span class=\"imtlocalcard__title\">Tour d&rsquo;une journ\u00e9e dans la Vall\u00e9e Sacr\u00e9e compl\u00e8te + Maras et Moray \u00e0 Cusco<\/span><div class=\"imtlocalcard__detail\">Vall\u00e9e Sacr\u00e9e compl\u00e8te en une seule journ\u00e9e et avec tous les services pour vivre une exp\u00e9rience inoubliable. R\u00e9servez et obtenez le transport, un guide touristique et tout le...<\/div><\/div><a href=\"https:\/\/thesacredvalley.com\/fr\/tour-vallee-sacree-maras-moray\/\" class=\"localcard-link\">Tour d&rsquo;une journ\u00e9e dans la Vall\u00e9e Sacr\u00e9e compl\u00e8te + Maras et Moray \u00e0 Cusco<\/a><\/div><div class=\"imtlocalcard\"><div class=\"imtlocalcard__container\"><div class=\"imtlocalcard__imgcont\"><img decoding=\"async\" alt=\"\" src=\"https:\/\/thesacredvalley.com\/wp-content\/uploads\/mirador-moray-banner.jpg\" width=\"384\" height=\"216\" class=\"imtlocalcard__img\" loading=\"lazy\"><div class=\"price_offer mask-from-price\">Precio <span>707 USD<\/span><\/div><\/div><\/div><div class=\"imtlocalcard__bottomcard\"><span class=\"imtlocalcard__title\">Tour Vall\u00e9e Sacr\u00e9e + Machu Picchu et Cusco Inoubliable 4 Jours<\/span><div class=\"imtlocalcard__detail\">D\u00e9couvrez Machu Picchu, la Vall\u00e9e Sacr\u00e9e des Incas et explorez Cusco, Sacsayhuam\u00e1n et le Coricancha avec h\u00f4tels, billets d'entr\u00e9e et guide touristique.<\/div><\/div><a href=\"https:\/\/thesacredvalley.com\/fr\/tour-vallee-sacree-machu-picchu-cusco\/\" class=\"localcard-link\">Tour Vall\u00e9e Sacr\u00e9e + Machu Picchu et Cusco Inoubliable 4 Jours<\/a><\/div><div class=\"imtlocalcard\"><div class=\"imtlocalcard__container\"><div class=\"imtlocalcard__imgcont\"><img decoding=\"async\" alt=\"\" src=\"https:\/\/thesacredvalley.com\/wp-content\/uploads\/valle-sagrado-ts.jpg\" width=\"384\" height=\"216\" class=\"imtlocalcard__img\" loading=\"lazy\"><div class=\"price_offer mask-from-price\">Precio <span>68 USD<\/span><\/div><\/div><\/div><div class=\"imtlocalcard__bottomcard\"><span class=\"imtlocalcard__title\">Tour de la Vall\u00e9e Sacr\u00e9e des Incas \u00e0 Cusco &#8211; Itin\u00e9raire Classique<\/span><div class=\"imtlocalcard__detail\">D\u00e9couvrez la Vall\u00e9e Sacr\u00e9e \u00e0 Cusco en seulement 1 jour. Ce tour vous emm\u00e8ne \u00e0 P\u00edsac, Ollantaytambo et Chinchero. Profitez de nos offres et plus encore sur l'empire des...<\/div><\/div><a href=\"https:\/\/thesacredvalley.com\/fr\/tour-vallee-sacree-incas\/\" class=\"localcard-link\">Tour de la Vall\u00e9e Sacr\u00e9e des Incas \u00e0 Cusco &#8211; Itin\u00e9raire Classique<\/a><\/div><\/div><\/div><\/div>\n<\/div>\n","protected":false},"excerpt":{"rendered":"<p>Visites de la Vall\u00e9e Sacr\u00e9e des Incas : Vivez l&rsquo;Histoire et la Nature Explorez avec nous la Vall\u00e9e Sacr\u00e9e des Incas, une destination pleine de merveilles arch\u00e9ologiques, de paysages \u00e9poustouflants et de traditions mill\u00e9naires. Nos circuits sont con\u00e7us pour vous offrir une exp\u00e9rience unique, en d\u00e9couvrant la richesse culturelle et naturelle qui fait de cet [&hellip;]<\/p>\n","protected":false},"author":1,"featured_media":0,"parent":0,"menu_order":0,"comment_status":"closed","ping_status":"closed","template":"","meta":{"footnotes":""},"class_list":["post-78","page","type-page","status-publish","hentry","wpautop"],"aioseo_notices":[],"_links":{"self":[{"href":"https:\/\/thesacredvalley.com\/fr\/wp-json\/wp\/v2\/pages\/78"}],"collection":[{"href":"https:\/\/thesacredvalley.com\/fr\/wp-json\/wp\/v2\/pages"}],"about":[{"href":"https:\/\/thesacredvalley.com\/fr\/wp-json\/wp\/v2\/types\/page"}],"author":[{"embeddable":true,"href":"https:\/\/thesacredvalley.com\/fr\/wp-json\/wp\/v2\/users\/1"}],"replies":[{"embeddable":true,"href":"https:\/\/thesacredvalley.com\/fr\/wp-json\/wp\/v2\/comments?post=78"}],"version-history":[{"count":2,"href":"https:\/\/thesacredvalley.com\/fr\/wp-json\/wp\/v2\/pages\/78\/revisions"}],"predecessor-version":[{"id":145,"href":"https:\/\/thesacredvalley.com\/fr\/wp-json\/wp\/v2\/pages\/78\/revisions\/145"}],"wp:attachment":[{"href":"https:\/\/thesacredvalley.com\/fr\/wp-json\/wp\/v2\/media?parent=78"}],"curies":[{"name":"wp","href":"https:\/\/api.w.org\/{rel}","templated":true}]}}