{"id":93,"date":"2026-01-31T16:12:19","date_gmt":"2026-01-31T16:12:19","guid":{"rendered":"https:\/\/thesacredvalley.com\/fr\/?page_id=93"},"modified":"2026-01-31T16:12:19","modified_gmt":"2026-01-31T16:12:19","slug":"reservation-tour-vallee-sacree","status":"publish","type":"page","link":"https:\/\/thesacredvalley.com\/fr\/reservation-tour-vallee-sacree\/","title":{"rendered":"R\u00e9server un tour Vall\u00e9e Sacr\u00e9e."},"content":{"rendered":"<div class=\"vs-content\">\r\n    <div class=\"vs-content__full\">\r\n        <div class=\"tta-booking-container\">\r\n            <h1 class=\"tta-booking-title\">R\u00e9server un tour dans la Vall\u00e9e Sacr\u00e9e, toute la journ\u00e9e<\/h1>\r\n        <!--     [ttapp id=\"valle_sagrado\" ] -->\r\n        <\/div>        \r\n        <div class=\"mt-fmv-form-render fm-form-container\" id=\"fmv_data_id\"><form-container :data=\"render\" :loading=\"loading\" :current=\"current\" :submited=\"submited\" :settings=\"settings\" :nosolved=\"showCaptchaError\" :sending=\"sending\" :pre-upload=\"preUpload\" :show-preview-data=\"showPreviewData\" :show-submit-buttons=\"showSubmitButtons\" :fid=\"fid\" :preview-data-content=\"previewDataContent\" :change-register-section=\"changeRegisterSection\" :is-login=\"isLogin\" :payments=\"payments\" :translates=\"translates\" :type=\"type\" :message=\"message\"><\/form-container><\/div>        \r\n    <\/div>\r\n<\/div>\r\n","protected":false},"excerpt":{"rendered":"R\u00e9server un tour dans la Vall\u00e9e Sacr\u00e9e, toute la journ\u00e9e","protected":false},"author":1,"featured_media":0,"parent":0,"menu_order":0,"comment_status":"closed","ping_status":"closed","template":"","meta":{"footnotes":""},"class_list":["post-93","page","type-page","status-publish","hentry","no-wpautop"],"aioseo_notices":[],"_links":{"self":[{"href":"https:\/\/thesacredvalley.com\/fr\/wp-json\/wp\/v2\/pages\/93"}],"collection":[{"href":"https:\/\/thesacredvalley.com\/fr\/wp-json\/wp\/v2\/pages"}],"about":[{"href":"https:\/\/thesacredvalley.com\/fr\/wp-json\/wp\/v2\/types\/page"}],"author":[{"embeddable":true,"href":"https:\/\/thesacredvalley.com\/fr\/wp-json\/wp\/v2\/users\/1"}],"replies":[{"embeddable":true,"href":"https:\/\/thesacredvalley.com\/fr\/wp-json\/wp\/v2\/comments?post=93"}],"version-history":[{"count":1,"href":"https:\/\/thesacredvalley.com\/fr\/wp-json\/wp\/v2\/pages\/93\/revisions"}],"predecessor-version":[{"id":94,"href":"https:\/\/thesacredvalley.com\/fr\/wp-json\/wp\/v2\/pages\/93\/revisions\/94"}],"wp:attachment":[{"href":"https:\/\/thesacredvalley.com\/fr\/wp-json\/wp\/v2\/media?parent=93"}],"curies":[{"name":"wp","href":"https:\/\/api.w.org\/{rel}","templated":true}]}}